{"id":11368,"date":"2024-05-15T20:53:29","date_gmt":"2024-05-15T18:53:29","guid":{"rendered":"http:\/\/originhobbies.com\/shop\/uncategorized\/oshm7031-omp-m7-swashplate-guide\/"},"modified":"2026-04-28T15:53:13","modified_gmt":"2026-04-28T13:53:13","slug":"oshm7031-omp-m7-swashplate-guide","status":"publish","type":"product","link":"https:\/\/originhobbies.com\/fi\/shop\/helicopter-parts\/omphobby-spare-parts\/omphobby-m7-spare-parts\/oshm7031-omp-m7-swashplate-guide\/","title":{"rendered":"OSHM7031 OMP M7 Swashplate Guide"},"content":{"rendered":"<p>Swashplate Guide for OMPHobby M7 Helicopter, OSHM7031<\/p>\n<h4>Sis\u00e4lt\u00e4\u00e4<\/h4>\n<p>Swashplate Guide (\u00d71) (7-039J)<br \/>\nHex Screw M3x12 (\u00d72) (7-129)<\/p>","protected":false},"excerpt":{"rendered":"<p>Swashplate Guide for OMPHobby M7 Helicopter, OSHM7031 Includes Swashplate Guide (\u00d71) (7-039J) Hex Screw M3x12 (\u00d72) (7-129)<\/p>","protected":false},"featured_media":11367,"comment_status":"open","ping_status":"closed","template":"","meta":{"_eb_attr":""},"product_brand":[],"product_cat":[278,416],"product_tag":[],"class_list":["post-11368","product","type-product","status-publish","has-post-thumbnail","product_cat-omphobby-m7-spare-parts","product_cat-omphobby-m7r-spare-parts","first","instock","taxable","shipping-taxable","purchasable","product-type-simple"],"jetpack_sharing_enabled":true,"_links":{"self":[{"href":"https:\/\/originhobbies.com\/fi\/wp-json\/wp\/v2\/product\/11368","targetHints":{"allow":["GET"]}}],"collection":[{"href":"https:\/\/originhobbies.com\/fi\/wp-json\/wp\/v2\/product"}],"about":[{"href":"https:\/\/originhobbies.com\/fi\/wp-json\/wp\/v2\/types\/product"}],"replies":[{"embeddable":true,"href":"https:\/\/originhobbies.com\/fi\/wp-json\/wp\/v2\/comments?post=11368"}],"wp:featuredmedia":[{"embeddable":true,"href":"https:\/\/originhobbies.com\/fi\/wp-json\/wp\/v2\/media\/11367"}],"wp:attachment":[{"href":"https:\/\/originhobbies.com\/fi\/wp-json\/wp\/v2\/media?parent=11368"}],"wp:term":[{"taxonomy":"product_brand","embeddable":true,"href":"https:\/\/originhobbies.com\/fi\/wp-json\/wp\/v2\/product_brand?post=11368"},{"taxonomy":"product_cat","embeddable":true,"href":"https:\/\/originhobbies.com\/fi\/wp-json\/wp\/v2\/product_cat?post=11368"},{"taxonomy":"product_tag","embeddable":true,"href":"https:\/\/originhobbies.com\/fi\/wp-json\/wp\/v2\/product_tag?post=11368"}],"curies":[{"name":"wp","href":"https:\/\/api.w.org\/{rel}","templated":true}]}}