{"id":11326,"date":"2024-05-15T20:53:21","date_gmt":"2024-05-15T18:53:21","guid":{"rendered":"http:\/\/originhobbies.com\/shop\/uncategorized\/oshm7010-omp-m7-r-lower-side-frame-with-battery-rail\/"},"modified":"2026-04-28T15:53:13","modified_gmt":"2026-04-28T13:53:13","slug":"oshm7010-omp-m7-r-lower-side-frame-with-battery-rail","status":"publish","type":"product","link":"https:\/\/originhobbies.com\/fi\/shop\/helicopter-parts\/omphobby-spare-parts\/omphobby-m7-spare-parts\/oshm7010-omp-m7-r-lower-side-frame-with-battery-rail\/","title":{"rendered":"OSHM7010 OMP M7 R &#8211; Lower Side Frame (With Battery Rail)"},"content":{"rendered":"<p>R &#8211; Lower Side Frame (With Battery Rail) for OMPHobby M7 Helicopter, OSHM7010<\/p>\n<h4>Sis\u00e4lt\u00e4\u00e4<\/h4>\n<p>R-Lower Side Frame (With Battery Rail) (\u00d71) (7-001)<\/p>","protected":false},"excerpt":{"rendered":"<p>R &#8211; Lower Side Frame (With Battery Rail) for OMPHobby M7 Helicopter, OSHM7010 Includes R-Lower Side Frame (With Battery Rail) (\u00d71) (7-001)<\/p>","protected":false},"featured_media":11325,"comment_status":"open","ping_status":"closed","template":"","meta":{"_eb_attr":""},"product_brand":[],"product_cat":[278],"product_tag":[],"class_list":["post-11326","product","type-product","status-publish","has-post-thumbnail","product_cat-omphobby-m7-spare-parts","first","instock","taxable","shipping-taxable","purchasable","product-type-simple"],"jetpack_sharing_enabled":true,"_links":{"self":[{"href":"https:\/\/originhobbies.com\/fi\/wp-json\/wp\/v2\/product\/11326","targetHints":{"allow":["GET"]}}],"collection":[{"href":"https:\/\/originhobbies.com\/fi\/wp-json\/wp\/v2\/product"}],"about":[{"href":"https:\/\/originhobbies.com\/fi\/wp-json\/wp\/v2\/types\/product"}],"replies":[{"embeddable":true,"href":"https:\/\/originhobbies.com\/fi\/wp-json\/wp\/v2\/comments?post=11326"}],"wp:featuredmedia":[{"embeddable":true,"href":"https:\/\/originhobbies.com\/fi\/wp-json\/wp\/v2\/media\/11325"}],"wp:attachment":[{"href":"https:\/\/originhobbies.com\/fi\/wp-json\/wp\/v2\/media?parent=11326"}],"wp:term":[{"taxonomy":"product_brand","embeddable":true,"href":"https:\/\/originhobbies.com\/fi\/wp-json\/wp\/v2\/product_brand?post=11326"},{"taxonomy":"product_cat","embeddable":true,"href":"https:\/\/originhobbies.com\/fi\/wp-json\/wp\/v2\/product_cat?post=11326"},{"taxonomy":"product_tag","embeddable":true,"href":"https:\/\/originhobbies.com\/fi\/wp-json\/wp\/v2\/product_tag?post=11326"}],"curies":[{"name":"wp","href":"https:\/\/api.w.org\/{rel}","templated":true}]}}