{"id":11308,"date":"2024-05-15T20:53:17","date_gmt":"2024-05-15T18:53:17","guid":{"rendered":"http:\/\/originhobbies.com\/shop\/uncategorized\/oshm7001-omp-m7-canopy-sunset-orange\/"},"modified":"2026-04-06T01:05:49","modified_gmt":"2026-04-05T23:05:49","slug":"oshm7001-omp-m7-canopy-sunset-orange","status":"publish","type":"product","link":"https:\/\/originhobbies.com\/fi\/shop\/helicopter-parts\/omphobby-spare-parts\/omphobby-m7-spare-parts\/oshm7001-omp-m7-canopy-sunset-orange\/","title":{"rendered":"OSHM7001 OMP M7 Canopy Sunset Orange"},"content":{"rendered":"<p>Canopy Sunset Orange for OMPHobby M7 Helicopter, OSHM7001<\/p>\n<h4>Sis\u00e4lt\u00e4\u00e4<\/h4>\n<p>Canopy (\u00d71) (7-202O)<br \/>\nCanopy Latch (\u00d72) (7-043)<\/p>","protected":false},"excerpt":{"rendered":"<p>Canopy Sunset Orange for OMPHobby M7 Helicopter, OSHM7001 Includes Canopy (\u00d71) (7-202O) Canopy Latch (\u00d72) (7-043)<\/p>","protected":false},"featured_media":12478,"comment_status":"open","ping_status":"closed","template":"","meta":{"_eb_attr":""},"product_brand":[],"product_cat":[278],"product_tag":[],"class_list":{"0":"post-11308","1":"product","2":"type-product","3":"status-publish","4":"has-post-thumbnail","6":"product_cat-omphobby-m7-spare-parts","8":"first","9":"outofstock","10":"taxable","11":"shipping-taxable","12":"purchasable","13":"product-type-simple"},"jetpack_sharing_enabled":true,"_links":{"self":[{"href":"https:\/\/originhobbies.com\/fi\/wp-json\/wp\/v2\/product\/11308","targetHints":{"allow":["GET"]}}],"collection":[{"href":"https:\/\/originhobbies.com\/fi\/wp-json\/wp\/v2\/product"}],"about":[{"href":"https:\/\/originhobbies.com\/fi\/wp-json\/wp\/v2\/types\/product"}],"replies":[{"embeddable":true,"href":"https:\/\/originhobbies.com\/fi\/wp-json\/wp\/v2\/comments?post=11308"}],"wp:featuredmedia":[{"embeddable":true,"href":"https:\/\/originhobbies.com\/fi\/wp-json\/wp\/v2\/media\/12478"}],"wp:attachment":[{"href":"https:\/\/originhobbies.com\/fi\/wp-json\/wp\/v2\/media?parent=11308"}],"wp:term":[{"taxonomy":"product_brand","embeddable":true,"href":"https:\/\/originhobbies.com\/fi\/wp-json\/wp\/v2\/product_brand?post=11308"},{"taxonomy":"product_cat","embeddable":true,"href":"https:\/\/originhobbies.com\/fi\/wp-json\/wp\/v2\/product_cat?post=11308"},{"taxonomy":"product_tag","embeddable":true,"href":"https:\/\/originhobbies.com\/fi\/wp-json\/wp\/v2\/product_tag?post=11308"}],"curies":[{"name":"wp","href":"https:\/\/api.w.org\/{rel}","templated":true}]}}