{"id":1089,"date":"2021-08-22T18:00:57","date_gmt":"2021-08-22T16:00:57","guid":{"rendered":"http:\/\/originhobbies.com\/?post_type=product&#038;p=1089"},"modified":"2026-04-06T01:06:57","modified_gmt":"2026-04-05T23:06:57","slug":"kst-ds215mg-v3-x3-swash-servo-bundle","status":"publish","type":"product","link":"https:\/\/originhobbies.com\/fi\/shop\/radio-control\/servos\/kst-ds215mg-v3-x3-swash-servo-bundle\/","title":{"rendered":"KST DS215MG V8 3PCS Swash Servo Bundle"},"content":{"rendered":"<p>KST DS215MG V8 Micro Digital Metal Gear Servo, is ideal for Cyclic and Tail use. Looking for speed in a micro package? The KST DS215MG is lightning fast, high voltage compatible and comes in a beautiful aluminum case. Power comes via a coreless motor, running on silky smooth bearings with all metal gears. For the ultimate in speed and accuracy, turn to the DS215MG for your demanding needs.<\/p>\n<h4>Yhteensopivat helikopterit<\/h4>\n<p>Swash and tail servo for: OMPHobby M4, Oxy 3, Oxy 4, MSH PROTOS 380 , Goblin 280, Goblin 380, Goblin 420, Align TREX 450, T-REX 470, Gaui X3<\/p>\n<h4>V8.0<\/h4>\n<p>Updated maximum supported voltage to 8.4V with higher torque than previous version.<\/p>\n<h4>V3.0<\/h4>\n<p>Ajan my\u00f6t\u00e4 KST on tehnyt lis\u00e4kehityst\u00e4 215 -servon hammaspy\u00f6r\u00e4vaihteessa ja vaihtanut k\u00e4ytettyjen servovaihteiden materiaaliksi ruostumattoman ter\u00e4ksen alumiinista. T\u00e4m\u00e4 tarkoittaa, ett\u00e4 metallivaihteisto on paljon kest\u00e4v\u00e4mpi kuin aiemmat versiot, mik\u00e4 parantaa kest\u00e4vyytt\u00e4 huomattavasti.<\/p>\n<h4>Ominaisuudet:<\/h4>\n<ul>\n<li>Mikrokokoinen alumiinikotelo<\/li>\n<li>T\u00e4ysmetalliset hammaspy\u00f6r\u00e4t<\/li>\n<li>Kaksi Ball Bearinga<\/li>\n<li>HV -yhteensopiva<\/li>\n<li>Salamannopea<\/li>\n<li>Ydimet\u00f6n moottori<\/li>\n<\/ul>\n<h4>Tekniset tiedot:<\/h4>\n<p><strong>K\u00e4ytt\u00f6j\u00e4nnite: <\/strong>6-8,4V<br \/>\n<strong>Koko: <\/strong>Koko 23 x 12 x 27,5 mm<br \/>\n<strong>V\u00e4\u00e4nt\u00f6momentti:<\/strong> 3.10kg.cm @ 6.0V; 3.70kg.cm @ 7.4V; 4.0Kg.cm @ 8.4V<br \/>\n<strong>Nopeus:<\/strong> 0.06sec\/60\u00b0 @ 6.0V; 0.055sec\/60\u00b0 @ 7.4V; 0.05sec\/60\u00b0 @ 8.4V<br \/>\n<strong>Paino: <\/strong>20 g<br \/>\n<strong>Ty\u00f6skentelytaajuus:<\/strong> 1520us\/333Hz, 800us - 2200us<br \/>\n<strong>Moottori: <\/strong>Ydimet\u00f6n<br \/>\n<strong>Ball Bearing:<\/strong> 2BB<br \/>\n<strong>Servo spline:<\/strong> 25T<\/p>\n<h4>Tuotesivu:<\/h4>\n<p><a href=\"https:\/\/originhobbies.com\/wp-content\/uploads\/2023\/09\/KST_0821_DS215MG_V8_Datasheet_02_2023_en.pdf\">Lataa tietolomake.<\/a><\/p>","protected":false},"excerpt":{"rendered":"<p>KST DS215MG V8 Micro Digital Metal Gear Servo, is ideal for Cyclic and Tail use. Looking for speed in a micro package? The KST DS215MG is lightning fast, high voltage compatible and comes in a beautiful aluminum case. Power comes via a coreless motor, running on silky smooth bearings with all metal gears. For the [&hellip;]<\/p>\n","protected":false},"featured_media":8683,"comment_status":"open","ping_status":"closed","template":"","meta":{"_eb_attr":""},"product_brand":[],"product_cat":[66],"product_tag":[],"class_list":{"0":"post-1089","1":"product","2":"type-product","3":"status-publish","4":"has-post-thumbnail","6":"product_cat-servos","8":"first","9":"instock","10":"taxable","11":"shipping-taxable","12":"purchasable","13":"product-type-simple"},"jetpack_sharing_enabled":true,"_links":{"self":[{"href":"https:\/\/originhobbies.com\/fi\/wp-json\/wp\/v2\/product\/1089","targetHints":{"allow":["GET"]}}],"collection":[{"href":"https:\/\/originhobbies.com\/fi\/wp-json\/wp\/v2\/product"}],"about":[{"href":"https:\/\/originhobbies.com\/fi\/wp-json\/wp\/v2\/types\/product"}],"replies":[{"embeddable":true,"href":"https:\/\/originhobbies.com\/fi\/wp-json\/wp\/v2\/comments?post=1089"}],"wp:featuredmedia":[{"embeddable":true,"href":"https:\/\/originhobbies.com\/fi\/wp-json\/wp\/v2\/media\/8683"}],"wp:attachment":[{"href":"https:\/\/originhobbies.com\/fi\/wp-json\/wp\/v2\/media?parent=1089"}],"wp:term":[{"taxonomy":"product_brand","embeddable":true,"href":"https:\/\/originhobbies.com\/fi\/wp-json\/wp\/v2\/product_brand?post=1089"},{"taxonomy":"product_cat","embeddable":true,"href":"https:\/\/originhobbies.com\/fi\/wp-json\/wp\/v2\/product_cat?post=1089"},{"taxonomy":"product_tag","embeddable":true,"href":"https:\/\/originhobbies.com\/fi\/wp-json\/wp\/v2\/product_tag?post=1089"}],"curies":[{"name":"wp","href":"https:\/\/api.w.org\/{rel}","templated":true}]}}