{"id":10722,"date":"2024-03-22T19:42:04","date_gmt":"2024-03-22T17:42:04","guid":{"rendered":"http:\/\/originhobbies.com\/?post_type=product&#038;p=10722"},"modified":"2026-04-06T01:05:49","modified_gmt":"2026-04-05T23:05:49","slug":"ec3-to-xt60-f-power-supply-y-cable-for-isdt-sp2417-sp2425","status":"publish","type":"product","link":"https:\/\/originhobbies.com\/fi\/shop\/charging\/charging-leads\/ec3-to-xt60-f-power-supply-y-cable-for-isdt-sp2417-sp2425\/","title":{"rendered":"EC3 to XT60-F Y Power supply cable for iSDT SP2417 SP2425 &#8211; MT1470"},"content":{"rendered":"<p>EC3 to XT60-F Power supply Y cable for iSDT SP2417 SP2425 allows you to connect 2 chargers to the ISDT power supply with IC3 \/ EC3 port.<\/p>\n<h4>Tekniset tiedot<\/h4>\n<table class=\"table success\">\n<tbody>\n<tr>\n<td align=\"right\" width=\"50%\">Connector 1<\/td>\n<td align=\"left\" width=\"50%\">EC3 ( IC3 compatible )<\/td>\n<\/tr>\n<tr>\n<td align=\"right\" width=\"50%\">Connector 2<\/td>\n<td align=\"left\" width=\"50%\">XT60-F x2<\/td>\n<\/tr>\n<tr>\n<td align=\"right\" width=\"50%\">Cable<\/td>\n<td align=\"left\" width=\"50%\">AWG 14<\/td>\n<\/tr>\n<tr>\n<td align=\"right\" width=\"50%\">Length<\/td>\n<td align=\"left\" width=\"50%\">40cm<\/td>\n<\/tr>\n<\/tbody>\n<\/table>\n<h4>Sis\u00e4lt\u00e4\u00e4<\/h4>\n<ul>\n<li>1x EC3 to XT60-F Power supply Y cable for iSDT SP2417 SP2425<\/li>\n<\/ul>","protected":false},"excerpt":{"rendered":"<p>EC3 to XT60-F Power supply Y cable for iSDT SP2417 SP2425 allows you to connect 2 chargers to the ISDT power supply with IC3 \/ EC3 port. Specifications Connector 1 EC3 ( IC3 compatible ) Connector 2 XT60-F x2 Cable AWG 14 Length 40cm Includes 1x EC3 to XT60-F Power supply Y cable for iSDT [&hellip;]<\/p>\n","protected":false},"featured_media":10723,"comment_status":"open","ping_status":"closed","template":"","meta":{"_eb_attr":""},"product_brand":[],"product_cat":[112],"product_tag":[],"class_list":{"0":"post-10722","1":"product","2":"type-product","3":"status-publish","4":"has-post-thumbnail","6":"product_cat-charging-leads","8":"first","9":"instock","10":"taxable","11":"shipping-taxable","12":"purchasable","13":"product-type-simple"},"jetpack_sharing_enabled":true,"_links":{"self":[{"href":"https:\/\/originhobbies.com\/fi\/wp-json\/wp\/v2\/product\/10722","targetHints":{"allow":["GET"]}}],"collection":[{"href":"https:\/\/originhobbies.com\/fi\/wp-json\/wp\/v2\/product"}],"about":[{"href":"https:\/\/originhobbies.com\/fi\/wp-json\/wp\/v2\/types\/product"}],"replies":[{"embeddable":true,"href":"https:\/\/originhobbies.com\/fi\/wp-json\/wp\/v2\/comments?post=10722"}],"wp:featuredmedia":[{"embeddable":true,"href":"https:\/\/originhobbies.com\/fi\/wp-json\/wp\/v2\/media\/10723"}],"wp:attachment":[{"href":"https:\/\/originhobbies.com\/fi\/wp-json\/wp\/v2\/media?parent=10722"}],"wp:term":[{"taxonomy":"product_brand","embeddable":true,"href":"https:\/\/originhobbies.com\/fi\/wp-json\/wp\/v2\/product_brand?post=10722"},{"taxonomy":"product_cat","embeddable":true,"href":"https:\/\/originhobbies.com\/fi\/wp-json\/wp\/v2\/product_cat?post=10722"},{"taxonomy":"product_tag","embeddable":true,"href":"https:\/\/originhobbies.com\/fi\/wp-json\/wp\/v2\/product_tag?post=10722"}],"curies":[{"name":"wp","href":"https:\/\/api.w.org\/{rel}","templated":true}]}}