{"id":10713,"date":"2024-03-22T18:57:26","date_gmt":"2024-03-22T16:57:26","guid":{"rendered":"http:\/\/originhobbies.com\/?post_type=product&#038;p=10713"},"modified":"2026-04-06T01:05:49","modified_gmt":"2026-04-05T23:05:49","slug":"xt90-male-to-4mm-banana-charging-cable-30cm","status":"publish","type":"product","link":"https:\/\/originhobbies.com\/fi\/shop\/charging\/charging-leads\/xt90-male-to-4mm-banana-charging-cable-30cm\/","title":{"rendered":"XT90 Male to 4mm Banana Charging Cable 30cm &#8211; MT1870"},"content":{"rendered":"<p>XT90 Male to 4mm Banana Charging Cable is required to connect a Battery with XT60 connector to a Charger or balance board with 4mm Banana Jack.<\/p>\n<h4>Tekniset tiedot<\/h4>\n<table class=\"table success\">\n<tbody>\n<tr>\n<td align=\"right\" width=\"50%\">Connector 1<\/td>\n<td align=\"left\" width=\"50%\">XT90-M (Amass)<\/td>\n<\/tr>\n<tr>\n<td align=\"right\" width=\"50%\">Connector 2<\/td>\n<td align=\"left\" width=\"50%\">4mm Banana x2<\/td>\n<\/tr>\n<tr>\n<td align=\"right\" width=\"50%\">Cable<\/td>\n<td align=\"left\" width=\"50%\">14AWG<\/td>\n<\/tr>\n<tr>\n<td align=\"right\" width=\"50%\">Length<\/td>\n<td align=\"left\" width=\"50%\">30cm<\/td>\n<\/tr>\n<\/tbody>\n<\/table>\n<h4>Sis\u00e4lt\u00e4\u00e4<\/h4>\n<ul>\n<li>1x XT90-M to 4mm Banana Charging cable 30cm<\/li>\n<\/ul>","protected":false},"excerpt":{"rendered":"<p>XT90 Male to 4mm Banana Charging Cable is required to connect a Battery with XT60 connector to a Charger or balance board with 4mm Banana Jack. Specifications Connector 1 XT90-M (Amass) Connector 2 4mm Banana x2 Cable 14AWG Length 30cm Includes 1x XT90-M to 4mm Banana Charging cable 30cm<\/p>","protected":false},"featured_media":10714,"comment_status":"open","ping_status":"closed","template":"","meta":{"_eb_attr":""},"product_brand":[],"product_cat":[112],"product_tag":[],"class_list":{"0":"post-10713","1":"product","2":"type-product","3":"status-publish","4":"has-post-thumbnail","6":"product_cat-charging-leads","8":"first","9":"instock","10":"taxable","11":"shipping-taxable","12":"purchasable","13":"product-type-simple"},"jetpack_sharing_enabled":true,"_links":{"self":[{"href":"https:\/\/originhobbies.com\/fi\/wp-json\/wp\/v2\/product\/10713","targetHints":{"allow":["GET"]}}],"collection":[{"href":"https:\/\/originhobbies.com\/fi\/wp-json\/wp\/v2\/product"}],"about":[{"href":"https:\/\/originhobbies.com\/fi\/wp-json\/wp\/v2\/types\/product"}],"replies":[{"embeddable":true,"href":"https:\/\/originhobbies.com\/fi\/wp-json\/wp\/v2\/comments?post=10713"}],"wp:featuredmedia":[{"embeddable":true,"href":"https:\/\/originhobbies.com\/fi\/wp-json\/wp\/v2\/media\/10714"}],"wp:attachment":[{"href":"https:\/\/originhobbies.com\/fi\/wp-json\/wp\/v2\/media?parent=10713"}],"wp:term":[{"taxonomy":"product_brand","embeddable":true,"href":"https:\/\/originhobbies.com\/fi\/wp-json\/wp\/v2\/product_brand?post=10713"},{"taxonomy":"product_cat","embeddable":true,"href":"https:\/\/originhobbies.com\/fi\/wp-json\/wp\/v2\/product_cat?post=10713"},{"taxonomy":"product_tag","embeddable":true,"href":"https:\/\/originhobbies.com\/fi\/wp-json\/wp\/v2\/product_tag?post=10713"}],"curies":[{"name":"wp","href":"https:\/\/api.w.org\/{rel}","templated":true}]}}