{"id":10642,"date":"2024-03-20T13:50:15","date_gmt":"2024-03-20T11:50:15","guid":{"rendered":"http:\/\/originhobbies.com\/?post_type=product&#038;p=10642"},"modified":"2026-04-06T01:05:49","modified_gmt":"2026-04-05T23:05:49","slug":"isdt-k2-air-dual-lipo-battery-charger-200w-ac-500w-x2-dc","status":"publish","type":"product","link":"https:\/\/originhobbies.com\/fi\/shop\/charging\/battery-chargers\/isdt-k2-air-dual-lipo-battery-charger-200w-ac-500w-x2-dc\/","title":{"rendered":"ISDT K2 Air Dual Channel Battery charger 200W AC \/ 1000W DC"},"content":{"rendered":"<p>The ISDT K2 Air charger is a Dual channel smart balance battery charger. It supports up to 200Watts of power with AC Input. With DC Input it can support 1000W (500Watts per channel). It can support charging current of up to 20A per channel.<\/p>\n<h4>Features<\/h4>\n<ul>\n<li>Supports 152 National and Regional Languages<\/li>\n<li>Fool-proof input interface design<\/li>\n<li>Two-way USB interface<\/li>\n<li>2.8&#8221; IPS Color LCD screen<\/li>\n<li>Dual Fast Charging<\/li>\n<li>AC\/DC dual mode<\/li>\n<li>Parallel Charging<\/li>\n<\/ul>\n<p><strong>STRONG PERFORMANCE, HIGH-POWER DUAL-CHANNEL<\/strong><\/p>\n<p>High-power dual-channel, the two channels are independent and do not interfere with each other. The maximum charging power of a single channel is up to 500W. A two-pronged\u00a0approach, one step faster.<\/p>\n<p><strong>TWO-WAY USB INTERFACE<\/strong><\/p>\n<p>It can be connected to a computer through the USB Type-C interface to\u00a0upgrade the firmware.\u00a0It can also output 5V\/2A power through the USB Type-C interface\u00a0for charging mobile devices.<\/p>\n<p><strong>2.8&#8221; IPS Color LCD SCREEN<\/strong><\/p>\n<p>Low-power 2.8-inch Color IPS sunlight screen, 178\u00b0 viewing angle, without fear of the field environment and tricky angles, the display effect is still clear and delicate under the sun.<\/p>\n<p><strong>AC\/DC DUAL MODE<\/strong><\/p>\n<p>You can choose AC input or DC input to meet the needs of different\u00a0scenarios. The output\u00a0power in AC mode is 200W, and the output power in DC mode\u00a0is 500Wx2.<\/p>\n<p><strong>SECURE ACCESS<\/strong><\/p>\n<p>Fool-proof input interface design. Through the clever arrangement,\u00a0the DC input port and AC input port are mutually exclusive.\u00a0Only one input method can be selected at the same time to\u00a0ensure the safety of operation.<\/p>\n<h4>Tekniset tiedot<\/h4>\n<table class=\"table success\">\n<tbody>\n<tr>\n<td align=\"right\" width=\"50%\">Input voltage:<\/td>\n<td align=\"left\" width=\"50%\">AC 100~240V \/ DC 10~30V<\/td>\n<\/tr>\n<tr>\n<td align=\"right\" width=\"50%\">Output voltage:<\/td>\n<td align=\"left\" width=\"50%\">DC 1~30V<\/td>\n<\/tr>\n<tr>\n<td align=\"right\" width=\"50%\">Max. input current:<\/td>\n<td align=\"left\" width=\"50%\">DC 35A<\/td>\n<\/tr>\n<tr>\n<td align=\"right\" width=\"50%\">Charging current:<\/td>\n<td align=\"left\" width=\"50%\">0.2~20A x2<\/td>\n<\/tr>\n<tr>\n<td align=\"right\" width=\"50%\">Discharging current:<\/td>\n<td align=\"left\" width=\"50%\">0.2~1.5A x2<\/td>\n<\/tr>\n<tr>\n<td align=\"right\" width=\"50%\">Balance current:<\/td>\n<td align=\"left\" width=\"50%\">1.5A\/Cell Max<\/td>\n<\/tr>\n<tr>\n<td align=\"right\" width=\"50%\">Max. discharging power:<\/td>\n<td align=\"left\" width=\"50%\">15W x2<\/td>\n<\/tr>\n<tr>\n<td align=\"right\" width=\"50%\">Max. charging power:<\/td>\n<td align=\"left\" width=\"50%\">AC 200W \/ DC 500W x2<\/td>\n<\/tr>\n<tr>\n<td align=\"right\" width=\"50%\">Abnormal voltage alarm:<\/td>\n<td align=\"left\" width=\"50%\">Tuki<\/td>\n<\/tr>\n<tr>\n<td align=\"right\" width=\"50%\">Incorrect cell count setting alarm:<\/td>\n<td align=\"left\" width=\"50%\">Tuki<\/td>\n<\/tr>\n<tr>\n<td align=\"right\" width=\"50%\">Supported battery types and cell count:<\/td>\n<td align=\"left\" width=\"50%\">LiFe, Lilon, LiPo 1~6S, LiHv 1-6S, Pb 1-12S, NiMH\/Cd 1-16S<\/td>\n<\/tr>\n<tr>\n<td align=\"right\" width=\"50%\">Parallel charging power and current:<\/td>\n<td align=\"left\" width=\"50%\">800W\/35A<\/td>\n<\/tr>\n<tr>\n<td align=\"right\" width=\"50%\">Parallel discharge power and current:<\/td>\n<td align=\"left\" width=\"50%\">30W\/3A<\/td>\n<\/tr>\n<tr>\n<td align=\"right\" width=\"50%\">Working temperature:<\/td>\n<td align=\"left\" width=\"50%\">0~40\u2103<\/td>\n<\/tr>\n<tr>\n<td align=\"right\" width=\"50%\">Storage temperature:<\/td>\n<td align=\"left\" width=\"50%\">-20\u2103~60\u2103<\/td>\n<\/tr>\n<tr>\n<td align=\"right\" width=\"50%\">Dimension:<\/td>\n<td align=\"left\" width=\"50%\">135x135x64mm<\/td>\n<\/tr>\n<tr>\n<td align=\"right\" width=\"50%\">Paino:<\/td>\n<td align=\"left\" width=\"50%\">About 700g<\/td>\n<\/tr>\n<\/tbody>\n<\/table>\n<h4>Sis\u00e4lt\u00e4\u00e4<\/h4>\n<ul>\n<li>1x iSDT K2 Air Smart Dual Charger AC200W \/ DC500W x2<\/li>\n<li>AC power cord (EU Plug)<\/li>\n<\/ul>\n<h4>Lataukset<\/h4>\n<ul>\n<li><a href=\"https:\/\/originhobbies.com\/wp-content\/uploads\/2024\/03\/ISDT-K2-manual-EN.pdf\" target=\"_blank\" rel=\"noopener\">ISDT K2 User Manual<\/a><\/li>\n<\/ul>","protected":false},"excerpt":{"rendered":"<p>The ISDT K2 Air charger is a Dual channel smart balance battery charger. It supports up to 200Watts of power with AC Input. With DC Input it can support 1000W (500Watts per channel). It can support charging current of up to 20A per channel. Features Supports 152 National and Regional Languages Fool-proof input interface design [&hellip;]<\/p>\n","protected":false},"featured_media":10643,"comment_status":"open","ping_status":"closed","template":"","meta":{"_eb_attr":""},"product_brand":[],"product_cat":[108],"product_tag":[],"class_list":{"0":"post-10642","1":"product","2":"type-product","3":"status-publish","4":"has-post-thumbnail","6":"product_cat-battery-chargers","8":"first","9":"discontinued","10":"taxable","11":"shipping-taxable","12":"product-type-simple"},"jetpack_sharing_enabled":true,"_links":{"self":[{"href":"https:\/\/originhobbies.com\/fi\/wp-json\/wp\/v2\/product\/10642","targetHints":{"allow":["GET"]}}],"collection":[{"href":"https:\/\/originhobbies.com\/fi\/wp-json\/wp\/v2\/product"}],"about":[{"href":"https:\/\/originhobbies.com\/fi\/wp-json\/wp\/v2\/types\/product"}],"replies":[{"embeddable":true,"href":"https:\/\/originhobbies.com\/fi\/wp-json\/wp\/v2\/comments?post=10642"}],"wp:featuredmedia":[{"embeddable":true,"href":"https:\/\/originhobbies.com\/fi\/wp-json\/wp\/v2\/media\/10643"}],"wp:attachment":[{"href":"https:\/\/originhobbies.com\/fi\/wp-json\/wp\/v2\/media?parent=10642"}],"wp:term":[{"taxonomy":"product_brand","embeddable":true,"href":"https:\/\/originhobbies.com\/fi\/wp-json\/wp\/v2\/product_brand?post=10642"},{"taxonomy":"product_cat","embeddable":true,"href":"https:\/\/originhobbies.com\/fi\/wp-json\/wp\/v2\/product_cat?post=10642"},{"taxonomy":"product_tag","embeddable":true,"href":"https:\/\/originhobbies.com\/fi\/wp-json\/wp\/v2\/product_tag?post=10642"}],"curies":[{"name":"wp","href":"https:\/\/api.w.org\/{rel}","templated":true}]}}