{"id":10603,"date":"2024-03-14T22:30:49","date_gmt":"2024-03-14T20:30:49","guid":{"rendered":"http:\/\/originhobbies.com\/?post_type=product&#038;p=10603"},"modified":"2026-04-06T01:05:49","modified_gmt":"2026-04-05T23:05:49","slug":"oshm4128s-omp-m4-exp-main-rotor-grip-arm-set-silver","status":"publish","type":"product","link":"https:\/\/originhobbies.com\/fi\/shop\/helicopter-parts\/omphobby-spare-parts\/omphobby-m4-spare-parts\/oshm4128s-omp-m4-exp-main-rotor-grip-arm-set-silver\/","title":{"rendered":"OSHM4128S OMP M4 EXP Main Rotor Grip Arm Set Silver"},"content":{"rendered":"<p>OSHM4128S OMP M4 EXP Main Rotor Grip Arm Set Silver for OMPHobby M4 Helicopter.<\/p>\n<h4>Sis\u00e4lt\u00e4\u00e4<\/h4>\n<p>M4 EXP Main Grip Arms x2<br \/>\nsocket cap screw M2.5&#215;6-4 x4<\/p>","protected":false},"excerpt":{"rendered":"<p>OSHM4128S OMP M4 EXP Main Rotor Grip Arm Set Silver for OMPHobby M4 Helicopter. Includes M4 EXP Main Grip Arms x2 socket cap screw M2.5&#215;6-4 x4<\/p>","protected":false},"featured_media":10596,"comment_status":"open","ping_status":"closed","template":"","meta":{"_eb_attr":""},"product_brand":[],"product_cat":[199],"product_tag":[],"class_list":{"0":"post-10603","1":"product","2":"type-product","3":"status-publish","4":"has-post-thumbnail","6":"product_cat-omphobby-m4-spare-parts","8":"first","9":"instock","10":"taxable","11":"shipping-taxable","12":"purchasable","13":"product-type-simple"},"jetpack_sharing_enabled":true,"_links":{"self":[{"href":"https:\/\/originhobbies.com\/fi\/wp-json\/wp\/v2\/product\/10603","targetHints":{"allow":["GET"]}}],"collection":[{"href":"https:\/\/originhobbies.com\/fi\/wp-json\/wp\/v2\/product"}],"about":[{"href":"https:\/\/originhobbies.com\/fi\/wp-json\/wp\/v2\/types\/product"}],"replies":[{"embeddable":true,"href":"https:\/\/originhobbies.com\/fi\/wp-json\/wp\/v2\/comments?post=10603"}],"wp:featuredmedia":[{"embeddable":true,"href":"https:\/\/originhobbies.com\/fi\/wp-json\/wp\/v2\/media\/10596"}],"wp:attachment":[{"href":"https:\/\/originhobbies.com\/fi\/wp-json\/wp\/v2\/media?parent=10603"}],"wp:term":[{"taxonomy":"product_brand","embeddable":true,"href":"https:\/\/originhobbies.com\/fi\/wp-json\/wp\/v2\/product_brand?post=10603"},{"taxonomy":"product_cat","embeddable":true,"href":"https:\/\/originhobbies.com\/fi\/wp-json\/wp\/v2\/product_cat?post=10603"},{"taxonomy":"product_tag","embeddable":true,"href":"https:\/\/originhobbies.com\/fi\/wp-json\/wp\/v2\/product_tag?post=10603"}],"curies":[{"name":"wp","href":"https:\/\/api.w.org\/{rel}","templated":true}]}}