{"id":10165,"date":"2024-02-02T20:02:20","date_gmt":"2024-02-02T18:02:20","guid":{"rendered":"http:\/\/originhobbies.com\/?post_type=product&#038;p=10165"},"modified":"2026-04-06T01:05:49","modified_gmt":"2026-04-05T23:05:49","slug":"frsky-archer-plus-rs-receiver-with-telemetry-access-accst","status":"publish","type":"product","link":"https:\/\/originhobbies.com\/fi\/shop\/radio-control\/radio-receivers\/frsky-protocol\/frsky-archer-plus-rs-receiver-with-telemetry-access-accst\/","title":{"rendered":"Frsky Archer Plus RS receiver with telemetry (ACCESS \/ ACCST)"},"content":{"rendered":"<p>The Archer line of receivers has been enhanced further with the addition of the new Archer Plus Series.<\/p>\n<p>The Archer Plus Series receivers include some new features. Firstly an enhanced anti-RF-Interference capability can offer a more solid RF performance, and this is in addition to existing anti-interfere performance in the spark ignition process. These Plus series receivers are also with both ACCESS and ACCST D16 modes, where the RF protocol is smartly matched during the binding process on the radio. In ACCESS mode, these receivers not only feature OTA wireless firmware upgrades, increased range, and telemetry performance, they support even more functions like configurable telemetry power (RS), S.Port \/ F.Port \/ FBUS switching, and VFR indicators.<\/p>\n<p><img loading=\"lazy\" decoding=\"async\" class=\"alignnone wp-image-10167 size-full\" src=\"https:\/\/originhobbies.com\/wp-content\/uploads\/2024\/02\/ARCHER-PLUS-RS-detail.jpg\" alt=\"\" width=\"650\" height=\"200\" srcset=\"https:\/\/originhobbies.com\/wp-content\/uploads\/2024\/02\/ARCHER-PLUS-RS-detail.jpg 650w, https:\/\/originhobbies.com\/wp-content\/uploads\/2024\/02\/ARCHER-PLUS-RS-detail-300x92.jpg 300w, https:\/\/originhobbies.com\/wp-content\/uploads\/2024\/02\/ARCHER-PLUS-RS-detail-50x15.jpg 50w, https:\/\/originhobbies.com\/wp-content\/uploads\/2024\/02\/ARCHER-PLUS-RS-detail-18x6.jpg 18w, https:\/\/originhobbies.com\/wp-content\/uploads\/2024\/02\/ARCHER-PLUS-RS-detail-416x128.jpg 416w\" sizes=\"auto, (max-width: 650px) 100vw, 650px\" \/><\/p>\n<p>The RS supports full-range signal control with an equivalent telemetry range. Dual detachable\/replaceable antennas assure optimal antenna reception and maximum range with their lightweight design thanks to the extremely tiny form factor. Features an inverted S.Port that allows for easily connecting flight controllers, in addition to all this, the RS can also be used as a redundancy receiver along with any other FrSky ACCESS capable receiver equipped with an SBUS port. The best available signal will be used to ensure superior connectivity.<\/p>\n<p><strong>NOTE: Archer Plus RS supports both ACCST (D16) mode or ACCESS mode. The correct mode is automatically chosen during the binding process.<\/strong><\/p>\n<h4>Features<\/h4>\n<div class=\"w-tabs-section-content\">\n<div class=\"w-tabs-section-content-h i-cf\">\n<div class=\"wpb_text_column\">\n<div class=\"wpb_wrapper\">\n<ul>\n<li>Tiny and super lightweight<\/li>\n<li>S.Port \/ F.Port \/ FBUS (Configurable via S.Port)<\/li>\n<li>Over-The-Air (OTA) FW update<\/li>\n<li>SBUS Out port (Supports 16CH \/ 24CH mode)<\/li>\n<li>SBUS In port (Supports Signal Redundancy)<\/li>\n<li>Inverted S.Port<\/li>\n<\/ul>\n<\/div>\n<\/div>\n<\/div>\n<\/div>\n<h4>Tekniset tiedot<\/h4>\n<div class=\"w-tabs-section-content\">\n<div class=\"w-tabs-section-content-h i-cf\">\n<div class=\"wpb_text_column\">\n<div class=\"wpb_wrapper\">\n<ul>\n<li>Dimension: 16*11mm (L*W)<\/li>\n<li>Weight: 1.3g<\/li>\n<li>Operating Voltage: 3.5-10V<\/li>\n<li>Operating Current: 60mA@5V<\/li>\n<li>Antenna Connector: IPEX4<\/li>\n<li>Control Range: Full range* with telemetry<br \/>\n(* Full Range: \u22652km, the control range may vary based on local conditions.)<\/li>\n<li>Compatibility: All FrSky ACCESS\/ACCST D16 transmitters.<\/li>\n<\/ul>\n<\/div>\n<\/div>\n<\/div>\n<\/div>\n<h4>Sis\u00e4lt\u00e4\u00e4<\/h4>\n<ul>\n<li>Vastaanotin<\/li>\n<li>6-pin right angle Header<\/li>\n<li>K\u00e4ytt\u00f6ohje<\/li>\n<li>Heat shrink tubing (OriginHobbies only)<\/li>\n<\/ul>\n<h4>Lataukset<\/h4>\n<ul>\n<li><a href=\"https:\/\/originhobbies.com\/wp-content\/uploads\/2023\/08\/ARCHER-PLUS-RS-RS-Mini-Manual.pdf\">Archer Plus RS User Manual (ACCST\/D16 mode)<\/a><\/li>\n<\/ul>","protected":false},"excerpt":{"rendered":"<p>The Archer line of receivers has been enhanced further with the addition of the new Archer Plus Series. The Archer Plus Series receivers include some new features. Firstly an enhanced anti-RF-Interference capability can offer a more solid RF performance, and this is in addition to existing anti-interfere performance in the spark ignition process. These Plus [&hellip;]<\/p>\n","protected":false},"featured_media":10168,"comment_status":"open","ping_status":"closed","template":"","meta":{"_eb_attr":""},"product_brand":[],"product_cat":[50,233],"product_tag":[],"class_list":{"0":"post-10165","1":"product","2":"type-product","3":"status-publish","4":"has-post-thumbnail","6":"product_cat-radio-receivers","7":"product_cat-frsky-protocol","9":"first","10":"instock","11":"taxable","12":"shipping-taxable","13":"purchasable","14":"product-type-simple"},"jetpack_sharing_enabled":true,"_links":{"self":[{"href":"https:\/\/originhobbies.com\/fi\/wp-json\/wp\/v2\/product\/10165","targetHints":{"allow":["GET"]}}],"collection":[{"href":"https:\/\/originhobbies.com\/fi\/wp-json\/wp\/v2\/product"}],"about":[{"href":"https:\/\/originhobbies.com\/fi\/wp-json\/wp\/v2\/types\/product"}],"replies":[{"embeddable":true,"href":"https:\/\/originhobbies.com\/fi\/wp-json\/wp\/v2\/comments?post=10165"}],"wp:featuredmedia":[{"embeddable":true,"href":"https:\/\/originhobbies.com\/fi\/wp-json\/wp\/v2\/media\/10168"}],"wp:attachment":[{"href":"https:\/\/originhobbies.com\/fi\/wp-json\/wp\/v2\/media?parent=10165"}],"wp:term":[{"taxonomy":"product_brand","embeddable":true,"href":"https:\/\/originhobbies.com\/fi\/wp-json\/wp\/v2\/product_brand?post=10165"},{"taxonomy":"product_cat","embeddable":true,"href":"https:\/\/originhobbies.com\/fi\/wp-json\/wp\/v2\/product_cat?post=10165"},{"taxonomy":"product_tag","embeddable":true,"href":"https:\/\/originhobbies.com\/fi\/wp-json\/wp\/v2\/product_tag?post=10165"}],"curies":[{"name":"wp","href":"https:\/\/api.w.org\/{rel}","templated":true}]}}