{"id":10057,"date":"2024-01-26T18:14:12","date_gmt":"2024-01-26T16:14:12","guid":{"rendered":"http:\/\/originhobbies.com\/?post_type=product&#038;p=10057"},"modified":"2026-04-06T01:05:49","modified_gmt":"2026-04-05T23:05:49","slug":"frsky-rx8r-pro-receiver-with-telemetry-8-16ch-pwm-sbus","status":"publish","type":"product","link":"https:\/\/originhobbies.com\/fi\/shop\/radio-control\/radio-receivers\/frsky-protocol\/frsky-rx8r-pro-receiver-with-telemetry-8-16ch-pwm-sbus\/","title":{"rendered":"FrSky RX8R PRO Receiver with Telemetry (8\/16CH PWM\/SBUS)"},"content":{"rendered":"<p>FrSky RX8R PRO is an upgraded version based on the RX8R receiver, it has all the same features including redundancy. The Pro version has higher precision and lower latency. It\u2019s deviation of PWM is reduced to 0.5us, and the delay of PWM output is 9ms less than that of the X8R in high speed mode. A feature that deserves mention is the decreased effect of interference caused by the ignition process in gas \/ nitro engines.<\/p>\n<h4>Features<\/h4>\n<ul>\n<li>Supports telemetry over Helicopter Flybarless systems (MSH Brain2, Spirit, RotorFlight)<\/li>\n<li>Supports telemetry Multi-Protocol Radio systems (cc2500 and 4in1 RF modules)<\/li>\n<li>Strong anti-interference performance in ignition process<\/li>\n<li>Supports Redundancy receiver solution for even more robust connection.<\/li>\n<li>Higher precision of PWM<\/li>\n<li>Lower latency on the PWM output<\/li>\n<li>Support redundancy function<\/li>\n<li>Smart Port enabled and support telemetry data transmission<\/li>\n<li>SBUS Out port (Supports 16CH mode)<\/li>\n<\/ul>\n<h4>Redundancy Function<\/h4>\n<ul>\n<li>RX8R PRO supports the redundancy function. It receives the SBUS signal from the slave receiver. The slave receiver must have SBUS output (for example, <a href=\"https:\/\/originhobbies.com\/fi\/shop\/radio-control\/radiovastaanottimet\/frsky-xm-xm-plus-mini-receiver-16ch-sbus\/\">Frsky XM+<\/a>, <a href=\"https:\/\/originhobbies.com\/fi\/shop\/radio-control\/radiovastaanottimet\/frsky-r-xsr-ultra-mini-receiver-with-telemetry-2-4ghz\/\">R-XSR<\/a>, etc.)<\/li>\n<li>Make sure telemetry is disabled on the slave receiver when the slave receiver is Frsky X series receiver. <a href=\"https:\/\/originhobbies.com\/fi\/shop\/radio-control\/radiovastaanottimet\/frsky-xm-xm-plus-mini-receiver-16ch-sbus\/\">Frsky XM+<\/a> is recommended as the slave receiver.<\/li>\n<\/ul>\n<figure id=\"attachment_10063\" aria-describedby=\"caption-attachment-10063\" style=\"width: 917px\" class=\"wp-caption aligncenter\"><img loading=\"lazy\" decoding=\"async\" class=\"wp-image-10063 size-full\" src=\"https:\/\/originhobbies.com\/wp-content\/uploads\/2024\/01\/rx8r-redundancy2.jpg\" alt=\"\" width=\"917\" height=\"427\" srcset=\"https:\/\/originhobbies.com\/wp-content\/uploads\/2024\/01\/rx8r-redundancy2.jpg 917w, https:\/\/originhobbies.com\/wp-content\/uploads\/2024\/01\/rx8r-redundancy2-300x140.jpg 300w, https:\/\/originhobbies.com\/wp-content\/uploads\/2024\/01\/rx8r-redundancy2-768x358.jpg 768w, https:\/\/originhobbies.com\/wp-content\/uploads\/2024\/01\/rx8r-redundancy2-50x23.jpg 50w, https:\/\/originhobbies.com\/wp-content\/uploads\/2024\/01\/rx8r-redundancy2-18x8.jpg 18w, https:\/\/originhobbies.com\/wp-content\/uploads\/2024\/01\/rx8r-redundancy2-416x194.jpg 416w\" sizes=\"auto, (max-width: 917px) 100vw, 917px\" \/><figcaption id=\"caption-attachment-10063\" class=\"wp-caption-text\">RX8R PRO with Redundant receiver<\/figcaption><\/figure>\n<div class=\"w-tabs-section-content\">\n<div class=\"w-tabs-section-content-h i-cf\">\n<div class=\"wpb_text_column\">\n<div class=\"wpb_wrapper\"><\/div>\n<\/div>\n<\/div>\n<\/div>\n<h4>Tekniset tiedot<\/h4>\n<div class=\"w-tabs-section-content\">\n<div class=\"w-tabs-section-content-h i-cf\">\n<div class=\"wpb_text_column\">\n<div class=\"wpb_wrapper\">\n<ul>\n<li>Dimension: 46.3mm*26.6mm*14.2mm (L*W*H)<\/li>\n<li>Weight: 14.8g<\/li>\n<li>Numbers of Channels: 8CH PWM, 16CH from SBUS port)<\/li>\n<li>With RSSI Output on Board: Analog DC 0~3.3V<\/li>\n<li>Operating Voltage Range: 3.5V~10V<\/li>\n<li>Operating Current: 100mA@5V<\/li>\n<li>Operating Range: full range (&gt;1.5km)<\/li>\n<li>Firmware Upgradeable<\/li>\n<li>Servo Frame Rate: 9ms (HS\u2014High Speed Mode)\/18ms (FS\u2014Normal Speed Mode)<\/li>\n<li>Compatibility: FrSky transmitters\/transmitter modules in D8\/D16 mode<\/li>\n<\/ul>\n<\/div>\n<\/div>\n<\/div>\n<\/div>\n<div class=\"w-tabs-section-content\">\n<div class=\"w-tabs-section-content-h i-cf\">\n<div class=\"wpb_text_column\">\n<div class=\"wpb_wrapper\"><\/div>\n<\/div>\n<\/div>\n<\/div>\n<h4>Sis\u00e4lt\u00e4\u00e4<\/h4>\n<ul>\n<li>1 x X8R Receiver (EU LBT Firmware)<\/li>\n<li>2 x Jumpers<\/li>\n<li>1 x Manual<\/li>\n<\/ul>\n<h4>Lataukset<\/h4>\n<ul>\n<li><a href=\"https:\/\/originhobbies.com\/wp-content\/uploads\/2024\/01\/RX8R-PRO-Manual.pdf\">RX8R PRO User Manual<\/a><\/li>\n<\/ul>","protected":false},"excerpt":{"rendered":"<p>FrSky RX8R PRO is an upgraded version based on the RX8R receiver, it has all the same features including redundancy. The Pro version has higher precision and lower latency. It\u2019s deviation of PWM is reduced to 0.5us, and the delay of PWM output is 9ms less than that of the X8R in high speed mode. [&hellip;]<\/p>\n","protected":false},"featured_media":10220,"comment_status":"open","ping_status":"closed","template":"","meta":{"_eb_attr":""},"product_brand":[],"product_cat":[50,233],"product_tag":[],"class_list":{"0":"post-10057","1":"product","2":"type-product","3":"status-publish","4":"has-post-thumbnail","6":"product_cat-radio-receivers","7":"product_cat-frsky-protocol","9":"first","10":"outofstock","11":"taxable","12":"shipping-taxable","13":"purchasable","14":"product-type-simple"},"jetpack_sharing_enabled":true,"_links":{"self":[{"href":"https:\/\/originhobbies.com\/fi\/wp-json\/wp\/v2\/product\/10057","targetHints":{"allow":["GET"]}}],"collection":[{"href":"https:\/\/originhobbies.com\/fi\/wp-json\/wp\/v2\/product"}],"about":[{"href":"https:\/\/originhobbies.com\/fi\/wp-json\/wp\/v2\/types\/product"}],"replies":[{"embeddable":true,"href":"https:\/\/originhobbies.com\/fi\/wp-json\/wp\/v2\/comments?post=10057"}],"wp:featuredmedia":[{"embeddable":true,"href":"https:\/\/originhobbies.com\/fi\/wp-json\/wp\/v2\/media\/10220"}],"wp:attachment":[{"href":"https:\/\/originhobbies.com\/fi\/wp-json\/wp\/v2\/media?parent=10057"}],"wp:term":[{"taxonomy":"product_brand","embeddable":true,"href":"https:\/\/originhobbies.com\/fi\/wp-json\/wp\/v2\/product_brand?post=10057"},{"taxonomy":"product_cat","embeddable":true,"href":"https:\/\/originhobbies.com\/fi\/wp-json\/wp\/v2\/product_cat?post=10057"},{"taxonomy":"product_tag","embeddable":true,"href":"https:\/\/originhobbies.com\/fi\/wp-json\/wp\/v2\/product_tag?post=10057"}],"curies":[{"name":"wp","href":"https:\/\/api.w.org\/{rel}","templated":true}]}}