{"id":517,"date":"2021-06-20T21:43:46","date_gmt":"2021-06-20T19:43:46","guid":{"rendered":"http:\/\/originhobbies.com\/?page_id=517"},"modified":"2025-10-02T14:11:17","modified_gmt":"2025-10-02T12:11:17","slug":"toimitus-ja-palautuskaytanto","status":"publish","type":"page","link":"https:\/\/originhobbies.com\/fi\/delivery-terms-and-refund-policy\/","title":{"rendered":"K\u00e4ytt\u00f6ehdot, toimitus- ja palautusehdot"},"content":{"rendered":"<h2 class=\"wp-block-heading\">Postituskulut<\/h2>\n\n\n\n<p class=\"wp-block-paragraph\">Tarjoamme toimituksen k\u00e4ytt\u00e4en <strong>DHL Express, GLS EuroBusinessParcel, UPS<\/strong> ja <strong>Letter post<\/strong>. All products marked <strong>\"varastossa\"<\/strong> are in our storage and we will ship them within the next day. We provide a shipment tracking number as soon as we ship your order.<\/p>\n\n\n\n<p class=\"wp-block-paragraph\">Tarkat kulut n\u00e4et kassalla. Esimerkki toimituskulut alla olevasta taulukosta.<\/p>\n\n\n\n<figure class=\"wp-block-table is-style-regular\"><table><thead><tr><th>Maa<\/th><th>toimitustapa<\/th><th>kustannus<\/th><th>Toimitusaika<\/th><\/tr><\/thead><tbody><tr><td>Suomi<\/td><td>Posti \/ Matkahuolto<\/td><td>5.99\u20ac<\/td><td><strong>1-2<\/strong> ty\u00f6p\u00e4ivin\u00e4<\/td><\/tr><tr><td>EU<\/td><td>GLS \/ UPS<\/td><td>9.99\u20ac<\/td><td><strong>2-4<\/strong> ty\u00f6p\u00e4ivin\u00e4<\/td><\/tr><tr><td>EU<\/td><td>DHL Express<\/td><td>34.90\u20ac<\/td><td><strong>1-2<\/strong> ty\u00f6p\u00e4ivin\u00e4<\/td><\/tr><tr><td>Worldwide<\/td><td>Kirjeposti (ei seurantaa)<\/td><td>4.90\u20ac<\/td><td>jopa <strong>10<\/strong> ty\u00f6p\u00e4ivin\u00e4<\/td><\/tr><tr><td>Worldwide<\/td><td>DHL Express<\/td><td>34.90\u20ac<\/td><td><strong>2-5<\/strong> ty\u00f6p\u00e4ivin\u00e4<\/td><\/tr><\/tbody><\/table><figcaption class=\"wp-element-caption\">Toimitushintojen taulukko<\/figcaption><\/figure>\n\n\n\n<p class=\"wp-block-paragraph\">N\u00e4et tarkemman arvion jokaisesta maasi toimitusvaihtoehdosta tilauksen kassalla.<\/p>\n\n\n\n<p class=\"wp-block-paragraph\">LiPo-akut ilman niihin liittyvi\u00e4 laitteita (helikopteri\/radio) voidaan toimittaa vain GLS: n avulla. T\u00e4m\u00e4 johtuu lentoliikenteen rajoituksista<\/p>\n\n\n\n<h2 class=\"wp-block-heading\">maksutavat<\/h2>\n\n\n\n<p class=\"wp-block-paragraph\"><strong>Me hyv\u00e4ksymme<\/strong> Paypal ja luotto\/pankkikorttimaksut euroissa. Voit my\u00f6s k\u00e4ytt\u00e4\u00e4 Klarnan maksa my\u00f6hemmin ja rahoituspalveluita maissa joissa Klarna palvelee.<\/p>\n\n\n\n<h2 class=\"wp-block-heading\">Oikeus peruuttaa<\/h2>\n\n\n\n<p class=\"wp-block-paragraph\"><strong>Tavaroiden peruutusehdot<\/strong><\/p>\n\n\n\n<p class=\"wp-block-paragraph\">Kuluttajilla on 14 p\u00e4iv\u00e4n peruutusoikeus.<\/p>\n\n\n\n<p class=\"wp-block-paragraph\"><strong>Oikeus peruuttaa<\/strong><\/p>\n\n\n\n<p class=\"wp-block-paragraph\">Sinulla on oikeus peruuttaa t\u00e4m\u00e4 sopimus 14 p\u00e4iv\u00e4n kuluessa ilman syyt\u00e4. Peruuttamisaika p\u00e4\u00e4ttyy 14 p\u00e4iv\u00e4n kuluttua siit\u00e4 p\u00e4iv\u00e4st\u00e4, jona sin\u00e4 saat tavarat fyysisesti haltuusi tai jona kolmas osapuoli, joka ei ole rahdinkuljettaja ja jonka sin\u00e4 olet ilmoittanut, saa ne haltuunsa.<\/p>\n\n\n\n<p class=\"wp-block-paragraph\">Peruuttamisoikeuden k\u00e4ytt\u00e4miseksi sinun on ilmoitettava asiasta meille (Originhobbies Octal Oy, Matinkulma 5 C 20, 02230 Espoo, Suomi, info@originhobbies.com, Puh: +358-403286900) p\u00e4\u00e4t\u00f6ksest\u00e4si peruuttaa t\u00e4m\u00e4 sopimus selke\u00e4ll\u00e4 ilmoituksella (esim. postitse, faksilla tai s\u00e4hk\u00f6postitse l\u00e4hetetyll\u00e4 kirjeell\u00e4). Voit k\u00e4ytt\u00e4\u00e4 liitteen\u00e4 olevaa peruutuslomakkeen mallia, mutta se ei ole pakollinen.<\/p>\n\n\n\n<p class=\"wp-block-paragraph\">Peruutusajan noudattamiseksi riitt\u00e4\u00e4, ett\u00e4 l\u00e4het\u00e4t peruuttamisoikeuden k\u00e4ytt\u00e4mist\u00e4 koskevan viestisi ennen peruutusajan p\u00e4\u00e4ttymist\u00e4.<\/p>\n\n\n\n<p class=\"wp-block-paragraph\"><strong>Peruuttamisen vaikutukset<\/strong><\/p>\n\n\n\n<p class=\"wp-block-paragraph\">Jos peruutat t\u00e4m\u00e4n sopimuksen, palautamme sinulle kaikki sinulta saamasi maksut, mukaan lukien toimituskustannukset (lukuun ottamatta lis\u00e4kustannuksia, jotka aiheutuvat siit\u00e4, ett\u00e4 olet valinnut muun toimitustavan kuin tarjoamamme edullisimman vakiotoimitustavan), ilman aiheetonta viivytyst\u00e4 ja joka tapauksessa viimeist\u00e4\u00e4n 14 p\u00e4iv\u00e4n kuluessa siit\u00e4 p\u00e4iv\u00e4st\u00e4, jona saamme tiedon p\u00e4\u00e4t\u00f6ksest\u00e4si peruuttaa t\u00e4m\u00e4 sopimus. Korvaus suoritetaan k\u00e4ytt\u00e4m\u00e4ll\u00e4 samaa maksuv\u00e4linett\u00e4, jota k\u00e4ytit alkuper\u00e4isess\u00e4 maksutapahtumassa, ellet ole nimenomaisesti sopinut toisin; sinulle ei miss\u00e4\u00e4n tapauksessa aiheudu mit\u00e4\u00e4n kuluja t\u00e4llaisesta korvauksesta. Voimme pid\u00e4tt\u00e4yty\u00e4 korvauksen maksamisesta, kunnes olemme saaneet tavarat takaisin tai olet toimittanut todisteet tavaroiden palauttamisesta, riippuen siit\u00e4, kumpi ajankohta on aikaisempi.<\/p>\n\n\n\n<p class=\"wp-block-paragraph\">Teid\u00e4n on palautettava tavarat tai luovutettava ne meille ilman aiheetonta viivytyst\u00e4 ja joka tapauksessa viimeist\u00e4\u00e4n 14 p\u00e4iv\u00e4n kuluttua siit\u00e4 p\u00e4iv\u00e4st\u00e4, jona ilmoitatte meille sopimuksen peruuttamisesta. M\u00e4\u00e4r\u00e4aikaa on noudatettu, jos l\u00e4het\u00e4t tavarat takaisin ennen 14 p\u00e4iv\u00e4n m\u00e4\u00e4r\u00e4ajan p\u00e4\u00e4ttymist\u00e4. Sinun on vastattava tavaroiden palauttamisesta aiheutuvista v\u00e4litt\u00f6mist\u00e4 kustannuksista. Olet vastuussa ainoastaan tavaran arvon alenemisesta, joka johtuu muusta kuin tavaran luonteen, ominaisuuksien ja toiminnan selvitt\u00e4miseksi v\u00e4ltt\u00e4m\u00e4tt\u00f6m\u00e4st\u00e4 k\u00e4sittelyst\u00e4.<\/p>\n\n\n\n<figure class=\"wp-block-table\"><table class=\"has-fixed-layout\"><tbody><tr><td><strong>malli peruutuslomakkeesta<\/strong><br><br><em>(Jos haluat peruuttaa sopimuksen, t\u00e4yt\u00e4 alla oleva lomake ja l\u00e4het\u00e4 se takaisin meille).<\/em><br><br>- Osoitteeseen Originhobbies Octal Oy Matinkulma 5 C 20, 02230 Espoo, info@originhobbies.com.<br><br>- Min\u00e4 \/ Me(*) ilmoitan t\u00e4ten, ett\u00e4 min\u00e4 \/ me(*) irtisanoudun \/ me(*) irtisanoudumme (*) seuraavasta tavarasta (*)\/ seuraavasta palvelusta (*) tehdyst\u00e4 kauppasopimuksesta.<br>- Tilattu (*) \/ vastaanotettu (*).<br>- Kuluttajan nimi (kuluttajien nimet)<br>- Kuluttajan (kuluttajien) osoite<br><br>- Kuluttajan (kuluttajien) allekirjoitus (vain jos t\u00e4m\u00e4 on ilmoitettu paperilla).<br>- P\u00e4iv\u00e4ys<br><br>(*) Tarpeeton yliviivataan<\/td><\/tr><\/tbody><\/table><\/figure>\n\n\n\n<p class=\"wp-block-paragraph\"><strong>Palautusl\u00e4hetyslappuja<\/strong><br>Rajoittamatta lakis\u00e4\u00e4teisi\u00e4 oikeuksiasi annamme sinulle maksuttomat palautusl\u00e4hetysetiketit, sanotun kuitenkaan rajoittamatta lakis\u00e4\u00e4teisi\u00e4 oikeuksiasi. Palautusl\u00e4hetysetiketti sis\u00e4ltyy toimitukseenne. Voit luovuttaa palautuksen asianomaisen palveluntarjoajan pakettimyym\u00e4l\u00e4ss\u00e4.<\/p>\n\n\n\n<h2 class=\"wp-block-heading\">Vaurioitunut l\u00e4hetys<\/h2>\n\n\n\n<p class=\"wp-block-paragraph\">Jos l\u00e4hetyksesi on vaurioitunut (esim. vahingoittunut tai halkeileva pakkaus), ota kuvat ja l\u00e4het\u00e4 ne meille osoitteeseen <em><a href=\"mailto:info@originhobbies.com\">info@originhobbies.com<\/a><\/em> ja varmistamme, ett\u00e4 sinulle tarjotaan hyv\u00e4 ratkaisu. Ilmoita my\u00f6s kuriiripalvelulle, ett\u00e4 l\u00e4hetys on vaurioitunut. Se auttaa meit\u00e4.<\/p>\n\n\n\n<h2 class=\"wp-block-heading\">Yhteystiedot<\/h2>\n\n\n\n<p class=\"wp-block-paragraph\"><strong>Phone<\/strong>: +358-403286900<br><strong>s\u00e4hk\u00f6posti<\/strong>: <a href=\"mailto:info@originhobbies.com\">info@originhobbies.com<\/a><br><strong>Osoite<\/strong>: Piilipuuntie 14 A 8, 02250 Espoo, Finland<\/p>","protected":false},"excerpt":{"rendered":"<p>Shipping costs We offer delivery using DHL Express, GLS EuroBusinessParcel, UPS and Letter post. All products marked &#8220;in stock&#8221; are in our storage and we will ship them within the next day. We provide a shipment tracking number as soon as we ship your order. You can see the exact costs during checkout. Example shipping [&hellip;]<\/p>\n","protected":false},"author":1,"featured_media":0,"parent":0,"menu_order":0,"comment_status":"closed","ping_status":"closed","template":"","meta":{"_eb_attr":"","footnotes":""},"class_list":["post-517","page","type-page","status-publish","hentry"],"jetpack_sharing_enabled":true,"jetpack_shortlink":"https:\/\/wp.me\/Ph9vxs-8l","_links":{"self":[{"href":"https:\/\/originhobbies.com\/fi\/wp-json\/wp\/v2\/pages\/517","targetHints":{"allow":["GET"]}}],"collection":[{"href":"https:\/\/originhobbies.com\/fi\/wp-json\/wp\/v2\/pages"}],"about":[{"href":"https:\/\/originhobbies.com\/fi\/wp-json\/wp\/v2\/types\/page"}],"author":[{"embeddable":true,"href":"https:\/\/originhobbies.com\/fi\/wp-json\/wp\/v2\/users\/1"}],"replies":[{"embeddable":true,"href":"https:\/\/originhobbies.com\/fi\/wp-json\/wp\/v2\/comments?post=517"}],"version-history":[{"count":0,"href":"https:\/\/originhobbies.com\/fi\/wp-json\/wp\/v2\/pages\/517\/revisions"}],"wp:attachment":[{"href":"https:\/\/originhobbies.com\/fi\/wp-json\/wp\/v2\/media?parent=517"}],"curies":[{"name":"wp","href":"https:\/\/api.w.org\/{rel}","templated":true}]}}