{"id":1006,"date":"2021-08-15T21:22:12","date_gmt":"2021-08-15T19:22:12","guid":{"rendered":"http:\/\/originhobbies.com\/?page_id=1006"},"modified":"2021-08-15T21:22:13","modified_gmt":"2021-08-15T19:22:13","slug":"tietosuojakaytanto","status":"publish","type":"page","link":"https:\/\/originhobbies.com\/fi\/privacy-policy\/","title":{"rendered":"Tietosuojak\u00e4yt\u00e4nt\u00f6"},"content":{"rendered":"<h2 class=\"wp-block-heading\">Johdanto<\/h2>\n\n\n\n<p class=\"wp-block-paragraph\">OriginHobbies on osa Octal Oy:t\u00e4. <\/p>\n\n\n\n<ul class=\"wp-block-list\"><li>Olemme sitoutuneet turvaamaan verkkosivujemme vierailijoiden yksityisyyden; t\u00e4ss\u00e4 k\u00e4yt\u00e4nn\u00f6ss\u00e4 selit\u00e4mme, kuinka organisaatiomme k\u00e4ytt\u00e4\u00e4 sinulta ker\u00e4ttyj\u00e4 henkil\u00f6tietoja, kun k\u00e4yt\u00e4t verkkosivustoamme.<\/li><li>K\u00e4ytt\u00e4m\u00e4ll\u00e4 verkkosivustoamme ja hyv\u00e4ksym\u00e4ll\u00e4 t\u00e4m\u00e4n k\u00e4yt\u00e4nn\u00f6n hyv\u00e4ksyt ev\u00e4steiden k\u00e4yt\u00f6n t\u00e4m\u00e4n k\u00e4yt\u00e4nn\u00f6n ehtojen mukaisesti.<\/li><li>Emme tallenna asiakkaan luottokorttitietoja emmek\u00e4 jaa asiakastietoja kolmansille osapuolille.<\/li><\/ul>\n\n\n\n<h2 class=\"wp-block-heading\">Aiheet:<\/h2>\n\n\n\n<ul class=\"wp-block-list\"><li>Mit\u00e4 tietoja ker\u00e4\u00e4mme?<\/li><li>Miten ker\u00e4\u00e4mme tietosi?<\/li><li>Miten k\u00e4yt\u00e4mme tietojasi?<\/li><li>Miten tallennamme tietosi?<\/li><li>Markkinointi<\/li><li>Mitk\u00e4 ovat tietosuojaoikeutesi?<\/li><li>Mit\u00e4 ev\u00e4steet ovat?<\/li><li>Kuinka k\u00e4yt\u00e4mme ev\u00e4steit\u00e4?<\/li><li>Millaisia ev\u00e4steit\u00e4 k\u00e4yt\u00e4mme?<\/li><li>Ev\u00e4steiden hallinta<\/li><li>Muiden verkkosivustojen tietosuojak\u00e4yt\u00e4nn\u00f6t<\/li><li>Muutokset tietosuojak\u00e4yt\u00e4nt\u00f6\u00f6mme<\/li><li>Miten ottaa meihin yhteytt\u00e4?<\/li><\/ul>\n\n\n\n<h3 class=\"wp-block-heading\">Mit\u00e4 tietoja ker\u00e4\u00e4mme?<\/h3>\n\n\n\n<p class=\"wp-block-paragraph\">Yrityksemme ker\u00e4\u00e4 seuraavat tiedot:<\/p>\n\n\n\n<ul class=\"wp-block-list\"><li>tiedot tietokoneestasi ja vierailuistasi t\u00e4ll\u00e4 verkkosivustolla (mukaan lukien IP-osoitteesi, maantieteellinen sijainti, selainversio, k\u00e4ytt\u00f6j\u00e4rjestelm\u00e4, viittausl\u00e4hde, vierailun pituus ja sivun katselut);<\/li><li>tiedot, jotka annat avatessasi tili\u00e4si verkkosivustollamme (mukaan lukien nimesi, puhelinnumerosi, s\u00e4hk\u00f6postiosoitteesi ja osoitteesi);<\/li><li>tiedot, jotka annat meille uutiskirjeidemme tilaamista varten (mukaan lukien nimesi ja s\u00e4hk\u00f6postiosoitteesi);<\/li><li>tiedot kaikista ostoksistasi, joita teet tuotteistamme verkkosivustomme kautta (mukaan lukien nimesi, puhelinnumerosi, s\u00e4hk\u00f6postiosoitteesi ja fyysiset osoitteesi);<\/li><li>tiedot, jotka l\u00e4het\u00e4t verkkosivustollemme julkaistavaksi, kuten tuotearviointi (mukaan lukien k\u00e4ytt\u00e4j\u00e4nimesi ja viestiesi sis\u00e4lt\u00f6);<\/li><li>tiedot, jotka sis\u00e4ltyv\u00e4t mihin tahansa viestint\u00e4\u00e4n, jonka l\u00e4het\u00e4t meille tai verkkosivustomme kautta (mukaan lukien viestint\u00e4\u00e4n liittyv\u00e4 viestint\u00e4sis\u00e4lt\u00f6 ja metatiedot); ja<\/li><li>muita henkil\u00f6kohtaisia tietoja, jotka p\u00e4\u00e4t\u00e4t l\u00e4hett\u00e4\u00e4 meille.<\/li><\/ul>\n\n\n\n<p class=\"wp-block-paragraph\">Ennen kuin paljastat meille toisen henkil\u00f6n henkil\u00f6tietoja, sinun on saatava kyseisen henkil\u00f6n suostumus sek\u00e4 n\u00e4iden henkil\u00f6tietojen paljastamiseen ett\u00e4 k\u00e4sittelyyn t\u00e4m\u00e4n k\u00e4yt\u00e4nn\u00f6n mukaisesti.<\/p>\n\n\n\n<p class=\"wp-block-paragraph\">Emme ker\u00e4\u00e4 tai tallenna luottokorttitietoja. N\u00e4m\u00e4 tiedot k\u00e4sitell\u00e4\u00e4n Payment Gatewaylla.<\/p>\n\n\n\n<h3 class=\"wp-block-heading\">Miten ker\u00e4\u00e4mme tietosi?<\/h3>\n\n\n\n<p class=\"wp-block-paragraph\">Toimitat suoraan yrityksellemme suurimman osan ker\u00e4\u00e4mist\u00e4mme tiedoista. Ker\u00e4\u00e4mme tietoja ja k\u00e4sittelemme tietoja, kun:<\/p>\n\n\n\n<ul class=\"wp-block-list\"><li>Rekister\u00f6idyt verkossa tai tilaat jonkin tuotteistamme tai palveluistamme.<\/li><li>T\u00e4yt\u00e4t vapaaehtoisesti asiakastutkimuksen tai annat palautetta miss\u00e4 tahansa ilmoitustaulussamme tai s\u00e4hk\u00f6postitse.<\/li><li>K\u00e4yt\u00e4t tai katsot verkkosivustoamme selaimesi ev\u00e4steiden kautta.<\/li><li>Subscribe to our newsletter<\/li><\/ul>\n\n\n\n<h3 class=\"wp-block-heading\">Miten k\u00e4yt\u00e4mme tietojasi?<\/h3>\n\n\n\n<p class=\"wp-block-paragraph\">Yrityksemme ker\u00e4\u00e4 tietojasi, jotta voimme:<\/p>\n\n\n\n<ul class=\"wp-block-list\"><li>K\u00e4sitell\u00e4 tilauksesi ja hallinnoida tili\u00e4si.<\/li><li>L\u00e4hett\u00e4\u00e4 s\u00e4hk\u00f6postitse erikoistarjouksia muista tuotteista ja palveluista, joista mielest\u00e4mme saatat pit\u00e4\u00e4.<\/li><\/ul>\n\n\n\n<p class=\"wp-block-paragraph\">Kun Yhti\u00f6mme k\u00e4sittelee tilaustasi, se voi l\u00e4hett\u00e4\u00e4 tietosi luottotietovirastoille ja k\u00e4ytt\u00e4\u00e4 my\u00f6s niist\u00e4 saatuja tietoja est\u00e4\u00e4kseen vilpilliset ostokset.<\/p>\n\n\n\n<h3 class=\"wp-block-heading\">Miten tallennamme tietosi?<\/h3>\n\n\n\n<p class=\"wp-block-paragraph\">Yhti\u00f6mme tallentaa tietosi turvallisesti sivustolle siteground.com. Tarkista heid\u00e4n <a href=\"https:\/\/www.siteground.com\/kb\/how_does_siteground_protect_my_website\/\" target=\"_blank\" rel=\"noreferrer noopener nofollow\">suojaussivu<\/a>.<\/p>\n\n\n\n<p class=\"wp-block-paragraph\">Yrityksemme s\u00e4ilytt\u00e4\u00e4 tietosi niin kauan kuin olemme toiminnassa. Kun t\u00e4m\u00e4 aika on kulunut umpeen, poistamme tietosi.<\/p>\n\n\n\n<h3 class=\"wp-block-heading\">Markkinointi<\/h3>\n\n\n\n<p class=\"wp-block-paragraph\">Yrityksemme haluaa l\u00e4hett\u00e4\u00e4 sinulle tietoja tuotteistamme ja palveluistamme, joista mielest\u00e4mme pid\u00e4t.<\/p>\n\n\n\n<p class=\"wp-block-paragraph\">Jos olet suostunut vastaanottamaan markkinointia, voit aina kielt\u00e4yty\u00e4 siit\u00e4 my\u00f6hemmin.<\/p>\n\n\n\n<p class=\"wp-block-paragraph\">Sinulla on oikeus milloin tahansa est\u00e4\u00e4 Yhti\u00f6t\u00e4mme ottamasta sinuun yhteytt\u00e4 markkinointitarkoituksissa tai antamasta tietojasi muille yritysryhm\u00e4mme j\u00e4senille.<\/p>\n\n\n\n<p class=\"wp-block-paragraph\">Jos et en\u00e4\u00e4 halua, ett\u00e4 otamme sinuun yhteytt\u00e4 markkinointitarkoituksessa, napsauta peruutuslinkki\u00e4 markkinointis\u00e4hk\u00f6postissa tai ota meihin yhteytt\u00e4.<\/p>\n\n\n\n<h3 class=\"wp-block-heading\">Mitk\u00e4 ovat tietosuojaoikeutesi?<\/h3>\n\n\n\n<p class=\"wp-block-paragraph\">Yrityksemme haluaa varmistaa, ett\u00e4 olet t\u00e4ysin tietoinen kaikista tietosuojaoikeuksistasi. Jokaisella k\u00e4ytt\u00e4j\u00e4ll\u00e4 on oikeus seuraaviin:<\/p>\n\n\n\n<p class=\"wp-block-paragraph\"><strong>Oikeus p\u00e4\u00e4st\u00e4 k\u00e4siksi<\/strong> - Sinulla on oikeus pyyt\u00e4\u00e4 yhti\u00f6lt\u00e4mme kopioita henkil\u00f6tiedoistasi. Saatamme veloittaa sinulta pienen maksun (10 EUR) t\u00e4st\u00e4 palvelusta.<\/p>\n\n\n\n<p class=\"wp-block-paragraph\"><strong>Oikeus oikaisuun<\/strong> - Sinulla on oikeus pyyt\u00e4\u00e4 yhti\u00f6t\u00e4mme korjaamaan kaikki tiedot, joiden uskot olevan ep\u00e4tarkkoja. Sinulla on my\u00f6s oikeus pyyt\u00e4\u00e4 yrityst\u00e4mme t\u00e4ydent\u00e4m\u00e4\u00e4n tiedot, joiden uskot olevan puutteellisia.<\/p>\n\n\n\n<p class=\"wp-block-paragraph\"><strong>Oikeus poistaa<\/strong> - Sinulla on oikeus tietyin edellytyksin pyyt\u00e4\u00e4 yrityst\u00e4mme poistamaan henkil\u00f6tietosi.<\/p>\n\n\n\n<p class=\"wp-block-paragraph\"><strong>Oikeus rajoittaa k\u00e4sittely\u00e4<\/strong> - Sinulla on oikeus pyyt\u00e4\u00e4 yhti\u00f6t\u00e4mme rajoittamaan henkil\u00f6tietojesi k\u00e4sittely\u00e4 tietyin ehdoin.<\/p>\n\n\n\n<p class=\"wp-block-paragraph\"><strong>Oikeus vastustaa k\u00e4sittely\u00e4<\/strong> - Sinulla on oikeus tietyin ehdoin vastustaa yhti\u00f6mme henkil\u00f6tietojen k\u00e4sittely\u00e4.<\/p>\n\n\n\n<p class=\"wp-block-paragraph\"><strong>Oikeus tietojen siirrett\u00e4vyyteen<\/strong> - Sinulla on oikeus tietyin edellytyksin pyyt\u00e4\u00e4 yrityst\u00e4mme siirt\u00e4m\u00e4\u00e4n ker\u00e4\u00e4m\u00e4mme tiedot toiselle organisaatiolle tai suoraan sinulle.<\/p>\n\n\n\n<p class=\"wp-block-paragraph\">Jos teet pyynn\u00f6n, meill\u00e4 on kuukausi aikaa vastata sinulle. Jos haluat k\u00e4ytt\u00e4\u00e4 jotakin n\u00e4ist\u00e4 oikeuksista, ota meihin yhteytt\u00e4 s\u00e4hk\u00f6postitse: <a href=\"mailto:info@originhobbies.com\" target=\"_blank\" rel=\"noreferrer noopener\">info@originhobbies.com<\/a><\/p>\n\n\n\n<h3 class=\"wp-block-heading\">Ev\u00e4steet<\/h3>\n\n\n\n<p class=\"wp-block-paragraph\">Ev\u00e4steet ovat tietokoneellesi sijoitettuja tekstitiedostoja Internetin lokitietojen ja k\u00e4vij\u00f6iden k\u00e4ytt\u00e4ytymistietojen ker\u00e4\u00e4miseksi. Kun vierailet verkkosivustoillamme, saatamme ker\u00e4t\u00e4 sinulta tietoja automaattisesti ev\u00e4steiden tai vastaavan tekniikan avulla<\/p>\n\n\n\n<p class=\"wp-block-paragraph\">Lis\u00e4tietoja on osoitteessa <a href=\"https:\/\/allaboutcookies.org\" target=\"_blank\" rel=\"noreferrer noopener nofollow\">allaboutcookies.org.<\/a><\/p>\n\n\n\n<h3 class=\"wp-block-heading\">Kuinka k\u00e4yt\u00e4mme ev\u00e4steit\u00e4?<\/h3>\n\n\n\n<p class=\"wp-block-paragraph\">Yrityksemme k\u00e4ytt\u00e4\u00e4 ev\u00e4steit\u00e4 monin tavoin parantaaksemme k\u00e4ytt\u00f6kokemustasi verkkosivustollamme, mukaan lukien:<\/p>\n\n\n\n<ul class=\"wp-block-list\"><li>Pid\u00e4mme sinut kirjautuneena sis\u00e4\u00e4n<\/li><li>Ymm\u00e4rt\u00e4\u00e4ksemme, miten k\u00e4yt\u00e4t verkkosivustoamme<\/li><\/ul>\n\n\n\n<h3 class=\"wp-block-heading\">Millaisia ev\u00e4steit\u00e4 k\u00e4yt\u00e4mme?<\/h3>\n\n\n\n<p class=\"wp-block-paragraph\">Ev\u00e4steit\u00e4 on kuitenkin useita erilaisia, mutta verkkosivustomme k\u00e4ytt\u00e4\u00e4:<\/p>\n\n\n\n<ul class=\"wp-block-list\"><li>Toimivuus - Yrityksemme k\u00e4ytt\u00e4\u00e4 n\u00e4it\u00e4 ev\u00e4steit\u00e4, jotta tunnistamme sinut verkkosivustollamme ja muistamme aiemmin valitsemasi asetukset. N\u00e4ihin voi kuulua haluamasi kieli ja sijainti, jossa olet. Ensimm\u00e4isen ja kolmannen osapuolen ev\u00e4steit\u00e4 k\u00e4ytet\u00e4\u00e4n.<\/li><li>Mainonta - Yrityksemme k\u00e4ytt\u00e4\u00e4 n\u00e4it\u00e4 ev\u00e4steit\u00e4 ker\u00e4t\u00e4kseen tietoja vierailustasi verkkosivustollamme, katsomastasi sis\u00e4ll\u00f6st\u00e4, seuraamistasi linkeist\u00e4 ja selaimesi, laitteesi ja IP-osoitteesi tiedoista. Yrityksemme jakaa joskus joitakin rajoitettuja tietoja n\u00e4ist\u00e4 tiedoista kolmansille osapuolille mainostarkoituksiin. Voimme my\u00f6s jakaa ev\u00e4steiden avulla ker\u00e4ttyj\u00e4 online-tietoja mainoskumppaneidemme kanssa. T\u00e4m\u00e4 tarkoittaa sit\u00e4, ett\u00e4 kun vierailet toisella verkkosivustolla, sinulle voidaan n\u00e4ytt\u00e4\u00e4 mainontaa verkkosivustomme selausmallien perusteella.<\/li><\/ul>\n\n\n\n<h3 class=\"wp-block-heading\">Ev\u00e4steiden hallinta<\/h3>\n\n\n\n<p class=\"wp-block-paragraph\">Voit asettaa selaimesi olemaan hyv\u00e4ksym\u00e4tt\u00e4 ev\u00e4steit\u00e4, ja yll\u00e4 oleva verkkosivusto kertoo, kuinka voit poistaa ev\u00e4steet selaimestasi. Joissakin tapauksissa jotkin verkkosivustomme ominaisuuksista eiv\u00e4t kuitenkaan v\u00e4ltt\u00e4m\u00e4tt\u00e4 toimi.<\/p>\n\n\n\n<h3 class=\"wp-block-heading\">Muiden verkkosivustojen tietosuojak\u00e4yt\u00e4nn\u00f6t<\/h3>\n\n\n\n<p class=\"wp-block-paragraph\">Yhti\u00f6mme verkkosivusto sis\u00e4lt\u00e4\u00e4 linkkej\u00e4 muille verkkosivustoille. Tietosuojak\u00e4yt\u00e4nt\u00f6mme koskee vain verkkosivustoamme, joten jos napsautat linkki\u00e4 toiselle verkkosivustolle, lue sen tietosuojak\u00e4yt\u00e4nt\u00f6.<\/p>\n\n\n\n<h3 class=\"wp-block-heading\">Muutokset tietosuojak\u00e4yt\u00e4nt\u00f6\u00f6mme<\/h3>\n\n\n\n<p class=\"wp-block-paragraph\">Yhti\u00f6mme pit\u00e4\u00e4 tietosuojak\u00e4yt\u00e4nt\u00f6\u00e4\u00e4n s\u00e4\u00e4nn\u00f6llisin v\u00e4liajoin tarkistettuna ja sijoittaa kaikki p\u00e4ivitykset t\u00e4lle verkkosivulle. T\u00e4m\u00e4 tietosuojak\u00e4yt\u00e4nt\u00f6 p\u00e4ivitettiin viimeksi 15. elokuuta 2021.<\/p>\n\n\n\n<h3 class=\"wp-block-heading\">Miten ottaa meihin yhteytt\u00e4?<\/h3>\n\n\n\n<p class=\"wp-block-paragraph\">Jos sinulla on kysytt\u00e4v\u00e4\u00e4 yrityksemme tietosuojak\u00e4yt\u00e4nn\u00f6st\u00e4, hallussamme olevista tiedoista tai haluat k\u00e4ytt\u00e4\u00e4 tietosuojaoikeuksiasi, \u00e4l\u00e4 ep\u00e4r\u00f6i ottaa meihin yhteytt\u00e4.<\/p>\n\n\n\n<p class=\"wp-block-paragraph\">L\u00e4het\u00e4 meille s\u00e4hk\u00f6postia osoitteeseen: <a href=\"mailto:info@originhobbies.com\" target=\"_blank\" rel=\"noreferrer noopener\">info@originhobbies.com<\/a><\/p>\n\n\n\n<p class=\"wp-block-paragraph\">Soita meille: +358-403286900<\/p>","protected":false},"excerpt":{"rendered":"<p>Introduction OriginHobbies is part of Octal Oy. We are committed to safeguarding the privacy of our website visitors; in this policy we explain how our organization uses the personal data collected from you when you use our website. By using our website and agreeing to this policy, you consent to our use of cookies in [&hellip;]<\/p>\n","protected":false},"author":1,"featured_media":0,"parent":0,"menu_order":0,"comment_status":"closed","ping_status":"closed","template":"","meta":{"_eb_attr":"","footnotes":""},"class_list":["post-1006","page","type-page","status-publish","hentry"],"jetpack_sharing_enabled":true,"jetpack_shortlink":"https:\/\/wp.me\/Ph9vxs-ge","_links":{"self":[{"href":"https:\/\/originhobbies.com\/fi\/wp-json\/wp\/v2\/pages\/1006","targetHints":{"allow":["GET"]}}],"collection":[{"href":"https:\/\/originhobbies.com\/fi\/wp-json\/wp\/v2\/pages"}],"about":[{"href":"https:\/\/originhobbies.com\/fi\/wp-json\/wp\/v2\/types\/page"}],"author":[{"embeddable":true,"href":"https:\/\/originhobbies.com\/fi\/wp-json\/wp\/v2\/users\/1"}],"replies":[{"embeddable":true,"href":"https:\/\/originhobbies.com\/fi\/wp-json\/wp\/v2\/comments?post=1006"}],"version-history":[{"count":0,"href":"https:\/\/originhobbies.com\/fi\/wp-json\/wp\/v2\/pages\/1006\/revisions"}],"wp:attachment":[{"href":"https:\/\/originhobbies.com\/fi\/wp-json\/wp\/v2\/media?parent=1006"}],"curies":[{"name":"wp","href":"https:\/\/api.w.org\/{rel}","templated":true}]}}