{"id":921,"date":"2021-07-27T17:23:00","date_gmt":"2021-07-27T15:23:00","guid":{"rendered":"http:\/\/originhobbies.com\/?post_type=product&#038;p=921"},"modified":"2026-04-06T01:06:57","modified_gmt":"2026-04-05T23:06:57","slug":"next-rc-flight-simulator-helicopters-airplanes-windows-osx-linux","status":"publish","type":"product","link":"https:\/\/originhobbies.com\/de\/shop\/rc-flight-simulators\/next-rc-flight-simulator-helicopters-airplanes-windows-osx-linux\/","title":{"rendered":"neXt RC Flight Simulator v2.x f\u00fcr RC-Hubschrauber und Flugzeuge"},"content":{"rendered":"<p>neXt RC Helicopter Flight Simulator v2.x f\u00fcr for Windows, Mac OSX and Linux Ubuntu.<\/p>\n<div class=\"container\">\n<div class=\"bg-info card mb-3 shadow text-white\">\n<div class=\"card-body\">\n<p class=\"card-text\"><b>Beim World Heli Simulator Contest 2020 war der neXt der beliebteste Simulator. 7 der 10 Finalisten flogen mit unserem Simulator.<\/b><\/p>\n<\/div>\n<\/div>\n<div class=\"row\">\n<div class=\"col-md-4\">\n<p>Dieser RC Modellflugsimulator l\u00e4utet die n\u00e4chste Evolutionsstufe in der Simulatorbranche ein. Mit dem Schwebeflugtrainer lernen Anf\u00e4nger das Fliegen. Fortgeschrittene Piloten nutzen den Autorotationstrainer um sich das richtige Steuerverhalten in dieser Situation einzupr\u00e4gen.<\/p>\n<p><b>DIES ist ein digitales Downloadprodukt und Sie erhalten die Lizenzschl\u00fcssel per E-Mail, sobald die Zahlung abgeschlossen ist.\u00a0<\/b><\/p>\n<h4><b>Herunterladen :<\/b><\/h4>\n<p><b><a class=\"redactor-autoparser-object\" href=\"https:\/\/www.cgm-online.com\/rc-flight-simulator\/download.html\" target=\"_blank\" rel=\"noopener nofollow\">https:\/\/www.cgm-online.com\/rc-flight-simulator\/download.html<\/a><\/b><\/p>\n<div class=\"col-md-4\">\n<h4>Sprachen<\/h4>\n<p class=\"card-text\">Englisch, Franz\u00f6sisch, Deutsch, Chinesisch, Portugiesisch, Spanisch, Italienisch<\/p>\n<h4 class=\"card-text\">Kopierschutz<\/h4>\n<p>F\u00fcr die Online Aktivierung ben\u00f6tigt der Computer eine Internetverbindung. Eine Person kann den neXt auf bis zu zwei Computern aktivieren. Die zwei Installationen k\u00f6nnen dann allerdings nicht gleichzeitig betrieben werden. Es verst\u00f6\u00dft gegen unsere Software Nutzungsbedingungen, wenn zwei Personen sich eine Lizenz teilen.<\/p>\n<\/div>\n<div class=\"col-md-4\">\n<h4>Demoversion<\/h4>\n<p>- <a href=\"https:\/\/www.cgm-online.com\/rc-flight-simulator\/download_e.html\" target=\"_blank\" rel=\"noopener nofollow\">-<\/a> - <b>-<\/b> Laden Sie den neXt von unserem Server herunter und testen ihn vor dem Kauf auf Ihrem Computer. Mit dem nicht aktivierten neXt k\u00f6nnen Sie nach jedem Neustart 2 Minuten lang per Fernsteuerung fliegen.<\/p>\n<\/div>\n<\/div>\n<\/div>\n<\/div>\n<h4>Lieferumfang<\/h4>\n<div class=\"container\">\n<div class=\"row\">\n<div class=\"col-md-4\">\n<p>Die aktuelle Version des neXt enth\u00e4lt 26 Szenerien, 90 Modellhelis, 15 Multicopter und 22 Fl\u00e4chenmodelle. Weitere Szenerien, Modelle und Funktionen kommen mit Updates dazu. Alle v 2.x Updates sind kostenlos <a href=\"https:\/\/www.cgm-online.com\/rc-flight-simulator\/download_e.html\" rel=\"nofollow noopener\" target=\"_blank\">Aktualisierung<\/a> sind kostenlos.<\/p>\n<h4>Videos<\/h4>\n<p>Um die Qualit\u00e4t der Physiksimulation zu demonstrieren, haben wir hier einige Videos ver\u00f6ffentlicht. <a href=\"https:\/\/www.cgm-online.com\/rc-flight-simulator\/next-videos_e.html\" target=\"_blank\" rel=\"noopener nofollow\">Videos<\/a> Hier.<\/p>\n<p><iframe loading=\"lazy\" title=\"YouTube video player\" src=\"https:\/\/www.youtube.com\/embed\/vYo4TIFOghk?start=228\" width=\"560\" height=\"315\" frameborder=\"0\" allowfullscreen=\"allowfullscreen\"><\/iframe><\/p>\n<\/div>\n<div class=\"col-md-4\">\n<p>Dank der hocheffektiven Programmierung unter der Haube der Grafik-Engine erhalten Sie nicht nur h\u00f6chste Qualit\u00e4t auf der neuesten Hardware, sondern auch fl\u00fcssige Performance auf \u00e4lteren Computersystemen.<\/p>\n<p>&nbsp;<\/p>\n<h4>System Anforderungen<\/h4>\n<p>Fenster<br \/>\nApple Mac OSX<br \/>\nUbuntu-Linux<\/p>\n<h5>Mindestsystem<\/h5>\n<p class=\"card-text\">CPU: 1,83 GHz und SSE2<br \/>\nArbeitsspeicher: 3 GB Arbeitsspeicher<br \/>\n1,15 GB Festplattenspeicher<br \/>\nGPU: DX10 und 256 MB RAM<\/p>\n<h5>Optimales System<\/h5>\n<p class=\"card-text\">CPU: 2,3 GHz und SSE2<br \/>\nArbeitsspeicher: 8 GB Arbeitsspeicher<br \/>\n1,4 GB Festplattenspeicher<br \/>\nGPU: DX10 und 2048 MB RAM<\/p>\n<\/div>\n<div class=\"col-md-4\">\n<p class=\"card-text\">Alle <b>Eingabeger\u00e4te<\/b> die ein Joystick-Signal ausgeben, werden akzeptiert:\u00a0<a href=\"https:\/\/www.cgm-online.com\/rc-flight-simulator\/next-input-devices_e.html\" target=\"_blank\" rel=\"noopener nofollow\">Kompatibilit\u00e4tsliste<\/a>. Der Simulator wird am besten mit einem Funksender genossen. OriginHobbies empfiehlt die <a href=\"https:\/\/originhobbies.com\/de\/produkt-kategorie-2\/funk-sender-empfanger\/radio-transmitters\/\" target=\"_blank\" rel=\"noopener\">Funkmaster TX16S<\/a><\/p>\n<\/div>\n<\/div>\n<div class=\"row\">\n<div class=\"col-md-4\">\n<h4>Trainings- und Flugmodi<\/h4>\n<h5>Anf\u00e4ngertauglich<\/h5>\n<p>Der Schwebeflugtrainer ist f\u00fcr Anf\u00e4nger gedacht. Immer mehr Steuerfunktionen k\u00f6nnen Sie schrittweise \u00fcbernehmen und so das Schweben aus den vier vorgegebenen Blickwinkeln erlernen. Ein R\u00fcckenflugtrainer komplettiert dieses Trainingsprogramm. Auch die Rettungsfunktion aktueller FBL Systeme wird simuliert (z.B. BEASTX Microbeast Pro-Edition).<\/p>\n<h5>Night Fly<\/h5>\n<p>mit Lagerfeuer und Scheinwerferlicht. Inspiriert von Camp Hardcore und Tony Whiteside. Der einzige Ort in den USA an dem Spotlight Flying erlaubt ist.<\/p>\n<h5>Rennstrecken<\/h5>\n<p>f\u00fcr Multicopter mit FPV Kamera und Top 30 Ranglisten (offline und online).<\/p>\n<\/div>\n<div class=\"col-md-4\">\n<h5>Fortgeschrittene<\/h5>\n<p>Der Simulator ist nat\u00fcrlich vollst\u00e4ndig 3D. Falls erforderlich, die <b>-<\/b> zeigt die Kn\u00fcppelbewegungen mit vier verf\u00fcgbaren Steuerzuweisungen. Jetzt kannst du trainieren <b>Klinge kratzen<\/b>. \u00dcben <b>Autorotationen<\/b> und lernen Sie die erforderlichen Tonh\u00f6heneingaben, um das Man\u00f6ver in der Realit\u00e4t mit Zuversicht durchzuf\u00fchren. Je mehr Energie sich in den Hauptrotorbl\u00e4ttern aufbaut, desto gelber wird die Flugdatenanzeige (unterhalb des Helikopters).<\/p>\n<h5>Trainingsvideos<\/h5>\n<p>Piro-Flip, Piro-Looping, Piro-Kreis, Piro-TicToc, ... Mit der Taste v \u00f6ffnen Sie den Flugrecorder im neXt. Klicken Sie auf Men\u00fc und dann auf das gew\u00fcnschte Trainingsvideo in der Liste.<\/p>\n<h5>VR<\/h5>\n<p>Erster Virtual Reality kompatibler Modellflugsimulator (Oculus Rift, HTC Vive und Windows Mixed Reality Headsets).<\/p>\n<\/div>\n<div class=\"col-md-4\">\n<h5>Spa\u00df<\/h5>\n<p>Auf Trainingsboxen k\u00f6nnen Sie mit dem Hubschrauber punktgenau landen. Ein zuschaltbarer Marker ist bei der Positionsbestimmung sehr hilfreich. Der Heli-Text zeigt direkt im Blickfeld beliebige Flugdaten an. Treffen Sie Ihre Freunde in online Flugtreffen. Bis zu 16 Piloten k\u00f6nnen zusammen fliegen. Ihre besten Fl\u00fcge k\u00f6nnen Sie mit dem integrierten Flugrecorder aufnehmen, abspeichern und sp\u00e4ter wieder anschauen.<\/p>\n<h5>Training f\u00fcr Filmproduktionen<\/h5>\n<p>Trainieren Sie Kamerafl\u00fcge in Kooperation zwischen Multicopter-Pilot und Kameramann am S1000 mit 3achs stabilisierter Kamerahalterung und GPS Stabilisierung in einer der X3D Szenerien. Mit einer zweiten Fernsteuerung oder einem Joypad l\u00e4sst sich die Kamerahalterung steuern (Society of Aerial Cinematography \/ SOAC).<\/p>\n<\/div>\n<\/div>\n<\/div>","protected":false},"excerpt":{"rendered":"<p>neXt RC Helicopter Flight Simulator v2.x download for Windows, Mac OSX and Linux Ubuntu. neXt flight simulator was the most popular simulator at the World Heli Simulator Contest 2020. 7 of the 10 WHSC 2020 finalists used neXt. The neXt level of radio control flight simulation. We gave our RC Flight Simulator the name neXt [&hellip;]<\/p>\n","protected":false},"featured_media":931,"comment_status":"open","ping_status":"closed","template":"","meta":{"_eb_attr":""},"product_brand":[],"product_cat":[60],"product_tag":[],"class_list":["post-921","product","type-product","status-publish","has-post-thumbnail","product_cat-rc-flight-simulators","first","instock","virtual","taxable","purchasable","product-type-simple"],"jetpack_sharing_enabled":true,"_links":{"self":[{"href":"https:\/\/originhobbies.com\/de\/wp-json\/wp\/v2\/product\/921","targetHints":{"allow":["GET"]}}],"collection":[{"href":"https:\/\/originhobbies.com\/de\/wp-json\/wp\/v2\/product"}],"about":[{"href":"https:\/\/originhobbies.com\/de\/wp-json\/wp\/v2\/types\/product"}],"replies":[{"embeddable":true,"href":"https:\/\/originhobbies.com\/de\/wp-json\/wp\/v2\/comments?post=921"}],"wp:featuredmedia":[{"embeddable":true,"href":"https:\/\/originhobbies.com\/de\/wp-json\/wp\/v2\/media\/931"}],"wp:attachment":[{"href":"https:\/\/originhobbies.com\/de\/wp-json\/wp\/v2\/media?parent=921"}],"wp:term":[{"taxonomy":"product_brand","embeddable":true,"href":"https:\/\/originhobbies.com\/de\/wp-json\/wp\/v2\/product_brand?post=921"},{"taxonomy":"product_cat","embeddable":true,"href":"https:\/\/originhobbies.com\/de\/wp-json\/wp\/v2\/product_cat?post=921"},{"taxonomy":"product_tag","embeddable":true,"href":"https:\/\/originhobbies.com\/de\/wp-json\/wp\/v2\/product_tag?post=921"}],"curies":[{"name":"wp","href":"https:\/\/api.w.org\/{rel}","templated":true}]}}