{"id":510,"date":"2021-06-20T18:19:34","date_gmt":"2021-06-20T15:19:34","guid":{"rendered":"http:\/\/originhobbies.com\/?post_type=product&#038;p=510"},"modified":"2026-04-06T01:06:57","modified_gmt":"2026-04-05T23:06:57","slug":"hobbywing-multifunction-lcd-program-box-v2-30502001-for-platinum-xerun-ezrun-esc","status":"publish","type":"product","link":"https:\/\/originhobbies.com\/de\/shop\/esc-accessories\/hobbywing-multifunction-lcd-program-box-v2-30502001-for-platinum-xerun-ezrun-esc\/","title":{"rendered":"Hobbywing Multifunktions-LCD-Programmbox V2 30502001 f\u00fcr Platinum, Xerun, Ezrun"},"content":{"rendered":"<div class=\"product--description\">\n<p>Hobbywing Multifunktions-LCD-Programmbox v2 ist f\u00fcr folgende HobbyWing-Produkte geeignet:<\/p>\n<ul>\n<li>Platinum-Serie von b\u00fcrstenlosen Flugzeugreglern,<\/li>\n<li>XeRun-Serie und EzRun-Serie von b\u00fcrstenlosen Auto-Reglern<\/li>\n<li>Seaking Pro-Serie von b\u00fcrstenlosen Bootsreglern<\/li>\n<\/ul>\n<p>Seine benutzerfreundliche LCD-Schnittstelle macht die ESC-Programmierung einfach und schnell. Mit einem PC k\u00f6nnen Sie die ESC-Firmware aktualisieren und die ESC-Parameter online weiter anpassen. Au\u00dferdem ist es kompakt, tragbar und sehr gut f\u00fcr den Feldeinsatz geeignet.<\/p>\n<p>Spezifikationen<br \/>\nGr\u00f6\u00dfe: 91x51x17mm (LxBxH)<br \/>\nGewicht: 65g<br \/>\nEingangsspannung: 4,5 V \u2013 12,6 V (f\u00fcr die Stromversorgung dieser Programmbox wird eine separate Batterie ben\u00f6tigt, wenn der Regler kein eingebautes\/externes BEC hat)<br \/>\nSchnittstelle: TYPE-C USB, ESC-Schnittstelle (Futaba-Stecker), Stromversorgungsschnittstelle<\/p>\n<p>USB-Typ-C-Kabel im Lieferumfang enthalten.<\/p>\n<\/div>","protected":false},"excerpt":{"rendered":"<p>Hobbywing multifunciton LCD program box v2 is applicable for the following HobbyWing products: Platinum series of brushless aircraft ESCs, XeRun series and EzRun series of brushless car ESCs Seaking Pro series of brushless boat ESCs Its friendly LCD interface makes ESC programming easy and quick. With a PC, you can upgrade ESC firmware and further [&hellip;]<\/p>\n","protected":false},"featured_media":515,"comment_status":"open","ping_status":"closed","template":"","meta":{"_eb_attr":""},"product_brand":[],"product_cat":[267],"product_tag":[],"class_list":{"0":"post-510","1":"product","2":"type-product","3":"status-publish","4":"has-post-thumbnail","6":"product_cat-esc-accessories","8":"first","9":"discontinued","10":"taxable","11":"shipping-taxable","12":"product-type-simple"},"jetpack_sharing_enabled":true,"_links":{"self":[{"href":"https:\/\/originhobbies.com\/de\/wp-json\/wp\/v2\/product\/510","targetHints":{"allow":["GET"]}}],"collection":[{"href":"https:\/\/originhobbies.com\/de\/wp-json\/wp\/v2\/product"}],"about":[{"href":"https:\/\/originhobbies.com\/de\/wp-json\/wp\/v2\/types\/product"}],"replies":[{"embeddable":true,"href":"https:\/\/originhobbies.com\/de\/wp-json\/wp\/v2\/comments?post=510"}],"wp:featuredmedia":[{"embeddable":true,"href":"https:\/\/originhobbies.com\/de\/wp-json\/wp\/v2\/media\/515"}],"wp:attachment":[{"href":"https:\/\/originhobbies.com\/de\/wp-json\/wp\/v2\/media?parent=510"}],"wp:term":[{"taxonomy":"product_brand","embeddable":true,"href":"https:\/\/originhobbies.com\/de\/wp-json\/wp\/v2\/product_brand?post=510"},{"taxonomy":"product_cat","embeddable":true,"href":"https:\/\/originhobbies.com\/de\/wp-json\/wp\/v2\/product_cat?post=510"},{"taxonomy":"product_tag","embeddable":true,"href":"https:\/\/originhobbies.com\/de\/wp-json\/wp\/v2\/product_tag?post=510"}],"curies":[{"name":"wp","href":"https:\/\/api.w.org\/{rel}","templated":true}]}}