{"id":24484,"date":"2026-03-16T00:45:41","date_gmt":"2026-03-15T22:45:41","guid":{"rendered":"https:\/\/originhobbies.com\/shop\/uncategorized\/oshm1245-omp-m1-v3-pro-tail-blade-screw-set\/"},"modified":"2026-04-28T15:52:14","modified_gmt":"2026-04-28T13:52:14","slug":"oshm1245-omp-m1-v3-pro-tail-blade-screw-set","status":"publish","type":"product","link":"https:\/\/originhobbies.com\/de\/shop\/helicopter-parts\/omphobby-spare-parts\/omphobby-m1-v3-pro-spare-parts\/oshm1245-omp-m1-v3-pro-tail-blade-screw-set\/","title":{"rendered":"OSHM1245 OMP M1 V3 Pro Tail blade Screw Set"},"content":{"rendered":"<p>Tail blade Screw Set for OMPHobby M1 V3 Pro Helicopter, OSHM1245<\/p>\n<h4>Beinhaltet<\/h4>\n<p>Washer \u03a61.5 \u00d7 \u03a64.5 \u00d7 0.3 \u00d7 1 Cup-head hex socket screw M1.4 \u00d7 3 \u00d7 1<\/p>","protected":false},"excerpt":{"rendered":"<p>Tail blade Screw Set for OMPHobby M1 V3 Pro Helicopter, OSHM1245 Includes Washer \u03a61.5 \u00d7 \u03a64.5 \u00d7 0.3 \u00d7 1 Cup-head hex socket screw M1.4 \u00d7 3 \u00d7 1<\/p>","protected":false},"featured_media":24483,"comment_status":"open","ping_status":"closed","template":"","meta":{"_eb_attr":""},"product_brand":[],"product_cat":[453],"product_tag":[],"class_list":{"0":"post-24484","1":"product","2":"type-product","3":"status-publish","4":"has-post-thumbnail","6":"product_cat-omphobby-m1-v3-pro-spare-parts","8":"first","9":"instock","10":"taxable","11":"shipping-taxable","12":"purchasable","13":"product-type-simple"},"jetpack_sharing_enabled":true,"_links":{"self":[{"href":"https:\/\/originhobbies.com\/de\/wp-json\/wp\/v2\/product\/24484","targetHints":{"allow":["GET"]}}],"collection":[{"href":"https:\/\/originhobbies.com\/de\/wp-json\/wp\/v2\/product"}],"about":[{"href":"https:\/\/originhobbies.com\/de\/wp-json\/wp\/v2\/types\/product"}],"replies":[{"embeddable":true,"href":"https:\/\/originhobbies.com\/de\/wp-json\/wp\/v2\/comments?post=24484"}],"wp:featuredmedia":[{"embeddable":true,"href":"https:\/\/originhobbies.com\/de\/wp-json\/wp\/v2\/media\/24483"}],"wp:attachment":[{"href":"https:\/\/originhobbies.com\/de\/wp-json\/wp\/v2\/media?parent=24484"}],"wp:term":[{"taxonomy":"product_brand","embeddable":true,"href":"https:\/\/originhobbies.com\/de\/wp-json\/wp\/v2\/product_brand?post=24484"},{"taxonomy":"product_cat","embeddable":true,"href":"https:\/\/originhobbies.com\/de\/wp-json\/wp\/v2\/product_cat?post=24484"},{"taxonomy":"product_tag","embeddable":true,"href":"https:\/\/originhobbies.com\/de\/wp-json\/wp\/v2\/product_tag?post=24484"}],"curies":[{"name":"wp","href":"https:\/\/api.w.org\/{rel}","templated":true}]}}