{"id":23836,"date":"2026-02-10T23:49:24","date_gmt":"2026-02-10T21:49:24","guid":{"rendered":"https:\/\/originhobbies.com\/shop\/uncategorized\/oshm2475-omp-m2-v3-sport-main-rotor-blade-grip-set-silver\/"},"modified":"2026-04-28T15:52:38","modified_gmt":"2026-04-28T13:52:38","slug":"oshm2475-omp-m2-v3-sport-main-rotor-blade-grip-set-silver","status":"publish","type":"product","link":"https:\/\/originhobbies.com\/de\/shop\/helicopter-parts\/omphobby-spare-parts\/omp-m2-v3-pro-spare-parts\/oshm2475-omp-m2-v3-sport-main-rotor-blade-grip-set-silver\/","title":{"rendered":"OSHM2475 OMP M2 V3 Sport Main Rotor Blade Grip Set (Silver)"},"content":{"rendered":"<p>Main Rotor Blade Grip Set (Silver) for OMPHobby M2 V3 Sport Helicopter, OSHM2475<\/p>\n<h4>Beinhaltet<\/h4>\n<p>Main Rotor Blade  Grip*1<br \/>\n\u03c63*\u03c66*2.8mm thrust bearing &#8211; 1pc<br \/>\n\u03c63\u00d7\u03c66\u00d72.5mm bearing (paddle clamp) &#8211; 2pcs<br \/>\n\u03c64\u00d7\u03c66\u00d70.1mm washer (paddle clamp) &#8211; 1pc<br \/>\nM2\u00d77\u00d72.8-L-2.8 ball head screw &#8211; 1pc<\/p>","protected":false},"excerpt":{"rendered":"<p>Main Rotor Blade Grip Set (Silver) for OMPHobby M2 V3 Sport Helicopter, OSHM2475 Includes Main Rotor Blade Grip*1 \u03c63*\u03c66*2.8mm thrust bearing &#8211; 1pc \u03c63\u00d7\u03c66\u00d72.5mm bearing (paddle clamp) &#8211; 2pcs \u03c64\u00d7\u03c66\u00d70.1mm washer (paddle clamp) &#8211; 1pc M2\u00d77\u00d72.8-L-2.8 ball head screw &#8211; 1pc<\/p>","protected":false},"featured_media":23835,"comment_status":"open","ping_status":"closed","template":"","meta":{"_eb_attr":""},"product_brand":[],"product_cat":[370],"product_tag":[],"class_list":["post-23836","product","type-product","status-publish","has-post-thumbnail","product_cat-omp-m2-v3-pro-spare-parts","first","instock","taxable","shipping-taxable","purchasable","product-type-simple"],"jetpack_sharing_enabled":true,"_links":{"self":[{"href":"https:\/\/originhobbies.com\/de\/wp-json\/wp\/v2\/product\/23836","targetHints":{"allow":["GET"]}}],"collection":[{"href":"https:\/\/originhobbies.com\/de\/wp-json\/wp\/v2\/product"}],"about":[{"href":"https:\/\/originhobbies.com\/de\/wp-json\/wp\/v2\/types\/product"}],"replies":[{"embeddable":true,"href":"https:\/\/originhobbies.com\/de\/wp-json\/wp\/v2\/comments?post=23836"}],"wp:featuredmedia":[{"embeddable":true,"href":"https:\/\/originhobbies.com\/de\/wp-json\/wp\/v2\/media\/23835"}],"wp:attachment":[{"href":"https:\/\/originhobbies.com\/de\/wp-json\/wp\/v2\/media?parent=23836"}],"wp:term":[{"taxonomy":"product_brand","embeddable":true,"href":"https:\/\/originhobbies.com\/de\/wp-json\/wp\/v2\/product_brand?post=23836"},{"taxonomy":"product_cat","embeddable":true,"href":"https:\/\/originhobbies.com\/de\/wp-json\/wp\/v2\/product_cat?post=23836"},{"taxonomy":"product_tag","embeddable":true,"href":"https:\/\/originhobbies.com\/de\/wp-json\/wp\/v2\/product_tag?post=23836"}],"curies":[{"name":"wp","href":"https:\/\/api.w.org\/{rel}","templated":true}]}}