{"id":22895,"date":"2026-01-06T23:47:58","date_gmt":"2026-01-06T21:47:58","guid":{"rendered":"https:\/\/originhobbies.com\/shop\/uncategorized\/oshm7278-omp-m7r-m7r-tensioner-mounting-set\/"},"modified":"2026-04-06T01:03:34","modified_gmt":"2026-04-05T23:03:34","slug":"oshm7278-omp-m7r-m7r-tensioner-mounting-set","status":"publish","type":"product","link":"https:\/\/originhobbies.com\/de\/shop\/helicopter-parts\/omphobby-spare-parts\/omphobby-m7r-spare-parts\/oshm7278-omp-m7r-m7r-tensioner-mounting-set\/","title":{"rendered":"OSHM7278 OMP M7R Tensioner Mounting Set"},"content":{"rendered":"<p>Tensioner Mounting Set for OMPHobby M7R Helicopter, OSHM7278<\/p>\n<h4>Beinhaltet<\/h4>\n<p>Tensioner Mounting Base (x1) (7R-021)<br \/>\nTensioner Pivot Reinforcement (x1) (7-015)<br \/>\nTensioner Lever (x1) (7-016)<br \/>\nSpacer (x1) \u00d83x\u00d85&#215;2.1 (7-192)<br \/>\nBearing (x2) \u00d83x\u00d88&#215;3 (7-170)<br \/>\nHex Screw M2x8 (x2) (7-121)<br \/>\nCountersunk Screw M3x16 (x1) (7-157)<\/p>","protected":false},"excerpt":{"rendered":"<p>Tensioner Mounting Set for OMPHobby M7R Helicopter, OSHM7278 Includes Tensioner Mounting Base (x1) (7R-021) Tensioner Pivot Reinforcement (x1) (7-015) Tensioner Lever (x1) (7-016) Spacer (x1) \u00d83x\u00d85&#215;2.1 (7-192) Bearing (x2) \u00d83x\u00d88&#215;3 (7-170) Hex Screw M2x8 (x2) (7-121) Countersunk Screw M3x16 (x1) (7-157)<\/p>","protected":false},"featured_media":22894,"comment_status":"open","ping_status":"closed","template":"","meta":{"_eb_attr":""},"product_brand":[],"product_cat":[416],"product_tag":[],"class_list":{"0":"post-22895","1":"product","2":"type-product","3":"status-publish","4":"has-post-thumbnail","6":"product_cat-omphobby-m7r-spare-parts","8":"first","9":"instock","10":"taxable","11":"shipping-taxable","12":"purchasable","13":"product-type-simple"},"jetpack_sharing_enabled":true,"_links":{"self":[{"href":"https:\/\/originhobbies.com\/de\/wp-json\/wp\/v2\/product\/22895","targetHints":{"allow":["GET"]}}],"collection":[{"href":"https:\/\/originhobbies.com\/de\/wp-json\/wp\/v2\/product"}],"about":[{"href":"https:\/\/originhobbies.com\/de\/wp-json\/wp\/v2\/types\/product"}],"replies":[{"embeddable":true,"href":"https:\/\/originhobbies.com\/de\/wp-json\/wp\/v2\/comments?post=22895"}],"wp:featuredmedia":[{"embeddable":true,"href":"https:\/\/originhobbies.com\/de\/wp-json\/wp\/v2\/media\/22894"}],"wp:attachment":[{"href":"https:\/\/originhobbies.com\/de\/wp-json\/wp\/v2\/media?parent=22895"}],"wp:term":[{"taxonomy":"product_brand","embeddable":true,"href":"https:\/\/originhobbies.com\/de\/wp-json\/wp\/v2\/product_brand?post=22895"},{"taxonomy":"product_cat","embeddable":true,"href":"https:\/\/originhobbies.com\/de\/wp-json\/wp\/v2\/product_cat?post=22895"},{"taxonomy":"product_tag","embeddable":true,"href":"https:\/\/originhobbies.com\/de\/wp-json\/wp\/v2\/product_tag?post=22895"}],"curies":[{"name":"wp","href":"https:\/\/api.w.org\/{rel}","templated":true}]}}