{"id":1202,"date":"2021-09-04T18:07:40","date_gmt":"2021-09-04T15:07:40","guid":{"rendered":"http:\/\/originhobbies.com\/?post_type=product&#038;p=1202"},"modified":"2026-04-28T15:52:01","modified_gmt":"2026-04-28T13:52:01","slug":"omphobby-m2-explore-helicopter-bnf","status":"publish","type":"product","link":"https:\/\/originhobbies.com\/de\/shop\/rc-helicopters\/helicopter-rtf-bnf-kits\/omphobby-m2-explore-helicopter-bnf\/","title":{"rendered":"OMPHobby M2 Explore RC Helicopter BnF"},"content":{"rendered":"<div>Die OMPHobby M2 Explore (EXP) 2021-Version ist BnF (Bind and Fly) und wird mit aktualisiertem Ganzmetall-Head und Swash geliefert. Es verwendet kohlenstoffverst\u00e4rktes Polymer f\u00fcr Servogeh\u00e4use. Mit dem gleichen verbesserten und vollst\u00e4ndig konfigurierbaren Flugregler, verbessertem ESC mit Reglerfunktion, neuem &quot;Teardrop&quot;-Heckausleger, robustem Fahrwerk des V2 verschenkt er nichts an Leistung. M2 Explore ist ein hochwertiges Produkt, das vom OMPHOBBY R &amp; D-Team f\u00fcr Hubschrauberenthusiasten entwickelt wurde. Seine kompakte Gr\u00f6\u00dfe eignet sich f\u00fcr den flexiblen Indoor-Flug und den heftigen Outdoor-Flug.<\/div>\n<p>&nbsp;<\/p>\n<hr \/>\n<p><span style=\"color: #ff0000;\">WARNUNG!<\/span> Dies ist kein Spielzeug. Unsachgem\u00e4\u00dfer Gebrauch kann zu schweren Verletzungen f\u00fchren. Es wird empfohlen, vor dem Fliegen dieses Modells mit einem RC-Simulator zu \u00fcben. Nicht f\u00fcr Kinder geeignet.<br \/>\n<a href=\"https:\/\/originhobbies.com\/de\/legal-disclaimer\/\">Lesen Sie mehr!<\/a><\/p>\n<div>\n<hr \/>\n<p>Hinweis: Der M2 EXP Helikopter wird mit einem eingebauten OMPHobby-Empf\u00e4nger geliefert. Es verf\u00fcgt \u00fcber einen SBUS-Port zum Anschluss Ihres eigenen Receivers.<\/p>\n<p><strong><a href=\"https:\/\/originhobbies.com\/de\/shop\/helicopter-parts\/omp-m2-parts\/omphobby-m2-swash-leveling-tool\/\">M2 Swash leveling tool<\/a> provided free with every M2 Helicopter purchase!<\/strong><\/p>\n<p><img loading=\"lazy\" decoding=\"async\" class=\"alignnone wp-image-4825\" src=\"https:\/\/originhobbies.com\/wp-content\/uploads\/2022\/09\/oh-m2-swash-tool5-300x300.jpg\" alt=\"OMPHobby M2 Swash leveling tool\" width=\"209\" height=\"209\" srcset=\"https:\/\/originhobbies.com\/wp-content\/uploads\/2022\/09\/oh-m2-swash-tool5-300x300.jpg 300w, https:\/\/originhobbies.com\/wp-content\/uploads\/2022\/09\/oh-m2-swash-tool5-150x150.jpg 150w, https:\/\/originhobbies.com\/wp-content\/uploads\/2022\/09\/oh-m2-swash-tool5-12x12.jpg 12w, https:\/\/originhobbies.com\/wp-content\/uploads\/2022\/09\/oh-m2-swash-tool5-324x324.jpg 324w, https:\/\/originhobbies.com\/wp-content\/uploads\/2022\/09\/oh-m2-swash-tool5-416x416.jpg 416w, https:\/\/originhobbies.com\/wp-content\/uploads\/2022\/09\/oh-m2-swash-tool5-100x100.jpg 100w, https:\/\/originhobbies.com\/wp-content\/uploads\/2022\/09\/oh-m2-swash-tool5.jpg 700w\" sizes=\"auto, (max-width: 209px) 100vw, 209px\" \/><\/p>\n<h4>Spezifikationen<\/h4>\n<ul>\n<li><strong>Hauptmotor:<\/strong> SunnySky V4<\/li>\n<li><strong>Heckmotor:<\/strong> SunnySky R1<\/li>\n<li><strong>Servos:<\/strong> Metallgetriebe, Polymergeh\u00e4use<\/li>\n<li><strong>Hauptrotordurchmesser:<\/strong> 400 mm<\/li>\n<li><strong>Durchmesser des Heckrotors:<\/strong> 71mm<\/li>\n<li><strong>Fluggewicht:<\/strong> ca.306g<\/li>\n<li><strong>Ma\u00dfe:<\/strong> 408mm*72mm*133mm<\/li>\n<li><strong>Batterie:<\/strong> 3S 650 mAh 45C<\/li>\n<li><strong>Flugzeit:<\/strong> Maximale Flugzeit 9 Minuten \u2013 4 Minuten f\u00fcr extreme 3D-Man\u00f6ver<\/li>\n<li><strong>Inbegriffen:<\/strong> 1 x Akku, 3 x Servoarme, 1 x Hauptwelle, 1 x Federwelle, Ersatzschrauben, EPP-Koffer<\/li>\n<li><strong>Erforderlich<\/strong>: OMPHobby T6-Sender (nicht im Lieferumfang enthalten) oder Ihr eigener Tx- und DSM2\/X- oder SBus-Empf\u00e4nger<\/li>\n<\/ul>\n<h4>Downloads<\/h4>\n<ul>\n<li><a href=\"https:\/\/originhobbies.com\/de\/omphobby-m1-m2-evo-rtf-user-guides\/\">OriginHobbies RTF User guides (TX16S \/ Zorro)<\/a><\/li>\n<li><a href=\"https:\/\/originhobbies.com\/de\/m2-v2-exp-evo-flight-controller-settings\/\">M2 Flight Controller user guide<\/a><\/li>\n<li><a href=\"https:\/\/originhobbies.com\/wp-content\/uploads\/2021\/12\/OMP_Hobby_M2_Explore_updated_manual.pdf\" target=\"_blank\" rel=\"noopener\">OMP M2 Explore (updated) User Manual<\/a><\/li>\n<li><a href=\"https:\/\/originhobbies.com\/de\/radio-setup-guides-for-omphobby-m2-omp-m1\/\">Radio Setup guides (TX16S \/ Zorro \/ Futaba T18SZ)<\/a><\/li>\n<li><a href=\"https:\/\/originhobbies.com\/de\/omphobby-m2-part-list\/\">OMP M2 Spare Parts list<\/a><\/li>\n<li><a href=\"https:\/\/originhobbies.com\/de\/mikado-logo-200-vs-omphobby-m2-parts-kompatibilitatsreferenz\/\">Kompatibilit\u00e4tsreferenz f\u00fcr Mikado Logo 200 vs. OMP M2 Teile<\/a><\/li>\n<\/ul>\n<h4>Videos<\/h4>\n<p>Model flown by our team pilot Matthew De Wilde.<\/p>\n<p><iframe loading=\"lazy\" title=\"YouTube video player\" src=\"https:\/\/www.youtube.com\/embed\/AsGBNoZFLbs\" width=\"560\" height=\"315\" frameborder=\"0\" allowfullscreen=\"allowfullscreen\"><\/iframe><\/p>\n<p><iframe loading=\"lazy\" title=\"YouTube video player\" src=\"https:\/\/www.youtube.com\/embed\/TDSgXBAj1rw\" width=\"560\" height=\"315\" frameborder=\"0\" allowfullscreen=\"allowfullscreen\"><\/iframe><\/p>\n<p><iframe loading=\"lazy\" title=\"YouTube video player\" src=\"https:\/\/www.youtube.com\/embed\/14_mtj5ibF0\" width=\"560\" height=\"315\" frameborder=\"0\" allowfullscreen=\"allowfullscreen\"><\/iframe><\/p>\n<\/div>","protected":false},"excerpt":{"rendered":"<p>The OMPHobby M2 Explore (EXP) 2021 version is BnF (Bind and Fly) and comes with updated all metal Head and Swash. It uses carbon reinforced polymer for servo cases. Featuring the same improved and fully configurable flight controller, improved ESC with governor function, new \u2018teardrop\u2019 tail boom, robust landing gear of the V2, it gives [&hellip;]<\/p>\n","protected":false},"featured_media":1724,"comment_status":"open","ping_status":"closed","template":"","meta":{"_eb_attr":""},"product_brand":[],"product_cat":[23],"product_tag":[],"class_list":{"0":"post-1202","1":"product","2":"type-product","3":"status-publish","4":"has-post-thumbnail","6":"product_cat-helicopter-rtf-bnf-kits","8":"first","9":"outofstock","10":"taxable","11":"shipping-taxable","12":"purchasable","13":"product-type-simple"},"jetpack_sharing_enabled":true,"_links":{"self":[{"href":"https:\/\/originhobbies.com\/de\/wp-json\/wp\/v2\/product\/1202","targetHints":{"allow":["GET"]}}],"collection":[{"href":"https:\/\/originhobbies.com\/de\/wp-json\/wp\/v2\/product"}],"about":[{"href":"https:\/\/originhobbies.com\/de\/wp-json\/wp\/v2\/types\/product"}],"replies":[{"embeddable":true,"href":"https:\/\/originhobbies.com\/de\/wp-json\/wp\/v2\/comments?post=1202"}],"wp:featuredmedia":[{"embeddable":true,"href":"https:\/\/originhobbies.com\/de\/wp-json\/wp\/v2\/media\/1724"}],"wp:attachment":[{"href":"https:\/\/originhobbies.com\/de\/wp-json\/wp\/v2\/media?parent=1202"}],"wp:term":[{"taxonomy":"product_brand","embeddable":true,"href":"https:\/\/originhobbies.com\/de\/wp-json\/wp\/v2\/product_brand?post=1202"},{"taxonomy":"product_cat","embeddable":true,"href":"https:\/\/originhobbies.com\/de\/wp-json\/wp\/v2\/product_cat?post=1202"},{"taxonomy":"product_tag","embeddable":true,"href":"https:\/\/originhobbies.com\/de\/wp-json\/wp\/v2\/product_tag?post=1202"}],"curies":[{"name":"wp","href":"https:\/\/api.w.org\/{rel}","templated":true}]}}