{"id":11428,"date":"2024-05-15T20:53:41","date_gmt":"2024-05-15T18:53:41","guid":{"rendered":"http:\/\/originhobbies.com\/shop\/uncategorized\/oshm7061-omp-m7-sprag-clutch-assembly\/"},"modified":"2026-04-06T01:05:36","modified_gmt":"2026-04-05T23:05:36","slug":"oshm7061-omp-m7-sprag-clutch-assembly","status":"publish","type":"product","link":"https:\/\/originhobbies.com\/de\/shop\/helicopter-parts\/omphobby-spare-parts\/omphobby-m7-spare-parts\/oshm7061-omp-m7-sprag-clutch-assembly\/","title":{"rendered":"OSHM7061 OMP M7 Sprag Clutch Assembly"},"content":{"rendered":"<p>Sprag Clutch Assembly for OMPHobby M7 Helicopter, OSHM7061<\/p>\n<h4>Beinhaltet<\/h4>\n<p>Sprag Clutch Housing (\u00d71) (7-056)<br \/>\n15mm Sprag Clutch (\u00d71) (7-057)<br \/>\nMain Gear Hub (\u00d71) (7-051)<br \/>\nBearing \u03a615x\u03a621&#215;4 (\u00d72) (7-176)<\/p>","protected":false},"excerpt":{"rendered":"<p>Sprag Clutch Assembly for OMPHobby M7 Helicopter, OSHM7061 Includes Sprag Clutch Housing (\u00d71) (7-056) 15mm Sprag Clutch (\u00d71) (7-057) Main Gear Hub (\u00d71) (7-051) Bearing \u03a615x\u03a621&#215;4 (\u00d72) (7-176)<\/p>","protected":false},"featured_media":11427,"comment_status":"open","ping_status":"closed","template":"","meta":{"_eb_attr":""},"product_brand":[],"product_cat":[278],"product_tag":[],"class_list":{"0":"post-11428","1":"product","2":"type-product","3":"status-publish","4":"has-post-thumbnail","6":"product_cat-omphobby-m7-spare-parts","8":"first","9":"instock","10":"taxable","11":"shipping-taxable","12":"purchasable","13":"product-type-simple"},"jetpack_sharing_enabled":true,"_links":{"self":[{"href":"https:\/\/originhobbies.com\/de\/wp-json\/wp\/v2\/product\/11428","targetHints":{"allow":["GET"]}}],"collection":[{"href":"https:\/\/originhobbies.com\/de\/wp-json\/wp\/v2\/product"}],"about":[{"href":"https:\/\/originhobbies.com\/de\/wp-json\/wp\/v2\/types\/product"}],"replies":[{"embeddable":true,"href":"https:\/\/originhobbies.com\/de\/wp-json\/wp\/v2\/comments?post=11428"}],"wp:featuredmedia":[{"embeddable":true,"href":"https:\/\/originhobbies.com\/de\/wp-json\/wp\/v2\/media\/11427"}],"wp:attachment":[{"href":"https:\/\/originhobbies.com\/de\/wp-json\/wp\/v2\/media?parent=11428"}],"wp:term":[{"taxonomy":"product_brand","embeddable":true,"href":"https:\/\/originhobbies.com\/de\/wp-json\/wp\/v2\/product_brand?post=11428"},{"taxonomy":"product_cat","embeddable":true,"href":"https:\/\/originhobbies.com\/de\/wp-json\/wp\/v2\/product_cat?post=11428"},{"taxonomy":"product_tag","embeddable":true,"href":"https:\/\/originhobbies.com\/de\/wp-json\/wp\/v2\/product_tag?post=11428"}],"curies":[{"name":"wp","href":"https:\/\/api.w.org\/{rel}","templated":true}]}}