{"id":159,"date":"2021-06-06T14:33:50","date_gmt":"2021-06-06T12:33:50","guid":{"rendered":"http:\/\/originhobbies.com\/?page_id=159"},"modified":"2025-10-02T14:11:37","modified_gmt":"2025-10-02T12:11:37","slug":"uber-herkunfthobbies","status":"publish","type":"page","link":"https:\/\/originhobbies.com\/de\/about-originhobbies\/","title":{"rendered":"\u00dcber uns"},"content":{"rendered":"<p class=\"wp-block-paragraph\">Wir f\u00fchren hochwertige RC Helikopter Modelle, Ersatzteile und Fernsteuersysteme. Wir versenden EU-weit.<\/p>\n\n\n\n<p class=\"wp-block-paragraph\">Wir sind seit \u00fcber 10 Jahren im RC-Hobby t\u00e4tig und haben umfangreiche Erfahrung im Bau und Fliegen von RC-Helikoptern, RC-Flugzeugen, RC-Drohnen und RC-Cars. Unter ihnen lieben wir RC-Helikopter am meisten. Leider sind RC-Helikopter bei neuen Hobbyisten nicht mehr beliebt, da sie sehr anspruchsvoll zu bauen und noch schwieriger zu fliegen sind. Eine der Hauptabsichten von OriginHobbies ist es, #keeprchelisalive zu bieten, indem es Ihnen gro\u00dfartige Modelle und Ersatzteile bringt.<\/p>\n\n\n\n<p class=\"wp-block-paragraph\">Wir haben unseren Sitz in Espoo, Finnland. Wir werden Ihre Bestellung so schnell wie m\u00f6glich versenden und Ihnen alle Unterst\u00fctzung bieten, die Sie mit Ihrem Modell ben\u00f6tigen. Nehmen Sie gerne Kontakt mit uns auf und wir melden uns schnellstm\u00f6glich bei Ihnen zur\u00fcck!<\/p>\n\n\n\n<p class=\"wp-block-paragraph\"><strong>OriginHobbies<\/strong> ist ein eingetragenes Warenzeichen von <strong>Octal Oy<\/strong>.<br>Gesch\u00e4fts-ID: 32253774<br>Umsatzsteuer-Identifikationsnummer: FI 32253774<\/p>\n\n\n\n<p class=\"wp-block-paragraph\"><strong>Kontaktinformationen:<\/strong><\/p>\n\n\n\n<p class=\"wp-block-paragraph\"><strong>Telefon \/ WhatsApp<\/strong>: +358-403286900<br><strong>Email<\/strong>: <a href=\"mailto:info@originhobbies.com\">info@originhobbies.com<\/a><br><strong>Die Anschrift<\/strong>: Piilipuuntie 14 A 8, Espoo 02250, Finland<\/p>\n\n\n\n<p class=\"wp-block-paragraph\">Sie k\u00f6nnen auch auf die unten stehenden Social-Media-Links klicken, um uns zu erreichen.<\/p>\n\n\n\n<p class=\"wp-block-paragraph\">Gr\u00fc\u00dfe,<br>OriginHobbies<\/p>","protected":false},"excerpt":{"rendered":"<p>We stock high quality RC Helicopter models, spare parts and radio control systems. We ship EU wide. We have been been in the RC hobby for over 10 years and have extensive experience building and flying RC helicopters, RC airplanes, RC drones and RC cars. Among them we love RC helicopters the most. Unfortunately, RC [&hellip;]<\/p>\n","protected":false},"author":1,"featured_media":0,"parent":0,"menu_order":0,"comment_status":"closed","ping_status":"closed","template":"","meta":{"_eb_attr":"","footnotes":""},"class_list":["post-159","page","type-page","status-publish","hentry"],"jetpack_sharing_enabled":true,"jetpack_shortlink":"https:\/\/wp.me\/Ph9vxs-2z","_links":{"self":[{"href":"https:\/\/originhobbies.com\/de\/wp-json\/wp\/v2\/pages\/159","targetHints":{"allow":["GET"]}}],"collection":[{"href":"https:\/\/originhobbies.com\/de\/wp-json\/wp\/v2\/pages"}],"about":[{"href":"https:\/\/originhobbies.com\/de\/wp-json\/wp\/v2\/types\/page"}],"author":[{"embeddable":true,"href":"https:\/\/originhobbies.com\/de\/wp-json\/wp\/v2\/users\/1"}],"replies":[{"embeddable":true,"href":"https:\/\/originhobbies.com\/de\/wp-json\/wp\/v2\/comments?post=159"}],"version-history":[{"count":0,"href":"https:\/\/originhobbies.com\/de\/wp-json\/wp\/v2\/pages\/159\/revisions"}],"wp:attachment":[{"href":"https:\/\/originhobbies.com\/de\/wp-json\/wp\/v2\/media?parent=159"}],"curies":[{"name":"wp","href":"https:\/\/api.w.org\/{rel}","templated":true}]}}