{"id":808,"date":"2021-07-06T17:45:46","date_gmt":"2021-07-06T15:45:46","guid":{"rendered":"http:\/\/originhobbies.com\/?post_type=product&#038;p=808"},"modified":"2026-04-06T01:06:58","modified_gmt":"2026-04-05T23:06:58","slug":"radiomaster-leather-side-grips-for-tx16s-cowboy-brown-black","status":"publish","type":"product","link":"https:\/\/originhobbies.com\/da\/shop\/radio-control\/radio-transmitters-receivers\/radiomaster-tx16s-accessories\/radiomaster-leather-side-grips-for-tx16s-cowboy-brown-black\/","title":{"rendered":"Radiomaster l\u00e6der sidegreb til TX16S (cowboy, brun, sort)"},"content":{"rendered":"<p>L\u00e6dersidegreb til Radiomaster TX16S, ligesom dem der er inkluderet i MAX -udgaven. Ogs\u00e5 velegnet til opgradering af normale udgaver.<\/p>\n<p><strong><span style=\"color: #ff0000;\">NOTE<\/span>: These grips will fit TX16S MKII as well.<\/strong><\/p>\n<h4>Inkluderet:<\/h4>\n<p>L\u00e6der sidegreb (par)<\/p>\n<p>Farvevalg: Cowboy brun \/ brun \/ sort<\/p>\n<p>Radio medf\u00f8lger ikke<\/p>","protected":false},"excerpt":{"rendered":"<p>Leather Side Grips for the Radiomaster TX16S, just like the ones included in the MAX edition. Also suitable for upgrading normal editions. NOTE: These grips will fit TX16S MKII as well. Included: Leather Side Grips (Pair) Color choices: Cowboy brown \/ brown \/ black Radio not included<\/p>","protected":false},"featured_media":812,"comment_status":"open","ping_status":"closed","template":"","meta":{"_eb_attr":""},"product_brand":[],"product_cat":[53,239],"product_tag":[],"class_list":["post-808","product","type-product","status-publish","has-post-thumbnail","product_cat-radiomaster-tx16s-accessories","product_cat-radiomaster-accessories","first","instock","taxable","shipping-taxable","purchasable","product-type-variable","has-default-attributes"],"jetpack_sharing_enabled":true,"_links":{"self":[{"href":"https:\/\/originhobbies.com\/da\/wp-json\/wp\/v2\/product\/808","targetHints":{"allow":["GET"]}}],"collection":[{"href":"https:\/\/originhobbies.com\/da\/wp-json\/wp\/v2\/product"}],"about":[{"href":"https:\/\/originhobbies.com\/da\/wp-json\/wp\/v2\/types\/product"}],"replies":[{"embeddable":true,"href":"https:\/\/originhobbies.com\/da\/wp-json\/wp\/v2\/comments?post=808"}],"wp:featuredmedia":[{"embeddable":true,"href":"https:\/\/originhobbies.com\/da\/wp-json\/wp\/v2\/media\/812"}],"wp:attachment":[{"href":"https:\/\/originhobbies.com\/da\/wp-json\/wp\/v2\/media?parent=808"}],"wp:term":[{"taxonomy":"product_brand","embeddable":true,"href":"https:\/\/originhobbies.com\/da\/wp-json\/wp\/v2\/product_brand?post=808"},{"taxonomy":"product_cat","embeddable":true,"href":"https:\/\/originhobbies.com\/da\/wp-json\/wp\/v2\/product_cat?post=808"},{"taxonomy":"product_tag","embeddable":true,"href":"https:\/\/originhobbies.com\/da\/wp-json\/wp\/v2\/product_tag?post=808"}],"curies":[{"name":"wp","href":"https:\/\/api.w.org\/{rel}","templated":true}]}}