{"id":806,"date":"2021-07-06T17:35:21","date_gmt":"2021-07-06T14:35:21","guid":{"rendered":"http:\/\/originhobbies.com\/?post_type=product&#038;p=806"},"modified":"2026-04-06T01:06:57","modified_gmt":"2026-04-05T23:06:57","slug":"radiomaster-tx16s-folding-handle","status":"publish","type":"product","link":"https:\/\/originhobbies.com\/da\/shop\/radio-control\/radio-transmitters-receivers\/radiomaster-tx16s-accessories\/radiomaster-tx16s-folding-handle\/","title":{"rendered":"RadioMaster TX16S foldeh\u00e5ndtag"},"content":{"rendered":"<p>Plastfoldeh\u00e5ndtag til Radiomaster TX16S.<\/p>\n<p><strong>Discontinued!<\/strong> For alternative please use <a href=\"https:\/\/originhobbies.com\/da\/shop\/radio-control\/radiomaster-accessories\/radiomaster-tx16s-cnc-metal-folding-handle\/\">TX16S CNC folding handle<\/a><\/p>\n<p>G\u00f8r din sender mere slank med dette foldbare h\u00e5ndtag. F\u00e5 den til at passe ind i stofkufferten.<\/p>\n<h4>Inkluderet:<\/h4>\n<p>- Plastfoldeh\u00e5ndtag<br \/>\n- Monteringsskruer<\/p>","protected":false},"excerpt":{"rendered":"<p>Plastic folding handle for Radiomaster TX16S. Discontinued! For alternative please use TX16S CNC folding handle Make your transmitter more sleek with this folding handle. Make it fit inside fabric carry case. Included: &#8211; Plastic Folding Handle &#8211; Mounting Screws<\/p>","protected":false},"featured_media":807,"comment_status":"open","ping_status":"closed","template":"","meta":{"_eb_attr":""},"product_brand":[],"product_cat":[53,239],"product_tag":[],"class_list":{"0":"post-806","1":"product","2":"type-product","3":"status-publish","4":"has-post-thumbnail","6":"product_cat-radiomaster-tx16s-accessories","7":"product_cat-radiomaster-accessories","9":"first","10":"discontinued","11":"taxable","12":"shipping-taxable","13":"product-type-simple"},"jetpack_sharing_enabled":true,"_links":{"self":[{"href":"https:\/\/originhobbies.com\/da\/wp-json\/wp\/v2\/product\/806","targetHints":{"allow":["GET"]}}],"collection":[{"href":"https:\/\/originhobbies.com\/da\/wp-json\/wp\/v2\/product"}],"about":[{"href":"https:\/\/originhobbies.com\/da\/wp-json\/wp\/v2\/types\/product"}],"replies":[{"embeddable":true,"href":"https:\/\/originhobbies.com\/da\/wp-json\/wp\/v2\/comments?post=806"}],"wp:featuredmedia":[{"embeddable":true,"href":"https:\/\/originhobbies.com\/da\/wp-json\/wp\/v2\/media\/807"}],"wp:attachment":[{"href":"https:\/\/originhobbies.com\/da\/wp-json\/wp\/v2\/media?parent=806"}],"wp:term":[{"taxonomy":"product_brand","embeddable":true,"href":"https:\/\/originhobbies.com\/da\/wp-json\/wp\/v2\/product_brand?post=806"},{"taxonomy":"product_cat","embeddable":true,"href":"https:\/\/originhobbies.com\/da\/wp-json\/wp\/v2\/product_cat?post=806"},{"taxonomy":"product_tag","embeddable":true,"href":"https:\/\/originhobbies.com\/da\/wp-json\/wp\/v2\/product_tag?post=806"}],"curies":[{"name":"wp","href":"https:\/\/api.w.org\/{rel}","templated":true}]}}