{"id":739,"date":"2021-07-02T18:38:42","date_gmt":"2021-07-02T16:38:42","guid":{"rendered":"http:\/\/originhobbies.com\/?post_type=product&#038;p=739"},"modified":"2026-04-06T01:06:57","modified_gmt":"2026-04-05T23:06:57","slug":"radiomaster-tx16s-max-transmitter","status":"publish","type":"product","link":"https:\/\/originhobbies.com\/da\/shop\/radio-control\/radio-transmitters-receivers\/radiomaster-tx16s-max-transmitter\/","title":{"rendered":"Radiomaster TX16S Max Transmitter (Carbon\/Gold\/Silver) EdgeTX"},"content":{"rendered":"<p>Radiomaster TX16S Max Transmitter er en h\u00f8jtydende multi-protokol sender med OpenTX software support. Radiomaster TX16S MAX -sender er topmodellen i TX16S -serien. Det har adskillige forbedringer, herunder et metalfoldeligt h\u00e5ndtag, l\u00e6der sidegreb og en forbedret nakkeremskrog.<\/p>\n<p><strong> We update Firmware to latest EdgeTX version with touchscreen support before shipping <\/strong><\/p>\n<p><strong>MAX -versionen er forsynet med en carbon\/guld\/s\u00f8lv effektplade finish med et metal foldbart h\u00e5ndtag, l\u00e6dergreb og alle CNC aluminium opgraderinger fabriksmonteret. Halsrem og n\u00f8glering medf\u00f8lger.<\/strong><\/p>\n<p>Max-versionen har en ultra-glat pr\u00e6cisionshal sensor gimbals med aluminium facia og et stort 4,3 \u201dfarvedisplay. Radiomasteren har et indbygget multiprotokolmodul, der underst\u00f8tter de fleste eller de popul\u00e6re radioprotokoller og en JR -udvidelsesmodulbugt, der underst\u00f8tter blandt andet TBS Crossfire -moduler.<\/p>\n<p>Denne sender er i tilstand 2 -konfiguration (gas p\u00e5 venstre pind). Det kan let skiftes til tilstand 1. Hvis du vil have os til at skifte til tilstand 1, s\u00e5 lad os det vide. Vi hj\u00e6lper dig gerne.<\/p>\n<p>Radiomaster TX16S Max -udgaven har ogs\u00e5 et indbygget ber\u00f8ringspanel, der aktiveres i fremtidige versioner af OpenTX.<\/p>\n<p><strong>** Requires <a href=\"https:\/\/originhobbies.com\/da\/shop\/radio-transmitters-receivers\/radiomaster-li-ion-18650-2500mah-2pcs\/\">2x 18650 cells<\/a> OR <a href=\"https:\/\/originhobbies.com\/da\/shop\/radio-transmitters-receivers\/radiomaster-tx16s-accessories\/radiomaster-tx16s-lipo-5000mah-battery\/\" target=\"_blank\" rel=\"noopener\">LiPo batteri<\/a> at fungere **<\/strong><\/p>\n<h4>Specifikationer:<\/h4>\n<div>- V\u00e6gt: 820 g (med 2 x 18650 batterier installeret)<br \/>\n-Sp\u00e6nding: DC7-8.4V<br \/>\n- Batteri: 2 x 18650 (bakke medf\u00f8lger) eller 2S lipo (batterier medf\u00f8lger ikke)<br \/>\n- Str\u00f8m: 350mah (INGEN CRSF)<br \/>\n- Kanal: 16 kanaler<br \/>\n- Ekstern Micro SD -slot: Kort inkluderet<br \/>\n- 2 x eksterne UART -udvidelsesporte<\/div>\n<div><\/div>\n<h4><\/h4>\n<h4>Funktioner:<\/h4>\n<div>- STM32F429BIT6 MCU<br \/>\n- Industriel kvalitet 4,3 tommer 480*272 udend\u00f8rs l\u00e6sbar farvesk\u00e6rm<\/div>\n<div><strong>- Foldbart metalh\u00e5ndtag<br \/>\n- Annodiseret CNC aluminiumsplade<\/strong><\/div>\n<div><strong>- L\u00e6dergreb<\/strong><br \/>\n- Kompatibel med OpenTX<br \/>\n- Hjulmenuknap<br \/>\n- Fuld st\u00f8rrelse HALL sensor gimbals med CNC Aluminium Facia.<br \/>\nIntern RF-system med flere protokoller<br \/>\n- Native Full Speed TBS Crossfire support (400K)<br \/>\n- Underst\u00f8tter telemetri (afh\u00e6ngig af protokol og modtager)<br \/>\n- Hukommelse 16M (kan udvides med Micro SD -kort)<br \/>\n- Stemmefunktion<br \/>\n&#8211; Touch Screen (activated in EdgeTX software releases)<br \/>\n- Funktion til p\u00e5mindelse af vibrationer<br \/>\n- Forbedret JR -modul slot<br \/>\n-Knapper med 6 flyvningstilstande (Pixhawk, brugerdefinerede funktioner og mere!)<br \/>\n-Tre-farvet LED-statusvisning<br \/>\n-USB-C opladningsport.<br \/>\n-USB-C Simulator og pc-forbindelsesport.<br \/>\n- Eksterne UART -porte for at udvide din radios muligheder. \u201d<\/div>\n<div><\/div>\n<h4>Inkluderet:<\/h4>\n<div>- Radiomaster T16S sender - Hall Sensor Gimbals (MODE 2) x1<br \/>\n- Skumkasse med h\u00f8j densitet<br \/>\n- USB -kabel<br \/>\n- 18650 Bakke<\/div>\n<div>- Halsrem<\/div>\n<div>- N\u00f8glering<\/div>\n<div><\/div>\n<h4>Downloads<\/h4>\n<div>\n<ul>\n<li><a href=\"https:\/\/originhobbies.com\/wp-content\/uploads\/2021\/08\/tx16s-quick-start-guide.pdf\" target=\"_blank\" rel=\"noopener\">TX16s hurtigstartguide<\/a><\/li>\n<li><a href=\"https:\/\/originhobbies.com\/wp-content\/uploads\/2021\/08\/tx16s-user-manual.pdf\" target=\"_blank\" rel=\"noopener\">TX16S HALL Manual<\/a><\/li>\n<\/ul>\n<\/div>","protected":false},"excerpt":{"rendered":"<p>The Radiomaster TX16S Max Transmitter is a high-performance multi-protocol transmitter with OpenTX software support. The Radiomaster TX16S MAX Transmitter is the top model in the TX16S range. It features\u00a0 numerous improvements including\u00a0 a metal folding handle, leather side grips and an improved neck strap hook. We update Firmware to latest EdgeTX version with touchscreen support [&hellip;]<\/p>\n","protected":false},"featured_media":755,"comment_status":"open","ping_status":"closed","template":"","meta":{"_eb_attr":""},"product_brand":[],"product_cat":[46],"product_tag":[],"class_list":{"0":"post-739","1":"product","2":"type-product","3":"status-publish","4":"has-post-thumbnail","6":"product_cat-radio-transmitters-receivers","8":"first","9":"discontinued","10":"taxable","11":"shipping-taxable","12":"product-type-simple"},"jetpack_sharing_enabled":true,"_links":{"self":[{"href":"https:\/\/originhobbies.com\/da\/wp-json\/wp\/v2\/product\/739","targetHints":{"allow":["GET"]}}],"collection":[{"href":"https:\/\/originhobbies.com\/da\/wp-json\/wp\/v2\/product"}],"about":[{"href":"https:\/\/originhobbies.com\/da\/wp-json\/wp\/v2\/types\/product"}],"replies":[{"embeddable":true,"href":"https:\/\/originhobbies.com\/da\/wp-json\/wp\/v2\/comments?post=739"}],"wp:featuredmedia":[{"embeddable":true,"href":"https:\/\/originhobbies.com\/da\/wp-json\/wp\/v2\/media\/755"}],"wp:attachment":[{"href":"https:\/\/originhobbies.com\/da\/wp-json\/wp\/v2\/media?parent=739"}],"wp:term":[{"taxonomy":"product_brand","embeddable":true,"href":"https:\/\/originhobbies.com\/da\/wp-json\/wp\/v2\/product_brand?post=739"},{"taxonomy":"product_cat","embeddable":true,"href":"https:\/\/originhobbies.com\/da\/wp-json\/wp\/v2\/product_cat?post=739"},{"taxonomy":"product_tag","embeddable":true,"href":"https:\/\/originhobbies.com\/da\/wp-json\/wp\/v2\/product_tag?post=739"}],"curies":[{"name":"wp","href":"https:\/\/api.w.org\/{rel}","templated":true}]}}