{"id":738,"date":"2021-07-02T18:22:26","date_gmt":"2021-07-02T16:22:26","guid":{"rendered":"http:\/\/originhobbies.com\/?post_type=product&#038;p=738"},"modified":"2026-04-06T01:06:58","modified_gmt":"2026-04-05T23:06:58","slug":"radiomaster-tx16s-hall-color-transmitter","status":"publish","type":"product","link":"https:\/\/originhobbies.com\/da\/shop\/radio-control\/radio-transmitters-receivers\/radiomaster-tx16s-hall-color-transmitter\/","title":{"rendered":"Radiomaster TX16S Hall Color Transmitter (Carbon\/Gold\/Silver) EdgeTX"},"content":{"rendered":"<p>Radiomaster TX16S Hall Color Transmitter er en h\u00f8jtydende multiprotokolsender med OpenTX-softwaresupport. HALL-versionen har en ultra-glat pr\u00e6cisionshall sensor gimbals med aluminium facia og et stort 4,3 \u201dfarvedisplay. Radiomasteren har et indbygget multiprotokolmodul, der underst\u00f8tter de fleste af de popul\u00e6re radioprotokoller og en JR -udvidelsesmodulbugt, der underst\u00f8tter blandt andet TBS Crossfire -moduler.<\/p>\n<p><strong> We update Firmware to latest EdgeTX version with touchscreen support before shipping <\/strong><\/p>\n<p><strong>Farveversionen har en overflade af carbon\/guld\/s\u00f8lv effekt med standardh\u00e5ndtag. Foldbart h\u00e5ndtag, nakkerem og n\u00f8glering medf\u00f8lger.<br \/>\n<\/strong><\/p>\n<p>Denne sender er i tilstand 2 -konfiguration (gas p\u00e5 venstre pind). Det kan let skiftes til tilstand 1. Hvis du vil have os til at skifte til tilstand 1, s\u00e5 lad os det vide. Vi hj\u00e6lper dig gerne.<\/p>\n<p>Radiomaster TX16S Hall Color -udgaven har ogs\u00e5 et indbygget ber\u00f8ringspanel, der aktiveres i fremtidige versioner af OpenTX.<\/p>\n<p><strong>** Requires <a href=\"https:\/\/originhobbies.com\/da\/shop\/radio-transmitters-receivers\/radiomaster-li-ion-18650-2500mah-2pcs\/\">2x 18650 cells<\/a> OR <a href=\"https:\/\/originhobbies.com\/da\/shop\/radio-transmitters-receivers\/radiomaster-tx16s-accessories\/radiomaster-tx16s-lipo-5000mah-battery\/\" target=\"_blank\" rel=\"noopener\">LiPo batteri<\/a> at fungere **<\/strong><\/p>\n<h4>Funktioner:<\/h4>\n<div>&#8211; <strong>NEW Adjustable gimbals!<\/strong><\/div>\n<div><img loading=\"lazy\" decoding=\"async\" class=\"wp-image-4967 alignnone\" src=\"https:\/\/originhobbies.com\/wp-content\/uploads\/2021\/07\/TX16S-Mark-II-Details-Page-PC-EN_05_1024x1024-300x137.png\" alt=\"\" width=\"464\" height=\"212\" srcset=\"https:\/\/originhobbies.com\/wp-content\/uploads\/2021\/07\/TX16S-Mark-II-Details-Page-PC-EN_05_1024x1024-300x137.png 300w, https:\/\/originhobbies.com\/wp-content\/uploads\/2021\/07\/TX16S-Mark-II-Details-Page-PC-EN_05_1024x1024-768x352.png 768w, https:\/\/originhobbies.com\/wp-content\/uploads\/2021\/07\/TX16S-Mark-II-Details-Page-PC-EN_05_1024x1024-18x8.png 18w, https:\/\/originhobbies.com\/wp-content\/uploads\/2021\/07\/TX16S-Mark-II-Details-Page-PC-EN_05_1024x1024-416x191.png 416w, https:\/\/originhobbies.com\/wp-content\/uploads\/2021\/07\/TX16S-Mark-II-Details-Page-PC-EN_05_1024x1024.png 1024w\" sizes=\"auto, (max-width: 464px) 100vw, 464px\" \/><\/div>\n<div><strong>- Foldbart h\u00e5ndtag i \u00e6ske. Standardh\u00e5ndtag installeret<\/strong><\/div>\n<div><img loading=\"lazy\" decoding=\"async\" class=\"alignnone wp-image-2421\" src=\"https:\/\/originhobbies.com\/wp-content\/uploads\/2021\/07\/TX16S-folding-handle-300x300.jpg\" alt=\"Radiomaster TX16S Folding handle\" width=\"236\" height=\"236\" srcset=\"https:\/\/originhobbies.com\/wp-content\/uploads\/2021\/07\/TX16S-folding-handle-300x300.jpg 300w, https:\/\/originhobbies.com\/wp-content\/uploads\/2021\/07\/TX16S-folding-handle-150x150.jpg 150w, https:\/\/originhobbies.com\/wp-content\/uploads\/2021\/07\/TX16S-folding-handle-12x12.jpg 12w, https:\/\/originhobbies.com\/wp-content\/uploads\/2021\/07\/TX16S-folding-handle-324x324.jpg 324w, https:\/\/originhobbies.com\/wp-content\/uploads\/2021\/07\/TX16S-folding-handle-416x416.jpg 416w, https:\/\/originhobbies.com\/wp-content\/uploads\/2021\/07\/TX16S-folding-handle-100x100.jpg 100w, https:\/\/originhobbies.com\/wp-content\/uploads\/2021\/07\/TX16S-folding-handle.jpg 679w\" sizes=\"auto, (max-width: 236px) 100vw, 236px\" \/><\/div>\n<div>- STM32F429BIT6 MCU<br \/>\n- Industriel kvalitet 4,3 tommer 480*272 udend\u00f8rs l\u00e6sbar farvesk\u00e6rm<\/div>\n<div>- Kompatibel med OpenTX<br \/>\n- Hjulmenuknap<br \/>\n- Fuld st\u00f8rrelse HALL sensor gimbals med CNC Aluminium Facia.<br \/>\nIntern RF-system med flere protokoller<br \/>\n- Native Full Speed TBS Crossfire support (400K)<br \/>\n- Underst\u00f8tter telemetri (afh\u00e6ngig af protokol og modtager)<br \/>\n- Hukommelse 16M (kan udvides med Micro SD -kort)<br \/>\n- Stemmefunktion<br \/>\n- Ber\u00f8ringssk\u00e6rm (aktiveret i fremtidige OpenTX -softwareudgivelser)<br \/>\n- Funktion til p\u00e5mindelse af vibrationer<br \/>\n- Forbedret JR -modul slot<br \/>\n-Knapper med 6 flyvningstilstande (Pixhawk, brugerdefinerede funktioner og mere!)<br \/>\n-Tre-farvet LED-statusvisning<br \/>\n-USB-C opladningsport.<br \/>\n-USB-C Simulator og pc-forbindelsesport.<br \/>\n- Eksterne UART -porte for at udvide din radios muligheder. \u201d<\/div>\n<div><\/div>\n<div>\n<h4>Specifikationer:<\/h4>\n<div>- V\u00e6gt: 820 g (med 2 x 18650 batterier installeret)<br \/>\n-Sp\u00e6nding: DC7-8.4V<br \/>\n- Batteri: 2 x 18650 (bakke medf\u00f8lger) eller 2S lipo (batterier medf\u00f8lger ikke)<br \/>\n- Str\u00f8m: 350mah (INGEN CRSF)<br \/>\n- Kanal: 16 kanaler<br \/>\n- Ekstern Micro SD -slot: Kort inkluderet<br \/>\n- 2 x eksterne UART -udvidelsesporte<\/div>\n<div><\/div>\n<\/div>\n<h4>Inkluderet:<\/h4>\n<div>- Radiomaster T16S sender - Hall Sensor Gimbals (MODE 2) x1<br \/>\n- Skumkasse med h\u00f8j densitet<br \/>\n- USB -kabel<br \/>\n- 18650 Bakke<\/div>\n<div>- Klaph\u00e5ndtag (tilbeh\u00f8r)<\/div>\n<div>- Halsrem<\/div>\n<div>- N\u00f8glering<\/div>\n<div><\/div>\n<div>\n<h4>Downloads<\/h4>\n<div>\n<ul>\n<li><a href=\"https:\/\/originhobbies.com\/wp-content\/uploads\/2021\/08\/tx16s-quick-start-guide.pdf\" target=\"_blank\" rel=\"noopener\">TX16s hurtigstartguide<\/a><\/li>\n<li><a href=\"https:\/\/originhobbies.com\/wp-content\/uploads\/2021\/08\/tx16s-user-manual.pdf\" target=\"_blank\" rel=\"noopener\">TX16S HALL Manual<\/a><\/li>\n<\/ul>\n<\/div>\n<\/div>","protected":false},"excerpt":{"rendered":"<p>The Radiomaster TX16S Hall Color Transmitter is a high-performance multi-protocol transmitter with OpenTX software support. The HALL version features an ultra-smooth precision hall sensor gimbals with Aluminium facia and a large 4.3\u201d color display. The radio master has a built in multi protocol module supporting most of the popular radio protocols and a JR expansion [&hellip;]<\/p>\n","protected":false},"featured_media":756,"comment_status":"open","ping_status":"closed","template":"","meta":{"_eb_attr":""},"product_brand":[],"product_cat":[46],"product_tag":[],"class_list":{"0":"post-738","1":"product","2":"type-product","3":"status-publish","4":"has-post-thumbnail","6":"product_cat-radio-transmitters-receivers","8":"first","9":"outofstock","10":"taxable","11":"shipping-taxable","12":"purchasable","13":"product-type-variable","14":"has-default-attributes"},"jetpack_sharing_enabled":true,"_links":{"self":[{"href":"https:\/\/originhobbies.com\/da\/wp-json\/wp\/v2\/product\/738","targetHints":{"allow":["GET"]}}],"collection":[{"href":"https:\/\/originhobbies.com\/da\/wp-json\/wp\/v2\/product"}],"about":[{"href":"https:\/\/originhobbies.com\/da\/wp-json\/wp\/v2\/types\/product"}],"replies":[{"embeddable":true,"href":"https:\/\/originhobbies.com\/da\/wp-json\/wp\/v2\/comments?post=738"}],"wp:featuredmedia":[{"embeddable":true,"href":"https:\/\/originhobbies.com\/da\/wp-json\/wp\/v2\/media\/756"}],"wp:attachment":[{"href":"https:\/\/originhobbies.com\/da\/wp-json\/wp\/v2\/media?parent=738"}],"wp:term":[{"taxonomy":"product_brand","embeddable":true,"href":"https:\/\/originhobbies.com\/da\/wp-json\/wp\/v2\/product_brand?post=738"},{"taxonomy":"product_cat","embeddable":true,"href":"https:\/\/originhobbies.com\/da\/wp-json\/wp\/v2\/product_cat?post=738"},{"taxonomy":"product_tag","embeddable":true,"href":"https:\/\/originhobbies.com\/da\/wp-json\/wp\/v2\/product_tag?post=738"}],"curies":[{"name":"wp","href":"https:\/\/api.w.org\/{rel}","templated":true}]}}