{"id":510,"date":"2021-06-20T18:19:34","date_gmt":"2021-06-20T15:19:34","guid":{"rendered":"http:\/\/originhobbies.com\/?post_type=product&#038;p=510"},"modified":"2026-04-06T01:06:57","modified_gmt":"2026-04-05T23:06:57","slug":"hobbywing-multifunction-lcd-program-box-v2-30502001-for-platinum-xerun-ezrun-esc","status":"publish","type":"product","link":"https:\/\/originhobbies.com\/da\/shop\/esc-accessories\/hobbywing-multifunction-lcd-program-box-v2-30502001-for-platinum-xerun-ezrun-esc\/","title":{"rendered":"Hobbywing multifunktions LCD -programboks V2 30502001 til Platinum, Xerun, Ezrun"},"content":{"rendered":"<div class=\"product--description\">\n<p>Hobbywing multifunktions LCD -programboks v2 kan anvendes til f\u00f8lgende HobbyWing -produkter:<\/p>\n<ul>\n<li>Platin serie af b\u00f8rstel\u00f8se fly -ESC&#039;er,<\/li>\n<li>XeRun -serien og EzRun -serien af b\u00f8rstel\u00f8se bil -ESC&#039;er<\/li>\n<li>Seaking Pro -serie af b\u00f8rstel\u00f8se b\u00e5d -ESC&#039;er<\/li>\n<\/ul>\n<p>Dens venlige LCD -interface g\u00f8r ESC -programmering let og hurtig. Med en pc kan du opgradere ESC -firmware og yderligere justere ESC -parametre online. Desuden er den kompakt, b\u00e6rbar og meget anvendelig til markbrug.<\/p>\n<p>specifikationer<br \/>\nSt\u00f8rrelse: 91x51x17mm (LxBxH)<br \/>\nV\u00e6gt: 65g<br \/>\nIndgangssp\u00e6nding: 4,5V-12,6V (et separat batteri er n\u00f8dvendigt for at drive denne programboks, n\u00e5r ESC ikke har indbygget\/ekstern BEC)<br \/>\nInterface: TYPE-C USB, ESC-interface (Futaba-stik), Str\u00f8mforsyningsinterface<\/p>\n<p>Type-C USB-kabel medf\u00f8lger.<\/p>\n<\/div>","protected":false},"excerpt":{"rendered":"<p>Hobbywing multifunciton LCD program box v2 is applicable for the following HobbyWing products: Platinum series of brushless aircraft ESCs, XeRun series and EzRun series of brushless car ESCs Seaking Pro series of brushless boat ESCs Its friendly LCD interface makes ESC programming easy and quick. With a PC, you can upgrade ESC firmware and further [&hellip;]<\/p>\n","protected":false},"featured_media":515,"comment_status":"open","ping_status":"closed","template":"","meta":{"_eb_attr":""},"product_brand":[],"product_cat":[267],"product_tag":[],"class_list":{"0":"post-510","1":"product","2":"type-product","3":"status-publish","4":"has-post-thumbnail","6":"product_cat-esc-accessories","8":"first","9":"discontinued","10":"taxable","11":"shipping-taxable","12":"product-type-simple"},"jetpack_sharing_enabled":true,"_links":{"self":[{"href":"https:\/\/originhobbies.com\/da\/wp-json\/wp\/v2\/product\/510","targetHints":{"allow":["GET"]}}],"collection":[{"href":"https:\/\/originhobbies.com\/da\/wp-json\/wp\/v2\/product"}],"about":[{"href":"https:\/\/originhobbies.com\/da\/wp-json\/wp\/v2\/types\/product"}],"replies":[{"embeddable":true,"href":"https:\/\/originhobbies.com\/da\/wp-json\/wp\/v2\/comments?post=510"}],"wp:featuredmedia":[{"embeddable":true,"href":"https:\/\/originhobbies.com\/da\/wp-json\/wp\/v2\/media\/515"}],"wp:attachment":[{"href":"https:\/\/originhobbies.com\/da\/wp-json\/wp\/v2\/media?parent=510"}],"wp:term":[{"taxonomy":"product_brand","embeddable":true,"href":"https:\/\/originhobbies.com\/da\/wp-json\/wp\/v2\/product_brand?post=510"},{"taxonomy":"product_cat","embeddable":true,"href":"https:\/\/originhobbies.com\/da\/wp-json\/wp\/v2\/product_cat?post=510"},{"taxonomy":"product_tag","embeddable":true,"href":"https:\/\/originhobbies.com\/da\/wp-json\/wp\/v2\/product_tag?post=510"}],"curies":[{"name":"wp","href":"https:\/\/api.w.org\/{rel}","templated":true}]}}