{"id":498,"date":"2021-06-18T20:06:35","date_gmt":"2021-06-18T17:06:35","guid":{"rendered":"http:\/\/originhobbies.com\/?post_type=product&#038;p=498"},"modified":"2026-04-06T01:06:57","modified_gmt":"2026-04-05T23:06:57","slug":"hobbywing-platinum-pro-60a-2-6s-bec-7a-for-450-heli-3d-and-50-plane-hw30215100","status":"publish","type":"product","link":"https:\/\/originhobbies.com\/da\/shop\/esc-speed-controllers\/hobbywing-platinum-pro-60a-2-6s-bec-7a-for-450-heli-3d-and-50-plane-hw30215100\/","title":{"rendered":"Hobbywing Platinum Pro 60A v4 ESC for 450 Heli 3D and .50 Plane"},"content":{"rendered":"<div class=\"col-xs-12 col-lg-12\">\n<p>Hobbywing Platinum Pro 60A v4 ESC (HW30215100 ) is a great ESC for RC Helicopters like OMPhobby M4, goblin 380, Oxy4, Gaui X3, trex 450, trex 470. It has built in RPM governor for helicopters. It also has separate RPM signal output port compatible with various flybarless controllers (e.g. V-bar). Firmware is upgrade-able.<\/p>\n<h4>Fremragende motorstyringshastighed<\/h4>\n<p>H\u00f8jtydende 32-bit processor med en k\u00f8refrekvens p\u00e5 72MHz kombineret med avanceret algoritme optimerer den styrende hastighed. Sammen med de justerbare guvern\u00f8rparametre garanterer hver pilot en pr\u00e6cis kontroloplevelse.<\/p>\n<h4>Indbygget h\u00f8jsp\u00e6nding BEC<\/h4>\n<p>Den indbyggede switch mode BEC med et justerbart sp\u00e6ndingsinterval fra 5V til 8V, en kontinuerlig str\u00f8m p\u00e5 over 7A og spidsstr\u00f8m p\u00e5 18A kan levere nok str\u00f8m til, at dine servoer kan fungere effektivt.<\/p>\n<h4>DEO -teknologi<strong><br \/>\n<\/strong><\/h4>\n<p>DEO (Driving Efficiency Optimization, eller s\u00e5kaldt &quot;Active Freewheeling&quot;) teknologi implementeret i ESC har flere fordele.<\/p>\n<ul>\n<li>Hurtigere reaktion p\u00e5 gash\u00e5ndtaget.<\/li>\n<li>H\u00f8jere k\u00f8reeffektivitet, l\u00e6ngere flyvetid.<\/li>\n<li>Lavere ESC -temperatur og en mere p\u00e5lidelig drift.<\/li>\n<\/ul>\n<h4>Fire bremsetilstande<\/h4>\n<p>Hobbywing Platinum Pro 60A v4 ESC har &quot;Bremse deaktiveret, Normal bremse, Proportional bremse og Reverse Brake&quot; fire bremsetilstande. Bremsem\u00e6ngden er justerbar i normal bremsetilstand; i proportional bremsetilstand vil bremsekraften v\u00e6re<br \/>\nautomatisk tildelt baseret p\u00e5 positionen af radiogasspj\u00e6ldet; i omvendt bremsetilstand kan motorens rotation \u00e6ndres via en ekstra transmitterkanal.<\/p>\n<h4>Flere beskyttelser<strong><br \/>\n<\/strong><\/h4>\n<p>Flere beskyttelsesfunktioner inkluderer, ESC termisk, kondensator termisk (HOBBYWING-patenteret teknologi), ESC overbelastning, tab af gassignal (eller fejlsikker) og lavsp\u00e6ndingsafbrydelse forl\u00e6nger effektivt levetiden for ESC.<\/p>\n<h4>Andre funktioner<\/h4>\n<p>En separat programmeringsport til tilslutning af programmereren p\u00e5 denne ESC tillader brugeren at<\/p>\n<ul>\n<li>Program ESC<\/li>\n<li>kontrollere flyvedata inkluderer minimumssp\u00e6nding, maksimumstemperatur, standardiseret omdrejningstal og hastighedskurve (i tilstanden Heli Governing Store) for flyvedata registreret af ESC,<\/li>\n<li>Opgrader ESC-firmware med en multifunktions-LCD-programboks eller et Wi-Fi-modul og vores Apple\/Android-telefonapp<\/li>\n<\/ul>\n<h4>Teknisk data:<\/h4>\n<ul>\n<li><strong>Produktnavn:<\/strong> Platin 60A V4<\/li>\n<li><strong>Produktnummer:<\/strong> 30215100<\/li>\n<li><strong>Type:<\/strong>\n<ul>\n<li>B\u00f8rstet\/b\u00f8rstel\u00f8st: BL<\/li>\n<li>H\u00f8jsp\u00e6nding\/regul\u00e6r: Regelm\u00e6ssig<\/li>\n<\/ul>\n<\/li>\n<li><strong>Specifikationer:<\/strong>\n<ul>\n<li>Forts.\/Spidsstr\u00f8m: 60A\/80A<\/li>\n<li>Indgang: 3-6S LiPo<\/li>\n<li>BEC Output: Switch Mode: 5-8V, 7A<\/li>\n<\/ul>\n<\/li>\n<li><strong>Ledninger og stik<\/strong>\n<ul>\n<li>Indgangskabler: R\u00f8d-14AWG-100mm*1\/Sort-14AWG-100mm*1<\/li>\n<li>Outputledninger: Sort-14AWG-75mm*3<\/li>\n<li>Indgangsstik: Nej<\/li>\n<li>Output -stik: 3,5 mm guldstik (hun)<br \/>\nBem\u00e6rk: Hele tr\u00e5dl\u00e6ngden ovenfor er den originale l\u00e6ngde, ikke den l\u00e6ngde du ser udefra.)<\/li>\n<\/ul>\n<\/li>\n<li><strong>ESC -programmering via<\/strong>\n<ul>\n<li>Senderen: Underst\u00f8ttes ikke<\/li>\n<li>LED -programkort: Underst\u00f8ttes ikke<\/li>\n<li>LED -programboks: Underst\u00f8ttes ikke<\/li>\n<li>LCD -programboks: Underst\u00f8ttet<\/li>\n<li>WiFi -modul: Underst\u00f8ttet<\/li>\n<li>Programport: Program\/gaswire<\/li>\n<\/ul>\n<\/li>\n<li><strong>Firmware<\/strong>\n<ul>\n<li>Firmware -opgradering: Underst\u00f8ttet<\/li>\n<\/ul>\n<\/li>\n<li><strong>St\u00f8rrelse og v\u00e6gt<\/strong>\n<ul>\n<li>St\u00f8rrelse: 48,0 \u00d7 30,0x15,5 mm<\/li>\n<li>V\u00e6gt: 49g<\/li>\n<\/ul>\n<\/li>\n<li><strong>Ans\u00f8gninger<\/strong>\n<ul>\n<li>450-480 klasse Heli (hovedblad: 325-360mm)<\/li>\n<\/ul>\n<\/li>\n<\/ul>\n<\/div>","protected":false},"excerpt":{"rendered":"<p>Hobbywing Platinum Pro 60A v4 ESC (HW30215100 ) is a great ESC for RC Helicopters like OMPhobby M4, goblin 380, Oxy4, Gaui X3, trex 450, trex 470. It has built in RPM governor for helicopters. It also has separate RPM signal output port compatible with various flybarless controllers (e.g. V-bar). Firmware is upgrade-able. Excellent Motor [&hellip;]<\/p>\n","protected":false},"featured_media":499,"comment_status":"open","ping_status":"closed","template":"","meta":{"_eb_attr":""},"product_brand":[],"product_cat":[20],"product_tag":[],"class_list":{"0":"post-498","1":"product","2":"type-product","3":"status-publish","4":"has-post-thumbnail","6":"product_cat-esc-speed-controllers","8":"first","9":"discontinued","10":"taxable","11":"shipping-taxable","12":"product-type-simple"},"jetpack_sharing_enabled":true,"_links":{"self":[{"href":"https:\/\/originhobbies.com\/da\/wp-json\/wp\/v2\/product\/498","targetHints":{"allow":["GET"]}}],"collection":[{"href":"https:\/\/originhobbies.com\/da\/wp-json\/wp\/v2\/product"}],"about":[{"href":"https:\/\/originhobbies.com\/da\/wp-json\/wp\/v2\/types\/product"}],"replies":[{"embeddable":true,"href":"https:\/\/originhobbies.com\/da\/wp-json\/wp\/v2\/comments?post=498"}],"wp:featuredmedia":[{"embeddable":true,"href":"https:\/\/originhobbies.com\/da\/wp-json\/wp\/v2\/media\/499"}],"wp:attachment":[{"href":"https:\/\/originhobbies.com\/da\/wp-json\/wp\/v2\/media?parent=498"}],"wp:term":[{"taxonomy":"product_brand","embeddable":true,"href":"https:\/\/originhobbies.com\/da\/wp-json\/wp\/v2\/product_brand?post=498"},{"taxonomy":"product_cat","embeddable":true,"href":"https:\/\/originhobbies.com\/da\/wp-json\/wp\/v2\/product_cat?post=498"},{"taxonomy":"product_tag","embeddable":true,"href":"https:\/\/originhobbies.com\/da\/wp-json\/wp\/v2\/product_tag?post=498"}],"curies":[{"name":"wp","href":"https:\/\/api.w.org\/{rel}","templated":true}]}}