{"id":22899,"date":"2026-01-06T23:47:59","date_gmt":"2026-01-06T21:47:59","guid":{"rendered":"https:\/\/originhobbies.com\/shop\/uncategorized\/oshm7280-omp-m7r-m7r-main-rotor-blade-grip\/"},"modified":"2026-04-06T01:03:34","modified_gmt":"2026-04-05T23:03:34","slug":"oshm7280-omp-m7r-m7r-main-rotor-blade-grip","status":"publish","type":"product","link":"https:\/\/originhobbies.com\/da\/shop\/helicopter-parts\/omphobby-spare-parts\/omphobby-m7r-spare-parts\/oshm7280-omp-m7r-m7r-main-rotor-blade-grip\/","title":{"rendered":"OSHM7280 OMP M7R Main Rotor Blade Grip"},"content":{"rendered":"<p>Main Rotor Blade Grip for OMPHobby M7R Helicopter, OSHM7280<\/p>\n<h4>Inkluderer<\/h4>\n<p>Main Rotor Blade Grip (x1) (7R-070)<br \/>\nButton Head Screw (x1) M3x4 (7-149)<br \/>\nGasket (x1) \u00d83x\u00d86&#215;0.5 (7-190)<br \/>\nHex Screw (x1) M6x12 (7-140)<br \/>\nWasher (x1) \u00d86x\u00d814&#215;2 (7-185)<br \/>\nHex Bolt (Half Thread) M5x34 (x1) (7-272)<br \/>\nM5 Nyloc Nut (x1) (7-165)<\/p>","protected":false},"excerpt":{"rendered":"<p>Main Rotor Blade Grip for OMPHobby M7R Helicopter, OSHM7280 Includes Main Rotor Blade Grip (x1) (7R-070) Button Head Screw (x1) M3x4 (7-149) Gasket (x1) \u00d83x\u00d86&#215;0.5 (7-190) Hex Screw (x1) M6x12 (7-140) Washer (x1) \u00d86x\u00d814&#215;2 (7-185) Hex Bolt (Half Thread) M5x34 (x1) (7-272) M5 Nyloc Nut (x1) (7-165)<\/p>","protected":false},"featured_media":22898,"comment_status":"open","ping_status":"closed","template":"","meta":{"_eb_attr":""},"product_brand":[],"product_cat":[416],"product_tag":[],"class_list":{"0":"post-22899","1":"product","2":"type-product","3":"status-publish","4":"has-post-thumbnail","6":"product_cat-omphobby-m7r-spare-parts","8":"first","9":"instock","10":"taxable","11":"shipping-taxable","12":"purchasable","13":"product-type-simple"},"jetpack_sharing_enabled":true,"_links":{"self":[{"href":"https:\/\/originhobbies.com\/da\/wp-json\/wp\/v2\/product\/22899","targetHints":{"allow":["GET"]}}],"collection":[{"href":"https:\/\/originhobbies.com\/da\/wp-json\/wp\/v2\/product"}],"about":[{"href":"https:\/\/originhobbies.com\/da\/wp-json\/wp\/v2\/types\/product"}],"replies":[{"embeddable":true,"href":"https:\/\/originhobbies.com\/da\/wp-json\/wp\/v2\/comments?post=22899"}],"wp:featuredmedia":[{"embeddable":true,"href":"https:\/\/originhobbies.com\/da\/wp-json\/wp\/v2\/media\/22898"}],"wp:attachment":[{"href":"https:\/\/originhobbies.com\/da\/wp-json\/wp\/v2\/media?parent=22899"}],"wp:term":[{"taxonomy":"product_brand","embeddable":true,"href":"https:\/\/originhobbies.com\/da\/wp-json\/wp\/v2\/product_brand?post=22899"},{"taxonomy":"product_cat","embeddable":true,"href":"https:\/\/originhobbies.com\/da\/wp-json\/wp\/v2\/product_cat?post=22899"},{"taxonomy":"product_tag","embeddable":true,"href":"https:\/\/originhobbies.com\/da\/wp-json\/wp\/v2\/product_tag?post=22899"}],"curies":[{"name":"wp","href":"https:\/\/api.w.org\/{rel}","templated":true}]}}