{"id":22799,"date":"2026-01-06T23:47:08","date_gmt":"2026-01-06T21:47:08","guid":{"rendered":"https:\/\/originhobbies.com\/shop\/uncategorized\/oshm7225-omp-m7r-swashplate-driver-arm\/"},"modified":"2026-04-06T01:03:34","modified_gmt":"2026-04-05T23:03:34","slug":"oshm7225-omp-m7r-swashplate-driver-arm","status":"publish","type":"product","link":"https:\/\/originhobbies.com\/da\/shop\/helicopter-parts\/omphobby-spare-parts\/omphobby-m7r-spare-parts\/oshm7225-omp-m7r-swashplate-driver-arm\/","title":{"rendered":"OSHM7225 OMP M7R Swashplate Driver Arm"},"content":{"rendered":"<p>Swashplate Driver Arm for OMPHobby M7R Helicopter, OSHM7225<\/p>\n<h4>Inkluderer<\/h4>\n<p>Swashplate Driver Arm (x2) (7R-064)<br \/>\nBearing Spacer (x2) (7-077)<br \/>\nHex Screw (Half Thread) M3x27.6 (7-133)<br \/>\nSpacer (x4) \u00d83x\u00d84.5&#215;1.6 (7-189)<br \/>\nFlanged Bearing \u00d83x\u00d87&#215;3 (x8) (7-166)<br \/>\nFlanged Bearing \u00d83x\u00d87&#215;3 (x8) (7-166)<\/p>","protected":false},"excerpt":{"rendered":"<p>Swashplate Driver Arm for OMPHobby M7R Helicopter, OSHM7225 Includes Swashplate Driver Arm (x2) (7R-064) Bearing Spacer (x2) (7-077) Hex Screw (Half Thread) M3x27.6 (7-133) Spacer (x4) \u00d83x\u00d84.5&#215;1.6 (7-189) Flanged Bearing \u00d83x\u00d87&#215;3 (x8) (7-166) Flanged Bearing \u00d83x\u00d87&#215;3 (x8) (7-166)<\/p>","protected":false},"featured_media":22798,"comment_status":"open","ping_status":"closed","template":"","meta":{"_eb_attr":""},"product_brand":[],"product_cat":[416],"product_tag":[],"class_list":{"0":"post-22799","1":"product","2":"type-product","3":"status-publish","4":"has-post-thumbnail","6":"product_cat-omphobby-m7r-spare-parts","8":"first","9":"instock","10":"taxable","11":"shipping-taxable","12":"purchasable","13":"product-type-simple"},"jetpack_sharing_enabled":true,"_links":{"self":[{"href":"https:\/\/originhobbies.com\/da\/wp-json\/wp\/v2\/product\/22799","targetHints":{"allow":["GET"]}}],"collection":[{"href":"https:\/\/originhobbies.com\/da\/wp-json\/wp\/v2\/product"}],"about":[{"href":"https:\/\/originhobbies.com\/da\/wp-json\/wp\/v2\/types\/product"}],"replies":[{"embeddable":true,"href":"https:\/\/originhobbies.com\/da\/wp-json\/wp\/v2\/comments?post=22799"}],"wp:featuredmedia":[{"embeddable":true,"href":"https:\/\/originhobbies.com\/da\/wp-json\/wp\/v2\/media\/22798"}],"wp:attachment":[{"href":"https:\/\/originhobbies.com\/da\/wp-json\/wp\/v2\/media?parent=22799"}],"wp:term":[{"taxonomy":"product_brand","embeddable":true,"href":"https:\/\/originhobbies.com\/da\/wp-json\/wp\/v2\/product_brand?post=22799"},{"taxonomy":"product_cat","embeddable":true,"href":"https:\/\/originhobbies.com\/da\/wp-json\/wp\/v2\/product_cat?post=22799"},{"taxonomy":"product_tag","embeddable":true,"href":"https:\/\/originhobbies.com\/da\/wp-json\/wp\/v2\/product_tag?post=22799"}],"curies":[{"name":"wp","href":"https:\/\/api.w.org\/{rel}","templated":true}]}}