{"id":18310,"date":"2025-06-07T21:13:55","date_gmt":"2025-06-07T19:13:55","guid":{"rendered":"http:\/\/originhobbies.com\/shop\/uncategorized\/h0566-s-washer-o2-1-x-o4-5-x-0-5mm\/"},"modified":"2026-04-24T10:27:40","modified_gmt":"2026-04-24T08:27:40","slug":"h0566-s-washer-o2-1-x-o4-5-x-0-5mm","status":"publish","type":"product","link":"https:\/\/originhobbies.com\/da\/shop\/helicopter-parts\/sab-spare-parts\/sab-mini-genesis-spare-parts\/h0566-s-washer-o2-1-x-o4-5-x-0-5mm\/","title":{"rendered":"SAB H0566-S Washer \u00d82.1 x \u00d84.5 x 0.5mm"},"content":{"rendered":"<p>H0566-S Washer \u00d82.1 x \u00d84.5 x 0.5mm<\/p>\n<div class=\"content text-base\">\n<p style=\"margin-top: 0px; margin-bottom: 20px; font-size: 14px;\">  <span style=\"text-decoration-line: underline;\">   <strong>    <span style=\"font-size: small;\">     Includes:    <\/span>   <\/strong>  <\/span> <\/p>\n<p>  <span style=\"font-size: small;\">   &#8211; 10 x\u00a0Washer 2,1 x 4,5 x 0,5  <\/span> <\/p>\n<\/p>\n<p style=\"margin-top: 0px; margin-bottom: 20px; font-size: 14px;\">  <span style=\"text-decoration-line: underline;\">   <strong>    <span style=\"font-size: small;\">     Use for:    <\/span>   <\/strong>  <\/span> <\/p>\n<p style=\"margin-top: 0px; margin-bottom: 20px;\">  <span style=\"font-size: small;\">   &#8211;\u00a0Goblin Fireball  <\/span> <\/p>\n<p style=\"margin-top: 0px; margin-bottom: 20px;\">  <span style=\"font-size: small;\">   <span style=\"font-size: 14px;\">    &#8211; Goblin miniComet   <\/span>   <br \/>  <\/span> <\/p>\n<\/div>","protected":false},"excerpt":{"rendered":"<p>H0566-S Washer \u00d82.1 x \u00d84.5 x 0.5mm Includes: &#8211; 10 x\u00a0Washer 2,1 x 4,5 x 0,5 Use for: &#8211;\u00a0Goblin Fireball &#8211; Goblin miniComet<\/p>","protected":false},"featured_media":18309,"comment_status":"open","ping_status":"closed","template":"","meta":{"_eb_attr":""},"product_brand":[],"product_cat":[382,397],"product_tag":[],"class_list":["post-18310","product","type-product","status-publish","has-post-thumbnail","product_cat-sab-mini-genesis-spare-parts","product_cat-sab-ilgoblin-420-spare-parts","first","instock","taxable","shipping-taxable","purchasable","product-type-simple"],"jetpack_sharing_enabled":true,"_links":{"self":[{"href":"https:\/\/originhobbies.com\/da\/wp-json\/wp\/v2\/product\/18310","targetHints":{"allow":["GET"]}}],"collection":[{"href":"https:\/\/originhobbies.com\/da\/wp-json\/wp\/v2\/product"}],"about":[{"href":"https:\/\/originhobbies.com\/da\/wp-json\/wp\/v2\/types\/product"}],"replies":[{"embeddable":true,"href":"https:\/\/originhobbies.com\/da\/wp-json\/wp\/v2\/comments?post=18310"}],"wp:featuredmedia":[{"embeddable":true,"href":"https:\/\/originhobbies.com\/da\/wp-json\/wp\/v2\/media\/18309"}],"wp:attachment":[{"href":"https:\/\/originhobbies.com\/da\/wp-json\/wp\/v2\/media?parent=18310"}],"wp:term":[{"taxonomy":"product_brand","embeddable":true,"href":"https:\/\/originhobbies.com\/da\/wp-json\/wp\/v2\/product_brand?post=18310"},{"taxonomy":"product_cat","embeddable":true,"href":"https:\/\/originhobbies.com\/da\/wp-json\/wp\/v2\/product_cat?post=18310"},{"taxonomy":"product_tag","embeddable":true,"href":"https:\/\/originhobbies.com\/da\/wp-json\/wp\/v2\/product_tag?post=18310"}],"curies":[{"name":"wp","href":"https:\/\/api.w.org\/{rel}","templated":true}]}}