{"id":1202,"date":"2021-09-04T18:07:40","date_gmt":"2021-09-04T15:07:40","guid":{"rendered":"http:\/\/originhobbies.com\/?post_type=product&#038;p=1202"},"modified":"2026-04-06T01:06:57","modified_gmt":"2026-04-05T23:06:57","slug":"omphobby-m2-explore-helicopter-bnf","status":"publish","type":"product","link":"https:\/\/originhobbies.com\/da\/shop\/rc-helicopters\/helicopter-rtf-bnf-kits\/omphobby-m2-explore-helicopter-bnf\/","title":{"rendered":"OMPHobby M2 Explore RC -helikopter BnF"},"content":{"rendered":"<div>OMPHobby M2 Explore (EXP) 2021 -versionen er BnF (Bind and Fly) og leveres med opdateret metalhoved og swash. Det bruger kulforst\u00e6rket polymer til servokasser. Med den samme forbedrede og fuldt konfigurerbare flyvekontroller, forbedret ESC med guvern\u00f8rfunktion, ny &#039;teardrop&#039; halebom, robust landingsstel p\u00e5 V2, giver den intet v\u00e6k i ydeevne. M2 Explore er et produkt af h\u00f8j kvalitet skabt af OMPHOBBY R &amp; D-teamet for helikopterentusiaster. Dens kompakte st\u00f8rrelse er velegnet til indend\u00f8rs fleksibel flyvning og udend\u00f8rs voldelig flyvning.<\/div>\n<p>&nbsp;<\/p>\n<hr \/>\n<p><span style=\"color: #ff0000;\">ADVARSEL!<\/span> Dette er ikke et leget\u00f8j. Forkert brug kan medf\u00f8re alvorlig personskade. RC-simulatortr\u00e6ning anbefales, f\u00f8r du fors\u00f8ger at flyve denne model. Ikke egnet til b\u00f8rn.<br \/>\n<a href=\"https:\/\/originhobbies.com\/da\/legal-disclaimer\/\">L\u00e6s mere!<\/a><\/p>\n<div>\n<hr \/>\n<p>Bem\u00e6rk: M2 EXP-helikopteren leveres med indbygget OMPHobby-modtager. Den har en SBUS -port til tilslutning af din egen modtager.<\/p>\n<p><strong><a href=\"https:\/\/originhobbies.com\/da\/shop\/helicopter-parts\/omp-m2-parts\/omphobby-m2-swash-leveling-tool\/\">M2 Swash leveling tool<\/a> provided free with every M2 Helicopter purchase!<\/strong><\/p>\n<p><img loading=\"lazy\" decoding=\"async\" class=\"alignnone wp-image-4825\" src=\"https:\/\/originhobbies.com\/wp-content\/uploads\/2022\/09\/oh-m2-swash-tool5-300x300.jpg\" alt=\"OMPHobby M2 Swash leveling tool\" width=\"209\" height=\"209\" srcset=\"https:\/\/originhobbies.com\/wp-content\/uploads\/2022\/09\/oh-m2-swash-tool5-300x300.jpg 300w, https:\/\/originhobbies.com\/wp-content\/uploads\/2022\/09\/oh-m2-swash-tool5-150x150.jpg 150w, https:\/\/originhobbies.com\/wp-content\/uploads\/2022\/09\/oh-m2-swash-tool5-12x12.jpg 12w, https:\/\/originhobbies.com\/wp-content\/uploads\/2022\/09\/oh-m2-swash-tool5-324x324.jpg 324w, https:\/\/originhobbies.com\/wp-content\/uploads\/2022\/09\/oh-m2-swash-tool5-416x416.jpg 416w, https:\/\/originhobbies.com\/wp-content\/uploads\/2022\/09\/oh-m2-swash-tool5-100x100.jpg 100w, https:\/\/originhobbies.com\/wp-content\/uploads\/2022\/09\/oh-m2-swash-tool5.jpg 700w\" sizes=\"auto, (max-width: 209px) 100vw, 209px\" \/><\/p>\n<h4>specifikationer<\/h4>\n<ul>\n<li><strong>Hovedmotor:<\/strong> SunnySky V4<\/li>\n<li><strong>Hale motor:<\/strong> SunnySky R1<\/li>\n<li><strong>Servoer:<\/strong> Metal gear, polymer sag<\/li>\n<li><strong>Hovedrotordiameter:<\/strong> 400 mm<\/li>\n<li><strong>Tail Rotor Diameter:<\/strong> 71 mm<\/li>\n<li><strong>Flyvende v\u00e6gt:<\/strong> Ca. 306 g<\/li>\n<li><strong>Dimensioner:<\/strong> 408 mm*72 mm*133 mm<\/li>\n<li><strong>Batteri:<\/strong> 3S 650 mAh 45C<\/li>\n<li><strong>Flyvetid:<\/strong> Maksimal flyvetid 9 minutter - 4 minutter til ekstreme 3D -man\u00f8vrer<\/li>\n<li><strong>Inkluderet:<\/strong> 1 x batteri, 3 x servoarme, 1 x hovedaksel, 1 x fjederaksel, ekstra skruer, EPP -kasse<\/li>\n<li><strong>P\u00e5kr\u00e6vet<\/strong>: OMPHobby T6 sender (medf\u00f8lger ikke) eller din egen Tx og DSM2\/X eller SBus modtager<\/li>\n<\/ul>\n<h4>Downloads<\/h4>\n<ul>\n<li><a href=\"https:\/\/originhobbies.com\/da\/omphobby-m1-m2-evo-rtf-user-guides\/\">OriginHobbies RTF User guides (TX16S \/ Zorro)<\/a><\/li>\n<li><a href=\"https:\/\/originhobbies.com\/da\/m2-v2-exp-evo-flight-controller-settings\/\">M2 Flight Controller user guide<\/a><\/li>\n<li><a href=\"https:\/\/originhobbies.com\/wp-content\/uploads\/2021\/12\/OMP_Hobby_M2_Explore_updated_manual.pdf\" target=\"_blank\" rel=\"noopener\">OMP M2 Explore (updated) User Manual<\/a><\/li>\n<li><a href=\"https:\/\/originhobbies.com\/da\/radio-setup-guides-for-omphobby-m2-omp-m1\/\">Radio Setup guides (TX16S \/ Zorro \/ Futaba T18SZ)<\/a><\/li>\n<li><a href=\"https:\/\/originhobbies.com\/da\/omphobby-m2-part-list\/\">OMP M2 Spare Parts list<\/a><\/li>\n<li><a href=\"https:\/\/originhobbies.com\/da\/mikado-logo-200-vs-omphobby-m2-parts-compatibility-reference\/\">Mikado Logo 200 vs OMP M2 kompatibilitetsreference<\/a><\/li>\n<\/ul>\n<h4>Videoer<\/h4>\n<p>Model flown by our team pilot Matthew De Wilde.<\/p>\n<p><iframe loading=\"lazy\" title=\"YouTube video player\" src=\"https:\/\/www.youtube.com\/embed\/AsGBNoZFLbs\" width=\"560\" height=\"315\" frameborder=\"0\" allowfullscreen=\"allowfullscreen\"><\/iframe><\/p>\n<p><iframe loading=\"lazy\" title=\"YouTube video player\" src=\"https:\/\/www.youtube.com\/embed\/TDSgXBAj1rw\" width=\"560\" height=\"315\" frameborder=\"0\" allowfullscreen=\"allowfullscreen\"><\/iframe><\/p>\n<p><iframe loading=\"lazy\" title=\"YouTube video player\" src=\"https:\/\/www.youtube.com\/embed\/14_mtj5ibF0\" width=\"560\" height=\"315\" frameborder=\"0\" allowfullscreen=\"allowfullscreen\"><\/iframe><\/p>\n<\/div>","protected":false},"excerpt":{"rendered":"<p>The OMPHobby M2 Explore (EXP) 2021 version is BnF (Bind and Fly) and comes with updated all metal Head and Swash. It uses carbon reinforced polymer for servo cases. Featuring the same improved and fully configurable flight controller, improved ESC with governor function, new \u2018teardrop\u2019 tail boom, robust landing gear of the V2, it gives [&hellip;]<\/p>\n","protected":false},"featured_media":1724,"comment_status":"open","ping_status":"closed","template":"","meta":{"_eb_attr":""},"product_brand":[],"product_cat":[23],"product_tag":[],"class_list":{"0":"post-1202","1":"product","2":"type-product","3":"status-publish","4":"has-post-thumbnail","6":"product_cat-helicopter-rtf-bnf-kits","8":"first","9":"outofstock","10":"taxable","11":"shipping-taxable","12":"purchasable","13":"product-type-simple"},"jetpack_sharing_enabled":true,"_links":{"self":[{"href":"https:\/\/originhobbies.com\/da\/wp-json\/wp\/v2\/product\/1202","targetHints":{"allow":["GET"]}}],"collection":[{"href":"https:\/\/originhobbies.com\/da\/wp-json\/wp\/v2\/product"}],"about":[{"href":"https:\/\/originhobbies.com\/da\/wp-json\/wp\/v2\/types\/product"}],"replies":[{"embeddable":true,"href":"https:\/\/originhobbies.com\/da\/wp-json\/wp\/v2\/comments?post=1202"}],"wp:featuredmedia":[{"embeddable":true,"href":"https:\/\/originhobbies.com\/da\/wp-json\/wp\/v2\/media\/1724"}],"wp:attachment":[{"href":"https:\/\/originhobbies.com\/da\/wp-json\/wp\/v2\/media?parent=1202"}],"wp:term":[{"taxonomy":"product_brand","embeddable":true,"href":"https:\/\/originhobbies.com\/da\/wp-json\/wp\/v2\/product_brand?post=1202"},{"taxonomy":"product_cat","embeddable":true,"href":"https:\/\/originhobbies.com\/da\/wp-json\/wp\/v2\/product_cat?post=1202"},{"taxonomy":"product_tag","embeddable":true,"href":"https:\/\/originhobbies.com\/da\/wp-json\/wp\/v2\/product_tag?post=1202"}],"curies":[{"name":"wp","href":"https:\/\/api.w.org\/{rel}","templated":true}]}}