{"id":11356,"date":"2024-05-15T20:53:26","date_gmt":"2024-05-15T18:53:26","guid":{"rendered":"http:\/\/originhobbies.com\/shop\/uncategorized\/oshm7025-omp-m7-swashplate-assembly\/"},"modified":"2026-04-28T15:53:13","modified_gmt":"2026-04-28T13:53:13","slug":"oshm7025-omp-m7-swashplate-assembly","status":"publish","type":"product","link":"https:\/\/originhobbies.com\/da\/shop\/helicopter-parts\/omphobby-spare-parts\/omphobby-m7-spare-parts\/oshm7025-omp-m7-swashplate-assembly\/","title":{"rendered":"OSHM7025 OMP M7 Swashplate Assembly"},"content":{"rendered":"<p>Swashplate Assembly for OMPHobby M7 Helicopter, OSHM7025<\/p>\n<h4>Inkluderer<\/h4>\n<p>Swashplate Outer Ring (\u00d71) (7-065)<br \/>\nSwashplate Inner Ring (\u00d71) (7-066)<br \/>\nSwashplate Hub (\u00d71) (7-067)<br \/>\nSpherical Bearing Retention Plate (\u00d71) (7-061)<br \/>\nSpherical Bearing Races (\u00d72) (7-086)<br \/>\nSpherical Bearing (\u00d71) (7-076)<br \/>\nButton Head Screw M2.5&#215;10 (\u00d74) (7-148)<br \/>\nBall Joint Screw M3x\u03a66&#215;4.6 (\u00d76) (7-144)<br \/>\nGuidance Ball Joint Screw (\u00d71) (7-160)<br \/>\nHex Screw M2x5 (\u00d73) (7-120)<br \/>\nWasher \u03a62x\u03a65&#215;0.5 (\u00d73) (7-181)<br \/>\nDual-Row Bearing \u03a630x\u03a642&#215;10 (\u00d71) (7-178)<\/p>","protected":false},"excerpt":{"rendered":"<p>Swashplate Assembly for OMPHobby M7 Helicopter, OSHM7025 Includes Swashplate Outer Ring (\u00d71) (7-065) Swashplate Inner Ring (\u00d71) (7-066) Swashplate Hub (\u00d71) (7-067) Spherical Bearing Retention Plate (\u00d71) (7-061) Spherical Bearing Races (\u00d72) (7-086) Spherical Bearing (\u00d71) (7-076) Button Head Screw M2.5&#215;10 (\u00d74) (7-148) Ball Joint Screw M3x\u03a66&#215;4.6 (\u00d76) (7-144) Guidance Ball Joint Screw (\u00d71) (7-160) [&hellip;]<\/p>\n","protected":false},"featured_media":11355,"comment_status":"open","ping_status":"closed","template":"","meta":{"_eb_attr":""},"product_brand":[],"product_cat":[278],"product_tag":[],"class_list":["post-11356","product","type-product","status-publish","has-post-thumbnail","product_cat-omphobby-m7-spare-parts","first","instock","taxable","shipping-taxable","purchasable","product-type-simple"],"jetpack_sharing_enabled":true,"_links":{"self":[{"href":"https:\/\/originhobbies.com\/da\/wp-json\/wp\/v2\/product\/11356","targetHints":{"allow":["GET"]}}],"collection":[{"href":"https:\/\/originhobbies.com\/da\/wp-json\/wp\/v2\/product"}],"about":[{"href":"https:\/\/originhobbies.com\/da\/wp-json\/wp\/v2\/types\/product"}],"replies":[{"embeddable":true,"href":"https:\/\/originhobbies.com\/da\/wp-json\/wp\/v2\/comments?post=11356"}],"wp:featuredmedia":[{"embeddable":true,"href":"https:\/\/originhobbies.com\/da\/wp-json\/wp\/v2\/media\/11355"}],"wp:attachment":[{"href":"https:\/\/originhobbies.com\/da\/wp-json\/wp\/v2\/media?parent=11356"}],"wp:term":[{"taxonomy":"product_brand","embeddable":true,"href":"https:\/\/originhobbies.com\/da\/wp-json\/wp\/v2\/product_brand?post=11356"},{"taxonomy":"product_cat","embeddable":true,"href":"https:\/\/originhobbies.com\/da\/wp-json\/wp\/v2\/product_cat?post=11356"},{"taxonomy":"product_tag","embeddable":true,"href":"https:\/\/originhobbies.com\/da\/wp-json\/wp\/v2\/product_tag?post=11356"}],"curies":[{"name":"wp","href":"https:\/\/api.w.org\/{rel}","templated":true}]}}