{"id":1025,"date":"2021-08-21T16:58:33","date_gmt":"2021-08-21T14:58:33","guid":{"rendered":"http:\/\/originhobbies.com\/?post_type=product&#038;p=1025"},"modified":"2026-04-06T01:06:57","modified_gmt":"2026-04-05T23:06:57","slug":"kst-ds215mg-v3-micro-digital-metal-gear-servo","status":"publish","type":"product","link":"https:\/\/originhobbies.com\/da\/shop\/radio-control\/servos\/kst-ds215mg-v3-micro-digital-metal-gear-servo\/","title":{"rendered":"KST DS215MG V3 Micro Digital Metal Gear Servo"},"content":{"rendered":"<p>KST DS215MG V3 Micro Digital Metal Gear Servo, er ideel til cyklisk og halebrug. Leder du efter hastighed i en mikropakke? KST DS215MG er lynhurtig, h\u00f8jsp\u00e6ndingskompatibel og leveres i en smuk aluminiumskasse. Str\u00f8m kommer via en kernel\u00f8s motor, der k\u00f8rer p\u00e5 silkebl\u00f8de lejer med alle metalgear. For den ultimative hastighed og n\u00f8jagtighed skal du henvende dig til DS215MG for dine kr\u00e6vende behov.<\/p>\n<p><strong>Discontinued:<\/strong> Now replaced with updaded <a href=\"https:\/\/originhobbies.com\/da\/shop\/radio-control\/servos\/kst-ds215mg-v8-micro-digital-metal-gear-servo\/\">KST DS215MG V8.<\/a><\/p>\n<h4>Kompatible helikoptere<\/h4>\n<p>Swash servo til: Oxy 3, Oxy 4, MSH PROTOS 380, Goblin 280, Goblin 380, Goblin 420, Align TREX 450, T-REX 470, Gaui X3<\/p>\n<h4>V3.0<\/h4>\n<p>Efterh\u00e5nden som tiden er g\u00e5et, har KST foretaget yderligere udvikling p\u00e5 tandhjulet p\u00e5 215 -servoen og \u00e6ndret servo -gearmaterialet, der bruges til rustfrit st\u00e5l, fra aluminium. Det betyder, at metalgearet vil v\u00e6re meget mere holdbart end tidligere versioner, hvilket forbedrer holdbarheden kraftigt.<\/p>\n<h4>Funktioner:<\/h4>\n<ul>\n<li>Aluminiumshus i mikrost\u00f8rrelse<\/li>\n<li>Fuld metal gear<\/li>\n<li>Dobbelt kuglelejer<\/li>\n<li>HV -kompatibel<\/li>\n<li>Lynhurtigt<\/li>\n<li>Kernel\u00f8s motor<\/li>\n<\/ul>\n<h4>Specifikationer:<\/h4>\n<p><strong>Driftssp\u00e6nding: <\/strong>6-7,4V<br \/>\n<strong>St\u00f8rrelse: <\/strong>23x12x27,5 mm<br \/>\n<strong>Moment:<\/strong> 3,10 kg.cm @ 6,0V; 3,70 kg.cm @ 7,4V<br \/>\n<strong>Hastighed:<\/strong> 0,06 sek\/60 \u00b0 @ 6,0V; 0,05 sek\/60 \u00b0 @ 7,4V<br \/>\n<strong>V\u00e6gt: <\/strong>20 g<br \/>\n<strong>Arbejdsfrekvens:<\/strong> 1520us\/333Hz, 800us - 2200us<br \/>\n<strong>Motor: <\/strong>Kernel\u00f8s<br \/>\n<strong>Kugleleje:<\/strong> 2BB<\/p>\n<h4>Datablad:<\/h4>\n<p><a href=\"https:\/\/originhobbies.com\/wp-content\/uploads\/2021\/08\/DS215MG-V3.0-Datasheet.pdf\" target=\"_blank\" rel=\"noopener\">Download datablad.<\/a><\/p>","protected":false},"excerpt":{"rendered":"<p>KST DS215MG V3 Micro Digital Metal Gear Servo, is ideal for Cyclic and Tail use. Looking for speed in a micro package? The KST DS215MG is lightning fast, high voltage compatible and comes in a beautiful aluminum case. Power comes via a coreless motor, running on silky smooth bearings with all metal gears. For the [&hellip;]<\/p>\n","protected":false},"featured_media":1029,"comment_status":"open","ping_status":"closed","template":"","meta":{"_eb_attr":""},"product_brand":[],"product_cat":[66],"product_tag":[],"class_list":{"0":"post-1025","1":"product","2":"type-product","3":"status-publish","4":"has-post-thumbnail","6":"product_cat-servos","8":"first","9":"discontinued","10":"taxable","11":"shipping-taxable","12":"product-type-simple"},"jetpack_sharing_enabled":true,"_links":{"self":[{"href":"https:\/\/originhobbies.com\/da\/wp-json\/wp\/v2\/product\/1025","targetHints":{"allow":["GET"]}}],"collection":[{"href":"https:\/\/originhobbies.com\/da\/wp-json\/wp\/v2\/product"}],"about":[{"href":"https:\/\/originhobbies.com\/da\/wp-json\/wp\/v2\/types\/product"}],"replies":[{"embeddable":true,"href":"https:\/\/originhobbies.com\/da\/wp-json\/wp\/v2\/comments?post=1025"}],"wp:featuredmedia":[{"embeddable":true,"href":"https:\/\/originhobbies.com\/da\/wp-json\/wp\/v2\/media\/1029"}],"wp:attachment":[{"href":"https:\/\/originhobbies.com\/da\/wp-json\/wp\/v2\/media?parent=1025"}],"wp:term":[{"taxonomy":"product_brand","embeddable":true,"href":"https:\/\/originhobbies.com\/da\/wp-json\/wp\/v2\/product_brand?post=1025"},{"taxonomy":"product_cat","embeddable":true,"href":"https:\/\/originhobbies.com\/da\/wp-json\/wp\/v2\/product_cat?post=1025"},{"taxonomy":"product_tag","embeddable":true,"href":"https:\/\/originhobbies.com\/da\/wp-json\/wp\/v2\/product_tag?post=1025"}],"curies":[{"name":"wp","href":"https:\/\/api.w.org\/{rel}","templated":true}]}}